{"id":3740,"date":"2026-04-06T17:22:04","date_gmt":"2026-04-06T09:22:04","guid":{"rendered":"https:\/\/www.chinaframe.com\/?post_type=product&#038;p=3740"},"modified":"2026-04-13T08:37:45","modified_gmt":"2026-04-13T00:37:45","slug":"co-extrusion-wall-cladding-wp21901","status":"publish","type":"product","link":"https:\/\/www.chinaframe.com\/es\/product\/co-extrusion-wall-cladding-wp21901\/","title":{"rendered":"COEXTRUSI\u00d3N revestimiento de pared WP21901"},"content":{"rendered":"<p><img fetchpriority=\"high\" decoding=\"async\" class=\"aligncenter size-full wp-image-3743\" src=\"https:\/\/www.chinaframe.com\/wp-content\/uploads\/2026\/04\/\u4e8c\u4ee3\u5899\u677f.jpg\" alt=\"\" width=\"642\" height=\"643\" srcset=\"https:\/\/www.chinaframe.com\/wp-content\/uploads\/2026\/04\/\u4e8c\u4ee3\u5899\u677f.jpg 642w, https:\/\/www.chinaframe.com\/wp-content\/uploads\/2026\/04\/\u4e8c\u4ee3\u5899\u677f-300x300.jpg 300w, https:\/\/www.chinaframe.com\/wp-content\/uploads\/2026\/04\/\u4e8c\u4ee3\u5899\u677f-150x150.jpg 150w, https:\/\/www.chinaframe.com\/wp-content\/uploads\/2026\/04\/\u4e8c\u4ee3\u5899\u677f-12x12.jpg 12w, https:\/\/www.chinaframe.com\/wp-content\/uploads\/2026\/04\/\u4e8c\u4ee3\u5899\u677f-600x601.jpg 600w, https:\/\/www.chinaframe.com\/wp-content\/uploads\/2026\/04\/\u4e8c\u4ee3\u5899\u677f-100x100.jpg 100w\" sizes=\"(max-width: 642px) 100vw, 642px\" \/> <img decoding=\"async\" class=\"aligncenter size-full wp-image-3735\" src=\"https:\/\/www.chinaframe.com\/wp-content\/uploads\/2026\/04\/45234.jpg\" alt=\"\" width=\"1389\" height=\"721\" srcset=\"https:\/\/www.chinaframe.com\/wp-content\/uploads\/2026\/04\/45234.jpg 1389w, https:\/\/www.chinaframe.com\/wp-content\/uploads\/2026\/04\/45234-300x156.jpg 300w, https:\/\/www.chinaframe.com\/wp-content\/uploads\/2026\/04\/45234-1024x532.jpg 1024w, https:\/\/www.chinaframe.com\/wp-content\/uploads\/2026\/04\/45234-768x399.jpg 768w, https:\/\/www.chinaframe.com\/wp-content\/uploads\/2026\/04\/45234-18x9.jpg 18w, https:\/\/www.chinaframe.com\/wp-content\/uploads\/2026\/04\/45234-600x311.jpg 600w\" sizes=\"(max-width: 1389px) 100vw, 1389px\" \/> <img decoding=\"async\" class=\"aligncenter size-full wp-image-3756\" src=\"https:\/\/www.chinaframe.com\/wp-content\/uploads\/2026\/04\/45242.jpg\" alt=\"\" width=\"1260\" height=\"655\" srcset=\"https:\/\/www.chinaframe.com\/wp-content\/uploads\/2026\/04\/45242.jpg 1260w, https:\/\/www.chinaframe.com\/wp-content\/uploads\/2026\/04\/45242-300x156.jpg 300w, https:\/\/www.chinaframe.com\/wp-content\/uploads\/2026\/04\/45242-1024x532.jpg 1024w, https:\/\/www.chinaframe.com\/wp-content\/uploads\/2026\/04\/45242-768x399.jpg 768w, https:\/\/www.chinaframe.com\/wp-content\/uploads\/2026\/04\/45242-18x9.jpg 18w, https:\/\/www.chinaframe.com\/wp-content\/uploads\/2026\/04\/45242-600x312.jpg 600w\" sizes=\"(max-width: 1260px) 100vw, 1260px\" \/> <img loading=\"lazy\" decoding=\"async\" class=\"aligncenter size-full wp-image-3757\" src=\"https:\/\/www.chinaframe.com\/wp-content\/uploads\/2026\/04\/785787.jpg\" alt=\"\" width=\"855\" height=\"446\" srcset=\"https:\/\/www.chinaframe.com\/wp-content\/uploads\/2026\/04\/785787.jpg 855w, https:\/\/www.chinaframe.com\/wp-content\/uploads\/2026\/04\/785787-300x156.jpg 300w, https:\/\/www.chinaframe.com\/wp-content\/uploads\/2026\/04\/785787-768x401.jpg 768w, https:\/\/www.chinaframe.com\/wp-content\/uploads\/2026\/04\/785787-18x9.jpg 18w, https:\/\/www.chinaframe.com\/wp-content\/uploads\/2026\/04\/785787-600x313.jpg 600w\" sizes=\"(max-width: 855px) 100vw, 855px\" \/><\/p>","protected":false},"excerpt":{"rendered":"<div class=\"qk-md-paragraph\"><span class=\"qk-md-text complete\" data-spm-anchor-id=\"5176.28103460.0.i4.419775510jtEBm\">Con una sofisticada textura de grano de madera y un dise\u00f1o de n\u00facleo hueco optimizado, este revestimiento de pared de polietileno (PE) de madera pl\u00e1stica compuesta (WPC) de primera calidad est\u00e1 dise\u00f1ado para resistir los elementos al mismo tiempo que ofrece una belleza excepcional. Con su aspecto de madera realista y su construcci\u00f3n robusta, ofrece una soluci\u00f3n de bajo mantenimiento y duradera perfecta para paredes exteriores, cercas o caracter\u00edsticas decorativas.<\/span><\/div>\n<div class=\"qk-md-paragraph\"><span class=\"qk-md-text complete\">Ideal para mejorar la fachada de su hogar, edificios comerciales o estructuras al aire libre, nuestro revestimiento de WPC coextrudido proporciona un acabado elegante y sofisticado que resiste el desvanecimiento, la humedad y el desgaste.<\/span><\/div>\n<div class=\"qk-md-paragraph\"><strong class=\"qk-md-strong complete\"><span class=\"qk-md-text complete\">Caracter\u00edsticas clave:<\/span><\/strong><\/div>\n<ul class=\"qk-md-ul\">\n<li class=\"qk-md-li complete\"><strong class=\"qk-md-strong complete\"><span class=\"qk-md-text complete\">Sostenible y Ecol\u00f3gico:<\/span><\/strong><span class=\"qk-md-text complete\">\u00a0Hecho a partir de un compuesto de fibras de madera y pl\u00e1sticos reciclados, lo que lo convierte en una elecci\u00f3n ecol\u00f3gica para los consumidores conscientes.<\/span><\/li>\n<li class=\"qk-md-li complete\"><strong class=\"qk-md-strong complete\"><span class=\"qk-md-text complete\">Bajo mantenimiento:<\/span><\/strong><span class=\"qk-md-text complete\">\u00a0A diferencia de la madera real, es resistente a la humedad, las termitas y la podreducci\u00f3n, lo que requiere un mantenimiento m\u00ednimo.<\/span><\/li>\n<li class=\"qk-md-li complete\"><strong class=\"qk-md-strong complete\"><span class=\"qk-md-text complete\">Instalaci\u00f3n f\u00e1cil:<\/span><\/strong><span class=\"qk-md-text complete\">\u00a0Su dise\u00f1o de bloqueo permite una instalaci\u00f3n r\u00e1pida y f\u00e1cil de bricolaje, ahorrando tiempo y costos de mano de obra.<\/span><\/li>\n<li class=\"qk-md-li complete\"><strong class=\"qk-md-strong complete\"><span class=\"qk-md-text complete\">Durable y Larga duraci\u00f3n:<\/span><\/strong><span class=\"qk-md-text complete\">\u00a0Dise\u00f1ado para soportar diversas condiciones clim\u00e1ticas y uso pesado, garantizando una larga vida \u00fatil.<\/span><\/li>\n<li class=\"qk-md-li complete\"><strong class=\"qk-md-strong complete\"><span class=\"qk-md-text complete\">Dise\u00f1o vers\u00e1til:<\/span><\/strong><span class=\"qk-md-text complete\">\u00a0Disponible en una variedad de estilos y colores para complementar cualquier tema de decoraci\u00f3n.<\/span><\/li>\n<\/ul>\n<div class=\"qk-md-paragraph\"><strong class=\"qk-md-strong complete\"><span class=\"qk-md-text complete\">Especificaciones t\u00e9cnicas:<\/span><\/strong><\/div>\n<ul class=\"qk-md-ul\">\n<li class=\"qk-md-li complete\"><strong class=\"qk-md-strong complete\"><span class=\"qk-md-text complete\">Material:<\/span><\/strong><span class=\"qk-md-text complete\">\u00a0Polietileno (PE) Madera Pl\u00e1stica Compuesta (WPC) con Tecnolog\u00eda de Co-Extrusi\u00f3n<\/span><\/li>\n<li class=\"qk-md-li complete\"><strong class=\"qk-md-strong complete\"><span class=\"qk-md-text complete\">Perfil:<\/span><\/strong><span class=\"qk-md-text complete\">\u00a0N\u00facleo hueco con grano de madera<\/span><\/li>\n<li class=\"qk-md-li complete\"><strong class=\"qk-md-strong complete\"><span class=\"qk-md-text complete\">Espesor:<\/span><\/strong><span class=\"qk-md-text complete\">\u00a026 mm<\/span><\/li>\n<li class=\"qk-md-li complete\"><strong class=\"qk-md-strong complete\"><span class=\"qk-md-text complete\">Anchura:<\/span><\/strong><span class=\"qk-md-text complete\">\u00a0219 mm<\/span><\/li>\n<\/ul>\n<div class=\"qk-md-paragraph\"><span class=\"qk-md-text complete\">Mejore su espacio exterior con la belleza atemporal y la practicidad de nuestro revestimiento de pared PE WPC co-extruido.<\/span><\/div>","protected":false},"featured_media":3743,"comment_status":"open","ping_status":"closed","template":"","meta":{"_acf_changed":false},"product_brand":[],"product_cat":[86,93,100],"product_tag":[],"class_list":{"0":"post-3740","1":"product","2":"type-product","3":"status-publish","4":"has-post-thumbnail","6":"product_cat-outdoor","7":"product_cat-wall-cladding","8":"product_cat-wpc","10":"first","11":"instock","12":"shipping-taxable","13":"product-type-simple"},"acf":[],"_links":{"self":[{"href":"https:\/\/www.chinaframe.com\/es\/wp-json\/wp\/v2\/product\/3740","targetHints":{"allow":["GET"]}}],"collection":[{"href":"https:\/\/www.chinaframe.com\/es\/wp-json\/wp\/v2\/product"}],"about":[{"href":"https:\/\/www.chinaframe.com\/es\/wp-json\/wp\/v2\/types\/product"}],"replies":[{"embeddable":true,"href":"https:\/\/www.chinaframe.com\/es\/wp-json\/wp\/v2\/comments?post=3740"}],"wp:featuredmedia":[{"embeddable":true,"href":"https:\/\/www.chinaframe.com\/es\/wp-json\/wp\/v2\/media\/3743"}],"wp:attachment":[{"href":"https:\/\/www.chinaframe.com\/es\/wp-json\/wp\/v2\/media?parent=3740"}],"wp:term":[{"taxonomy":"product_brand","embeddable":true,"href":"https:\/\/www.chinaframe.com\/es\/wp-json\/wp\/v2\/product_brand?post=3740"},{"taxonomy":"product_cat","embeddable":true,"href":"https:\/\/www.chinaframe.com\/es\/wp-json\/wp\/v2\/product_cat?post=3740"},{"taxonomy":"product_tag","embeddable":true,"href":"https:\/\/www.chinaframe.com\/es\/wp-json\/wp\/v2\/product_tag?post=3740"}],"curies":[{"name":"WP","href":"https:\/\/api.w.org\/{rel}","templated":true}]}}