{"id":3739,"date":"2026-04-06T16:52:48","date_gmt":"2026-04-06T08:52:48","guid":{"rendered":"https:\/\/www.chinaframe.com\/?post_type=product&#038;p=3739"},"modified":"2026-04-06T16:59:08","modified_gmt":"2026-04-06T08:59:08","slug":"co-extrusion-outdoor-flooring-wp14003","status":"publish","type":"product","link":"https:\/\/www.chinaframe.com\/es\/product\/co-extrusion-outdoor-flooring-wp14003\/","title":{"rendered":"CO-EXTRUSION suelos exteriores WP14003"},"content":{"rendered":"<p><img fetchpriority=\"high\" decoding=\"async\" class=\"aligncenter size-full wp-image-3730\" src=\"https:\/\/www.chinaframe.com\/wp-content\/uploads\/2026\/04\/123.jpg\" alt=\"\" width=\"1393\" height=\"722\" srcset=\"https:\/\/www.chinaframe.com\/wp-content\/uploads\/2026\/04\/123.jpg 1393w, https:\/\/www.chinaframe.com\/wp-content\/uploads\/2026\/04\/123-300x155.jpg 300w, https:\/\/www.chinaframe.com\/wp-content\/uploads\/2026\/04\/123-1024x531.jpg 1024w, https:\/\/www.chinaframe.com\/wp-content\/uploads\/2026\/04\/123-768x398.jpg 768w, https:\/\/www.chinaframe.com\/wp-content\/uploads\/2026\/04\/123-18x9.jpg 18w, https:\/\/www.chinaframe.com\/wp-content\/uploads\/2026\/04\/123-600x311.jpg 600w\" sizes=\"(max-width: 1393px) 100vw, 1393px\" \/> <img decoding=\"async\" class=\"aligncenter size-full wp-image-3733\" src=\"https:\/\/www.chinaframe.com\/wp-content\/uploads\/2026\/04\/4242.jpg\" alt=\"\" width=\"1392\" height=\"725\" srcset=\"https:\/\/www.chinaframe.com\/wp-content\/uploads\/2026\/04\/4242.jpg 1392w, https:\/\/www.chinaframe.com\/wp-content\/uploads\/2026\/04\/4242-300x156.jpg 300w, https:\/\/www.chinaframe.com\/wp-content\/uploads\/2026\/04\/4242-1024x533.jpg 1024w, https:\/\/www.chinaframe.com\/wp-content\/uploads\/2026\/04\/4242-768x400.jpg 768w, https:\/\/www.chinaframe.com\/wp-content\/uploads\/2026\/04\/4242-18x9.jpg 18w, https:\/\/www.chinaframe.com\/wp-content\/uploads\/2026\/04\/4242-600x313.jpg 600w\" sizes=\"(max-width: 1392px) 100vw, 1392px\" \/> <img decoding=\"async\" class=\"aligncenter size-full wp-image-3732\" src=\"https:\/\/www.chinaframe.com\/wp-content\/uploads\/2026\/04\/4224.jpg\" alt=\"\" width=\"680\" height=\"682\" srcset=\"https:\/\/www.chinaframe.com\/wp-content\/uploads\/2026\/04\/4224.jpg 680w, https:\/\/www.chinaframe.com\/wp-content\/uploads\/2026\/04\/4224-300x300.jpg 300w, https:\/\/www.chinaframe.com\/wp-content\/uploads\/2026\/04\/4224-150x150.jpg 150w, https:\/\/www.chinaframe.com\/wp-content\/uploads\/2026\/04\/4224-12x12.jpg 12w, https:\/\/www.chinaframe.com\/wp-content\/uploads\/2026\/04\/4224-600x602.jpg 600w, https:\/\/www.chinaframe.com\/wp-content\/uploads\/2026\/04\/4224-100x100.jpg 100w\" sizes=\"(max-width: 680px) 100vw, 680px\" \/><img loading=\"lazy\" decoding=\"async\" class=\"aligncenter size-full wp-image-3734\" src=\"https:\/\/www.chinaframe.com\/wp-content\/uploads\/2026\/04\/4536.jpg\" alt=\"\" width=\"1392\" height=\"733\" srcset=\"https:\/\/www.chinaframe.com\/wp-content\/uploads\/2026\/04\/4536.jpg 1392w, https:\/\/www.chinaframe.com\/wp-content\/uploads\/2026\/04\/4536-300x158.jpg 300w, https:\/\/www.chinaframe.com\/wp-content\/uploads\/2026\/04\/4536-1024x539.jpg 1024w, https:\/\/www.chinaframe.com\/wp-content\/uploads\/2026\/04\/4536-768x404.jpg 768w, https:\/\/www.chinaframe.com\/wp-content\/uploads\/2026\/04\/4536-18x9.jpg 18w, https:\/\/www.chinaframe.com\/wp-content\/uploads\/2026\/04\/4536-600x316.jpg 600w\" sizes=\"(max-width: 1392px) 100vw, 1392px\" \/> <img loading=\"lazy\" decoding=\"async\" class=\"aligncenter size-full wp-image-3736\" src=\"https:\/\/www.chinaframe.com\/wp-content\/uploads\/2026\/04\/54345.jpg\" alt=\"\" width=\"1387\" height=\"725\" srcset=\"https:\/\/www.chinaframe.com\/wp-content\/uploads\/2026\/04\/54345.jpg 1387w, https:\/\/www.chinaframe.com\/wp-content\/uploads\/2026\/04\/54345-300x157.jpg 300w, https:\/\/www.chinaframe.com\/wp-content\/uploads\/2026\/04\/54345-1024x535.jpg 1024w, https:\/\/www.chinaframe.com\/wp-content\/uploads\/2026\/04\/54345-768x401.jpg 768w, https:\/\/www.chinaframe.com\/wp-content\/uploads\/2026\/04\/54345-18x9.jpg 18w, https:\/\/www.chinaframe.com\/wp-content\/uploads\/2026\/04\/54345-600x314.jpg 600w\" sizes=\"(max-width: 1387px) 100vw, 1387px\" \/> <img loading=\"lazy\" decoding=\"async\" class=\"aligncenter size-full wp-image-3737\" src=\"https:\/\/www.chinaframe.com\/wp-content\/uploads\/2026\/04\/86785.jpg\" alt=\"\" width=\"1392\" height=\"725\" srcset=\"https:\/\/www.chinaframe.com\/wp-content\/uploads\/2026\/04\/86785.jpg 1392w, https:\/\/www.chinaframe.com\/wp-content\/uploads\/2026\/04\/86785-300x156.jpg 300w, https:\/\/www.chinaframe.com\/wp-content\/uploads\/2026\/04\/86785-1024x533.jpg 1024w, https:\/\/www.chinaframe.com\/wp-content\/uploads\/2026\/04\/86785-768x400.jpg 768w, https:\/\/www.chinaframe.com\/wp-content\/uploads\/2026\/04\/86785-18x9.jpg 18w, https:\/\/www.chinaframe.com\/wp-content\/uploads\/2026\/04\/86785-600x313.jpg 600w\" sizes=\"(max-width: 1392px) 100vw, 1392px\" \/><\/p>","protected":false},"excerpt":{"rendered":"<div class=\"qk-md-paragraph\"><strong class=\"qk-md-strong complete\"><span class=\"qk-md-text complete\" data-spm-anchor-id=\"5176.28103460.0.i32.41977551fXZMDh\">Decking WPC al aire libre co-extruido premium: dise\u00f1o elegante Protecci\u00f3n avanzada<\/span><\/strong><\/div>\n<div class=\"qk-md-paragraph\"><span class=\"qk-md-text complete\">Con una sofisticada textura de grano de madera y una construcci\u00f3n de n\u00facleo s\u00f3lido para una mayor estabilidad, este revestimiento de madera pl\u00e1stica compuesta (WPC) de primera calidad est\u00e1 dise\u00f1ado para resistir los elementos al mismo tiempo que ofrece una belleza excepcional. Con su aspecto de madera realista y su construcci\u00f3n robusta, ofrece una soluci\u00f3n de bajo mantenimiento y duradera perfecta para espacios de vida al aire libre.<\/span><\/div>\n<div class=\"qk-md-paragraph\"><span class=\"qk-md-text complete\">Ideal para crear impresionantes patios, cubiertas de piscinas, balcones o senderos de jard\u00edn, nuestra cubierta de WPC co-extruida proporciona un acabado elegante y sofisticado a cualquier entorno exterior.<\/span><\/div>\n<div class=\"qk-md-paragraph\"><strong class=\"qk-md-strong complete\"><span class=\"qk-md-text complete\">Caracter\u00edsticas clave:<\/span><\/strong><\/div>\n<ul class=\"qk-md-ul\">\n<li class=\"qk-md-li complete\"><strong class=\"qk-md-strong complete\"><span class=\"qk-md-text complete\">Sostenible y Ecol\u00f3gico:<\/span><\/strong><span class=\"qk-md-text complete\">\u00a0Hecho a partir de un compuesto de fibras de madera y pl\u00e1sticos reciclados, lo que lo convierte en una elecci\u00f3n ecol\u00f3gica para los consumidores conscientes.<\/span><\/li>\n<li class=\"qk-md-li complete\"><strong class=\"qk-md-strong complete\"><span class=\"qk-md-text complete\">Bajo mantenimiento:<\/span><\/strong><span class=\"qk-md-text complete\">\u00a0A diferencia de la madera real, es resistente a la humedad, las termitas y la podreducci\u00f3n, lo que requiere un mantenimiento m\u00ednimo.<\/span><\/li>\n<li class=\"qk-md-li complete\"><strong class=\"qk-md-strong complete\"><span class=\"qk-md-text complete\">Instalaci\u00f3n f\u00e1cil:<\/span><\/strong><span class=\"qk-md-text complete\">\u00a0Su dise\u00f1o de bloqueo permite una instalaci\u00f3n r\u00e1pida y f\u00e1cil de bricolaje, ahorrando tiempo y costos de mano de obra.<\/span><\/li>\n<li class=\"qk-md-li complete\"><strong class=\"qk-md-strong complete\"><span class=\"qk-md-text complete\">Durable y Larga duraci\u00f3n:<\/span><\/strong><span class=\"qk-md-text complete\">\u00a0Dise\u00f1ado para soportar diversas condiciones clim\u00e1ticas y uso pesado, garantizando una larga vida \u00fatil.<\/span><\/li>\n<li class=\"qk-md-li complete\"><strong class=\"qk-md-strong complete\"><span class=\"qk-md-text complete\">Dise\u00f1o vers\u00e1til:<\/span><\/strong><span class=\"qk-md-text complete\">\u00a0Disponible en una variedad de estilos y colores para complementar cualquier tema de decoraci\u00f3n.<\/span><\/li>\n<\/ul>\n<div class=\"qk-md-paragraph\"><strong class=\"qk-md-strong complete\"><span class=\"qk-md-text complete\">Especificaciones t\u00e9cnicas:<\/span><\/strong><\/div>\n<ul class=\"qk-md-ul\">\n<li class=\"qk-md-li complete\"><strong class=\"qk-md-strong complete\"><span class=\"qk-md-text complete\">Material:<\/span><\/strong><span class=\"qk-md-text complete\">\u00a0Composito de madera pl\u00e1stico (WPC) con tecnolog\u00eda de coextrusi\u00f3n<\/span><\/li>\n<li class=\"qk-md-li complete\"><strong class=\"qk-md-strong complete\"><span class=\"qk-md-text complete\">Perfil:<\/span><\/strong><span class=\"qk-md-text complete\">\u00a0N\u00facleo s\u00f3lido con grano de madera<\/span><\/li>\n<li class=\"qk-md-li complete\"><strong class=\"qk-md-strong complete\"><span class=\"qk-md-text complete\">Espesor:<\/span><\/strong><span class=\"qk-md-text complete\">\u00a021 mm<\/span><\/li>\n<li class=\"qk-md-li complete\"><strong class=\"qk-md-strong complete\"><span class=\"qk-md-text complete\">Anchura:<\/span><\/strong><span class=\"qk-md-text complete\">\u00a0140mm<\/span><\/li>\n<\/ul>\n<div class=\"qk-md-paragraph\"><span class=\"qk-md-text complete\">Mejore su espacio al aire libre con la belleza atemporal y la practicidad de nuestra cubierta de WPC co-extruida.<\/span><\/div>","protected":false},"featured_media":3732,"comment_status":"open","ping_status":"closed","template":"","meta":{"_acf_changed":false},"product_brand":[],"product_cat":[86,100,92],"product_tag":[],"class_list":{"0":"post-3739","1":"product","2":"type-product","3":"status-publish","4":"has-post-thumbnail","6":"product_cat-outdoor","7":"product_cat-wpc","8":"product_cat-wpc-decking","10":"first","11":"instock","12":"shipping-taxable","13":"product-type-simple"},"acf":[],"_links":{"self":[{"href":"https:\/\/www.chinaframe.com\/es\/wp-json\/wp\/v2\/product\/3739","targetHints":{"allow":["GET"]}}],"collection":[{"href":"https:\/\/www.chinaframe.com\/es\/wp-json\/wp\/v2\/product"}],"about":[{"href":"https:\/\/www.chinaframe.com\/es\/wp-json\/wp\/v2\/types\/product"}],"replies":[{"embeddable":true,"href":"https:\/\/www.chinaframe.com\/es\/wp-json\/wp\/v2\/comments?post=3739"}],"wp:featuredmedia":[{"embeddable":true,"href":"https:\/\/www.chinaframe.com\/es\/wp-json\/wp\/v2\/media\/3732"}],"wp:attachment":[{"href":"https:\/\/www.chinaframe.com\/es\/wp-json\/wp\/v2\/media?parent=3739"}],"wp:term":[{"taxonomy":"product_brand","embeddable":true,"href":"https:\/\/www.chinaframe.com\/es\/wp-json\/wp\/v2\/product_brand?post=3739"},{"taxonomy":"product_cat","embeddable":true,"href":"https:\/\/www.chinaframe.com\/es\/wp-json\/wp\/v2\/product_cat?post=3739"},{"taxonomy":"product_tag","embeddable":true,"href":"https:\/\/www.chinaframe.com\/es\/wp-json\/wp\/v2\/product_tag?post=3739"}],"curies":[{"name":"WP","href":"https:\/\/api.w.org\/{rel}","templated":true}]}}