{"id":3716,"date":"2026-04-06T15:53:57","date_gmt":"2026-04-06T07:53:57","guid":{"rendered":"https:\/\/www.chinaframe.com\/?post_type=product&#038;p=3716"},"modified":"2026-04-06T16:52:22","modified_gmt":"2026-04-06T08:52:22","slug":"outdoor-flooring-wp14001","status":"publish","type":"product","link":"https:\/\/www.chinaframe.com\/es\/product\/outdoor-flooring-wp14001\/","title":{"rendered":"suelos al aire libre WP14001"},"content":{"rendered":"<p><img fetchpriority=\"high\" decoding=\"async\" class=\"aligncenter size-full wp-image-3721\" src=\"https:\/\/www.chinaframe.com\/wp-content\/uploads\/2026\/04\/1-1.jpg\" alt=\"\" width=\"1369\" height=\"716\" srcset=\"https:\/\/www.chinaframe.com\/wp-content\/uploads\/2026\/04\/1-1.jpg 1369w, https:\/\/www.chinaframe.com\/wp-content\/uploads\/2026\/04\/1-1-300x157.jpg 300w, https:\/\/www.chinaframe.com\/wp-content\/uploads\/2026\/04\/1-1-1024x536.jpg 1024w, https:\/\/www.chinaframe.com\/wp-content\/uploads\/2026\/04\/1-1-768x402.jpg 768w, https:\/\/www.chinaframe.com\/wp-content\/uploads\/2026\/04\/1-1-18x9.jpg 18w, https:\/\/www.chinaframe.com\/wp-content\/uploads\/2026\/04\/1-1-600x314.jpg 600w\" sizes=\"(max-width: 1369px) 100vw, 1369px\" \/> <img decoding=\"async\" class=\"aligncenter size-full wp-image-3717\" src=\"https:\/\/www.chinaframe.com\/wp-content\/uploads\/2026\/04\/1.jpg\" alt=\"\" width=\"619\" height=\"619\" srcset=\"https:\/\/www.chinaframe.com\/wp-content\/uploads\/2026\/04\/1.jpg 619w, https:\/\/www.chinaframe.com\/wp-content\/uploads\/2026\/04\/1-300x300.jpg 300w, https:\/\/www.chinaframe.com\/wp-content\/uploads\/2026\/04\/1-150x150.jpg 150w, https:\/\/www.chinaframe.com\/wp-content\/uploads\/2026\/04\/1-12x12.jpg 12w, https:\/\/www.chinaframe.com\/wp-content\/uploads\/2026\/04\/1-600x600.jpg 600w, https:\/\/www.chinaframe.com\/wp-content\/uploads\/2026\/04\/1-100x100.jpg 100w\" sizes=\"(max-width: 619px) 100vw, 619px\" \/> <img decoding=\"async\" class=\"aligncenter size-full wp-image-3720\" src=\"https:\/\/www.chinaframe.com\/wp-content\/uploads\/2026\/04\/\u8272\u53610.jpg\" alt=\"\" width=\"1377\" height=\"723\" srcset=\"https:\/\/www.chinaframe.com\/wp-content\/uploads\/2026\/04\/\u8272\u53610.jpg 1377w, https:\/\/www.chinaframe.com\/wp-content\/uploads\/2026\/04\/\u8272\u53610-300x158.jpg 300w, https:\/\/www.chinaframe.com\/wp-content\/uploads\/2026\/04\/\u8272\u53610-1024x538.jpg 1024w, https:\/\/www.chinaframe.com\/wp-content\/uploads\/2026\/04\/\u8272\u53610-768x403.jpg 768w, https:\/\/www.chinaframe.com\/wp-content\/uploads\/2026\/04\/\u8272\u53610-18x9.jpg 18w, https:\/\/www.chinaframe.com\/wp-content\/uploads\/2026\/04\/\u8272\u53610-600x315.jpg 600w\" sizes=\"(max-width: 1377px) 100vw, 1377px\" \/> <img loading=\"lazy\" decoding=\"async\" class=\"aligncenter size-full wp-image-3724\" src=\"https:\/\/www.chinaframe.com\/wp-content\/uploads\/2026\/04\/\u7eb9\u7406.jpg\" alt=\"\" width=\"1386\" height=\"727\" srcset=\"https:\/\/www.chinaframe.com\/wp-content\/uploads\/2026\/04\/\u7eb9\u7406.jpg 1386w, https:\/\/www.chinaframe.com\/wp-content\/uploads\/2026\/04\/\u7eb9\u7406-300x157.jpg 300w, https:\/\/www.chinaframe.com\/wp-content\/uploads\/2026\/04\/\u7eb9\u7406-1024x537.jpg 1024w, https:\/\/www.chinaframe.com\/wp-content\/uploads\/2026\/04\/\u7eb9\u7406-768x403.jpg 768w, https:\/\/www.chinaframe.com\/wp-content\/uploads\/2026\/04\/\u7eb9\u7406-18x9.jpg 18w, https:\/\/www.chinaframe.com\/wp-content\/uploads\/2026\/04\/\u7eb9\u7406-600x315.jpg 600w\" sizes=\"(max-width: 1386px) 100vw, 1386px\" \/><\/p>","protected":false},"excerpt":{"rendered":"<p>Con una rica textura de grano de madera y un dise\u00f1o de n\u00facleo hueco para un drenaje mejorado, este revestimiento de madera pl\u00e1stica compuesta (WPC) de primera calidad est\u00e1 dise\u00f1ado para resistir los elementos y ofrecer una belleza excepcional. Con su aspecto de madera realista y su construcci\u00f3n robusta, ofrece una soluci\u00f3n de bajo mantenimiento y duradera perfecta para espacios de vida al aire libre. Ideal para crear impresionantes patios, cubiertas de piscina, balcones o senderos de jard\u00edn, nuestra cubierta de WPC proporciona un acabado elegante y sofisticado a cualquier entorno exterior. Caracter\u00edsticas clave: Sostenible &amp; Ecol\u00f3gico: Hecho de un compuesto de fibras de madera y pl\u00e1sticos reciclados, lo que lo convierte en una opci\u00f3n ecol\u00f3gica para los consumidores conscientes. Bajo mantenimiento: A diferencia de la madera real, es resistente a la humedad, las termitas y la pudrici\u00f3n, lo que requiere un mantenimiento m\u00ednimo. Instalaci\u00f3n f\u00e1cil: Su dise\u00f1o de bloqueo permite una instalaci\u00f3n r\u00e1pida y f\u00e1cil de bricolaje, ahorrando tiempo y costos de mano de obra. Durable y Larga duraci\u00f3n: Dise\u00f1ado para soportar diversas condiciones clim\u00e1ticas y uso pesado, garantizando una larga vida \u00fatil. Dise\u00f1o vers\u00e1til: Disponible en una variedad de estilos y colores para complementar cualquier tema de decoraci\u00f3n. Especificaciones t\u00e9cnicas: Material: Composito de madera pl\u00e1stico (WPC) Perfil: N\u00facleo hueco con grosor de grano de madera: 23mm Ancho: 140mm Actualice su espacio al aire libre con la belleza atemporal y la practicidad de nuestra cubierta de WPC.<\/p>","protected":false},"featured_media":3717,"comment_status":"open","ping_status":"closed","template":"","meta":{"_acf_changed":false},"product_brand":[],"product_cat":[86,100,92],"product_tag":[],"class_list":{"0":"post-3716","1":"product","2":"type-product","3":"status-publish","4":"has-post-thumbnail","6":"product_cat-outdoor","7":"product_cat-wpc","8":"product_cat-wpc-decking","10":"first","11":"instock","12":"shipping-taxable","13":"product-type-simple"},"acf":[],"_links":{"self":[{"href":"https:\/\/www.chinaframe.com\/es\/wp-json\/wp\/v2\/product\/3716","targetHints":{"allow":["GET"]}}],"collection":[{"href":"https:\/\/www.chinaframe.com\/es\/wp-json\/wp\/v2\/product"}],"about":[{"href":"https:\/\/www.chinaframe.com\/es\/wp-json\/wp\/v2\/types\/product"}],"replies":[{"embeddable":true,"href":"https:\/\/www.chinaframe.com\/es\/wp-json\/wp\/v2\/comments?post=3716"}],"wp:featuredmedia":[{"embeddable":true,"href":"https:\/\/www.chinaframe.com\/es\/wp-json\/wp\/v2\/media\/3717"}],"wp:attachment":[{"href":"https:\/\/www.chinaframe.com\/es\/wp-json\/wp\/v2\/media?parent=3716"}],"wp:term":[{"taxonomy":"product_brand","embeddable":true,"href":"https:\/\/www.chinaframe.com\/es\/wp-json\/wp\/v2\/product_brand?post=3716"},{"taxonomy":"product_cat","embeddable":true,"href":"https:\/\/www.chinaframe.com\/es\/wp-json\/wp\/v2\/product_cat?post=3716"},{"taxonomy":"product_tag","embeddable":true,"href":"https:\/\/www.chinaframe.com\/es\/wp-json\/wp\/v2\/product_tag?post=3716"}],"curies":[{"name":"WP","href":"https:\/\/api.w.org\/{rel}","templated":true}]}}