{"id":3625,"date":"2026-03-28T09:01:51","date_gmt":"2026-03-28T01:01:51","guid":{"rendered":"https:\/\/www.chinaframe.com\/?post_type=product&#038;p=3625"},"modified":"2026-03-28T09:10:30","modified_gmt":"2026-03-28T01:10:30","slug":"wpc-wall-panel-wp126002-%e5%a4%8d%e5%88%b6","status":"publish","type":"product","link":"https:\/\/www.chinaframe.com\/es\/product\/wpc-wall-panel-wp126002-%e5%a4%8d%e5%88%b6\/","title":{"rendered":"WPC PANEL DE PARED WP150001"},"content":{"rendered":"<p><img fetchpriority=\"high\" decoding=\"async\" class=\"aligncenter size-full wp-image-3626\" src=\"https:\/\/www.chinaframe.com\/wp-content\/uploads\/2026\/03\/1-1.jpg\" alt=\"\" width=\"1088\" height=\"574\" srcset=\"https:\/\/www.chinaframe.com\/wp-content\/uploads\/2026\/03\/1-1.jpg 1088w, https:\/\/www.chinaframe.com\/wp-content\/uploads\/2026\/03\/1-1-300x158.jpg 300w, https:\/\/www.chinaframe.com\/wp-content\/uploads\/2026\/03\/1-1-1024x540.jpg 1024w, https:\/\/www.chinaframe.com\/wp-content\/uploads\/2026\/03\/1-1-768x405.jpg 768w, https:\/\/www.chinaframe.com\/wp-content\/uploads\/2026\/03\/1-1-18x9.jpg 18w, https:\/\/www.chinaframe.com\/wp-content\/uploads\/2026\/03\/1-1-600x317.jpg 600w\" sizes=\"(max-width: 1088px) 100vw, 1088px\" \/> <img decoding=\"async\" class=\"aligncenter size-full wp-image-3627\" src=\"https:\/\/www.chinaframe.com\/wp-content\/uploads\/2026\/03\/2-1.jpg\" alt=\"\" width=\"755\" height=\"147\" srcset=\"https:\/\/www.chinaframe.com\/wp-content\/uploads\/2026\/03\/2-1.jpg 755w, https:\/\/www.chinaframe.com\/wp-content\/uploads\/2026\/03\/2-1-300x58.jpg 300w, https:\/\/www.chinaframe.com\/wp-content\/uploads\/2026\/03\/2-1-18x4.jpg 18w, https:\/\/www.chinaframe.com\/wp-content\/uploads\/2026\/03\/2-1-600x117.jpg 600w\" sizes=\"(max-width: 755px) 100vw, 755px\" \/> <img decoding=\"async\" class=\"aligncenter size-full wp-image-3628\" src=\"https:\/\/www.chinaframe.com\/wp-content\/uploads\/2026\/03\/3-1.jpg\" alt=\"\" width=\"1086\" height=\"573\" srcset=\"https:\/\/www.chinaframe.com\/wp-content\/uploads\/2026\/03\/3-1.jpg 1086w, https:\/\/www.chinaframe.com\/wp-content\/uploads\/2026\/03\/3-1-300x158.jpg 300w, https:\/\/www.chinaframe.com\/wp-content\/uploads\/2026\/03\/3-1-1024x540.jpg 1024w, https:\/\/www.chinaframe.com\/wp-content\/uploads\/2026\/03\/3-1-768x405.jpg 768w, https:\/\/www.chinaframe.com\/wp-content\/uploads\/2026\/03\/3-1-18x9.jpg 18w, https:\/\/www.chinaframe.com\/wp-content\/uploads\/2026\/03\/3-1-600x317.jpg 600w\" sizes=\"(max-width: 1086px) 100vw, 1086px\" \/> <img loading=\"lazy\" decoding=\"async\" class=\"aligncenter size-full wp-image-3629\" src=\"https:\/\/www.chinaframe.com\/wp-content\/uploads\/2026\/03\/4-1.jpg\" alt=\"\" width=\"1084\" height=\"576\" srcset=\"https:\/\/www.chinaframe.com\/wp-content\/uploads\/2026\/03\/4-1.jpg 1084w, https:\/\/www.chinaframe.com\/wp-content\/uploads\/2026\/03\/4-1-300x159.jpg 300w, https:\/\/www.chinaframe.com\/wp-content\/uploads\/2026\/03\/4-1-1024x544.jpg 1024w, https:\/\/www.chinaframe.com\/wp-content\/uploads\/2026\/03\/4-1-768x408.jpg 768w, https:\/\/www.chinaframe.com\/wp-content\/uploads\/2026\/03\/4-1-18x10.jpg 18w, https:\/\/www.chinaframe.com\/wp-content\/uploads\/2026\/03\/4-1-600x319.jpg 600w\" sizes=\"(max-width: 1084px) 100vw, 1084px\" \/> <img loading=\"lazy\" decoding=\"async\" class=\"aligncenter size-full wp-image-3630\" src=\"https:\/\/www.chinaframe.com\/wp-content\/uploads\/2026\/03\/5-1.jpg\" alt=\"\" width=\"1086\" height=\"574\" srcset=\"https:\/\/www.chinaframe.com\/wp-content\/uploads\/2026\/03\/5-1.jpg 1086w, https:\/\/www.chinaframe.com\/wp-content\/uploads\/2026\/03\/5-1-300x159.jpg 300w, https:\/\/www.chinaframe.com\/wp-content\/uploads\/2026\/03\/5-1-1024x541.jpg 1024w, https:\/\/www.chinaframe.com\/wp-content\/uploads\/2026\/03\/5-1-768x406.jpg 768w, https:\/\/www.chinaframe.com\/wp-content\/uploads\/2026\/03\/5-1-18x10.jpg 18w, https:\/\/www.chinaframe.com\/wp-content\/uploads\/2026\/03\/5-1-600x317.jpg 600w\" sizes=\"(max-width: 1086px) 100vw, 1086px\" \/><\/p>","protected":false},"excerpt":{"rendered":"<div class=\"qk-md-paragraph\">Con un perfil arqueado y acanalado distintivo, este panelado de techo de madera pl\u00e1stica compuesta (WPC) de primera calidad crea un efecto visual r\u00edtmico y ondulado que agrega profundidad y sofisticaci\u00f3n a cualquier espacio. Con su acabado suave y dise\u00f1o de bloqueo sin costuras, ofrece una est\u00e9tica moderna perfecta tanto para entornos residenciales como comerciales.<br \/>\nIdeales para crear impresionantes techos en salas de estar, dormitorios, oficinas o espacios comerciales como hoteles y restaurantes, nuestros paneles WPC proporcionan un acabado elegante y sofisticado a cualquier interior.<br \/>\nCaracter\u00edsticas clave:<br \/>\nSostenible y Ecol\u00f3gico: Hecho de un compuesto de fibras de madera y pl\u00e1sticos reciclados, lo que lo convierte en una opci\u00f3n ecol\u00f3gica para los consumidores conscientes.<br \/>\nBajo mantenimiento: A diferencia de la madera real, es resistente a la humedad, las termitas y la pudrici\u00f3n, lo que requiere un mantenimiento m\u00ednimo.<br \/>\nInstalaci\u00f3n f\u00e1cil: Su dise\u00f1o de bloqueo permite una instalaci\u00f3n r\u00e1pida y f\u00e1cil de bricolaje, ahorrando tiempo y costos de mano de obra.<br \/>\nDurable y Larga duraci\u00f3n: Dise\u00f1ado para soportar diversas condiciones clim\u00e1ticas y uso pesado, garantizando una larga vida \u00fatil.<br \/>\nDise\u00f1o vers\u00e1til: Disponible en una variedad de estilos y colores para complementar cualquier tema de decoraci\u00f3n.<br \/>\nEspecificaciones t\u00e9cnicas:<br \/>\nMaterial: Madera Pl\u00e1stico Compuesto (WPC)<br \/>\nPerfil: Arqueado\/Fluted<br \/>\nEspesor: 18mm<br \/>\nAncho: 150mm<br \/>\nMejore su espacio con la belleza atemporal y la practicidad de nuestros paneles de techo WPC.<\/div>","protected":false},"featured_media":3631,"comment_status":"open","ping_status":"closed","template":"","meta":{"_acf_changed":false},"product_brand":[],"product_cat":[15,116,100],"product_tag":[],"class_list":{"0":"post-3625","1":"product","2":"type-product","3":"status-publish","4":"has-post-thumbnail","6":"product_cat-wall-panel","7":"product_cat-wpc-wall-panel","8":"product_cat-wpc","10":"first","11":"instock","12":"shipping-taxable","13":"product-type-simple"},"acf":[],"_links":{"self":[{"href":"https:\/\/www.chinaframe.com\/es\/wp-json\/wp\/v2\/product\/3625","targetHints":{"allow":["GET"]}}],"collection":[{"href":"https:\/\/www.chinaframe.com\/es\/wp-json\/wp\/v2\/product"}],"about":[{"href":"https:\/\/www.chinaframe.com\/es\/wp-json\/wp\/v2\/types\/product"}],"replies":[{"embeddable":true,"href":"https:\/\/www.chinaframe.com\/es\/wp-json\/wp\/v2\/comments?post=3625"}],"wp:featuredmedia":[{"embeddable":true,"href":"https:\/\/www.chinaframe.com\/es\/wp-json\/wp\/v2\/media\/3631"}],"wp:attachment":[{"href":"https:\/\/www.chinaframe.com\/es\/wp-json\/wp\/v2\/media?parent=3625"}],"wp:term":[{"taxonomy":"product_brand","embeddable":true,"href":"https:\/\/www.chinaframe.com\/es\/wp-json\/wp\/v2\/product_brand?post=3625"},{"taxonomy":"product_cat","embeddable":true,"href":"https:\/\/www.chinaframe.com\/es\/wp-json\/wp\/v2\/product_cat?post=3625"},{"taxonomy":"product_tag","embeddable":true,"href":"https:\/\/www.chinaframe.com\/es\/wp-json\/wp\/v2\/product_tag?post=3625"}],"curies":[{"name":"WP","href":"https:\/\/api.w.org\/{rel}","templated":true}]}}