{"id":3612,"date":"2026-03-27T08:27:43","date_gmt":"2026-03-27T00:27:43","guid":{"rendered":"https:\/\/www.chinaframe.com\/?post_type=product&#038;p=3612"},"modified":"2026-03-28T08:55:22","modified_gmt":"2026-03-28T00:55:22","slug":"wpc-wall-panel-wp126002","status":"publish","type":"product","link":"https:\/\/www.chinaframe.com\/es\/product\/wpc-wall-panel-wp126002\/","title":{"rendered":"WPC PANEL DE PARED WP126002"},"content":{"rendered":"<p><img fetchpriority=\"high\" decoding=\"async\" class=\"aligncenter size-full wp-image-3623\" src=\"https:\/\/www.chinaframe.com\/wp-content\/uploads\/2026\/03\/changjingtu.jpg\" alt=\"\" width=\"1095\" height=\"823\" srcset=\"https:\/\/www.chinaframe.com\/wp-content\/uploads\/2026\/03\/changjingtu.jpg 1095w, https:\/\/www.chinaframe.com\/wp-content\/uploads\/2026\/03\/changjingtu-300x225.jpg 300w, https:\/\/www.chinaframe.com\/wp-content\/uploads\/2026\/03\/changjingtu-1024x770.jpg 1024w, https:\/\/www.chinaframe.com\/wp-content\/uploads\/2026\/03\/changjingtu-768x577.jpg 768w, https:\/\/www.chinaframe.com\/wp-content\/uploads\/2026\/03\/changjingtu-16x12.jpg 16w, https:\/\/www.chinaframe.com\/wp-content\/uploads\/2026\/03\/changjingtu-600x451.jpg 600w\" sizes=\"(max-width: 1095px) 100vw, 1095px\" \/> <img decoding=\"async\" class=\"aligncenter size-full wp-image-3624\" src=\"https:\/\/www.chinaframe.com\/wp-content\/uploads\/2026\/03\/\u6a2a\u622a\u9762.jpg\" alt=\"\" width=\"906\" height=\"155\" srcset=\"https:\/\/www.chinaframe.com\/wp-content\/uploads\/2026\/03\/\u6a2a\u622a\u9762.jpg 906w, https:\/\/www.chinaframe.com\/wp-content\/uploads\/2026\/03\/\u6a2a\u622a\u9762-300x51.jpg 300w, https:\/\/www.chinaframe.com\/wp-content\/uploads\/2026\/03\/\u6a2a\u622a\u9762-768x131.jpg 768w, https:\/\/www.chinaframe.com\/wp-content\/uploads\/2026\/03\/\u6a2a\u622a\u9762-18x3.jpg 18w, https:\/\/www.chinaframe.com\/wp-content\/uploads\/2026\/03\/\u6a2a\u622a\u9762-600x103.jpg 600w\" sizes=\"(max-width: 906px) 100vw, 906px\" \/> <img decoding=\"async\" class=\"aligncenter size-full wp-image-3622\" src=\"https:\/\/www.chinaframe.com\/wp-content\/uploads\/2026\/03\/9.jpg\" alt=\"\" width=\"343\" height=\"646\" srcset=\"https:\/\/www.chinaframe.com\/wp-content\/uploads\/2026\/03\/9.jpg 343w, https:\/\/www.chinaframe.com\/wp-content\/uploads\/2026\/03\/9-159x300.jpg 159w, https:\/\/www.chinaframe.com\/wp-content\/uploads\/2026\/03\/9-6x12.jpg 6w\" sizes=\"(max-width: 343px) 100vw, 343px\" \/> <img loading=\"lazy\" decoding=\"async\" class=\"aligncenter size-full wp-image-3621\" src=\"https:\/\/www.chinaframe.com\/wp-content\/uploads\/2026\/03\/8.jpg\" alt=\"\" width=\"342\" height=\"646\" srcset=\"https:\/\/www.chinaframe.com\/wp-content\/uploads\/2026\/03\/8.jpg 342w, https:\/\/www.chinaframe.com\/wp-content\/uploads\/2026\/03\/8-159x300.jpg 159w, https:\/\/www.chinaframe.com\/wp-content\/uploads\/2026\/03\/8-6x12.jpg 6w\" sizes=\"(max-width: 342px) 100vw, 342px\" \/> <img loading=\"lazy\" decoding=\"async\" class=\"aligncenter size-full wp-image-3620\" src=\"https:\/\/www.chinaframe.com\/wp-content\/uploads\/2026\/03\/7.jpg\" alt=\"\" width=\"343\" height=\"640\" srcset=\"https:\/\/www.chinaframe.com\/wp-content\/uploads\/2026\/03\/7.jpg 343w, https:\/\/www.chinaframe.com\/wp-content\/uploads\/2026\/03\/7-161x300.jpg 161w, https:\/\/www.chinaframe.com\/wp-content\/uploads\/2026\/03\/7-6x12.jpg 6w\" sizes=\"(max-width: 343px) 100vw, 343px\" \/> <img loading=\"lazy\" decoding=\"async\" class=\"aligncenter size-full wp-image-3619\" src=\"https:\/\/www.chinaframe.com\/wp-content\/uploads\/2026\/03\/6.jpg\" alt=\"\" width=\"346\" height=\"644\" srcset=\"https:\/\/www.chinaframe.com\/wp-content\/uploads\/2026\/03\/6.jpg 346w, https:\/\/www.chinaframe.com\/wp-content\/uploads\/2026\/03\/6-161x300.jpg 161w, https:\/\/www.chinaframe.com\/wp-content\/uploads\/2026\/03\/6-6x12.jpg 6w\" sizes=\"(max-width: 346px) 100vw, 346px\" \/> <img loading=\"lazy\" decoding=\"async\" class=\"aligncenter size-full wp-image-3618\" src=\"https:\/\/www.chinaframe.com\/wp-content\/uploads\/2026\/03\/5.jpg\" alt=\"\" width=\"340\" height=\"644\" srcset=\"https:\/\/www.chinaframe.com\/wp-content\/uploads\/2026\/03\/5.jpg 340w, https:\/\/www.chinaframe.com\/wp-content\/uploads\/2026\/03\/5-158x300.jpg 158w, https:\/\/www.chinaframe.com\/wp-content\/uploads\/2026\/03\/5-6x12.jpg 6w\" sizes=\"(max-width: 340px) 100vw, 340px\" \/> <img loading=\"lazy\" decoding=\"async\" class=\"aligncenter size-full wp-image-3617\" src=\"https:\/\/www.chinaframe.com\/wp-content\/uploads\/2026\/03\/4.jpg\" alt=\"\" width=\"342\" height=\"644\" srcset=\"https:\/\/www.chinaframe.com\/wp-content\/uploads\/2026\/03\/4.jpg 342w, https:\/\/www.chinaframe.com\/wp-content\/uploads\/2026\/03\/4-159x300.jpg 159w, https:\/\/www.chinaframe.com\/wp-content\/uploads\/2026\/03\/4-6x12.jpg 6w\" sizes=\"(max-width: 342px) 100vw, 342px\" \/> <img loading=\"lazy\" decoding=\"async\" class=\"aligncenter size-full wp-image-3614\" src=\"https:\/\/www.chinaframe.com\/wp-content\/uploads\/2026\/03\/1.jpg\" alt=\"\" width=\"342\" height=\"642\" srcset=\"https:\/\/www.chinaframe.com\/wp-content\/uploads\/2026\/03\/1.jpg 342w, https:\/\/www.chinaframe.com\/wp-content\/uploads\/2026\/03\/1-160x300.jpg 160w, https:\/\/www.chinaframe.com\/wp-content\/uploads\/2026\/03\/1-6x12.jpg 6w\" sizes=\"(max-width: 342px) 100vw, 342px\" \/> <img loading=\"lazy\" decoding=\"async\" class=\"aligncenter size-full wp-image-3615\" src=\"https:\/\/www.chinaframe.com\/wp-content\/uploads\/2026\/03\/2.jpg\" alt=\"\" width=\"344\" height=\"646\" srcset=\"https:\/\/www.chinaframe.com\/wp-content\/uploads\/2026\/03\/2.jpg 344w, https:\/\/www.chinaframe.com\/wp-content\/uploads\/2026\/03\/2-160x300.jpg 160w, https:\/\/www.chinaframe.com\/wp-content\/uploads\/2026\/03\/2-6x12.jpg 6w\" sizes=\"(max-width: 344px) 100vw, 344px\" \/> <img loading=\"lazy\" decoding=\"async\" class=\"aligncenter size-full wp-image-3616\" src=\"https:\/\/www.chinaframe.com\/wp-content\/uploads\/2026\/03\/3.jpg\" alt=\"\" width=\"340\" height=\"643\" srcset=\"https:\/\/www.chinaframe.com\/wp-content\/uploads\/2026\/03\/3.jpg 340w, https:\/\/www.chinaframe.com\/wp-content\/uploads\/2026\/03\/3-159x300.jpg 159w, https:\/\/www.chinaframe.com\/wp-content\/uploads\/2026\/03\/3-6x12.jpg 6w\" sizes=\"(max-width: 340px) 100vw, 340px\" \/><\/p>","protected":false},"excerpt":{"rendered":"<div class=\"qk-md-paragraph\"><span class=\"qk-md-text complete\" data-spm-anchor-id=\"5176.28103460.0.i8.41977551JVDBgw\">Presentamos nuestros paneles de pared de madera pl\u00e1stica compuesta (WPC), una mezcla perfecta de est\u00e9tica natural y durabilidad moderna. Dise\u00f1ado para aplicaciones interiores y exteriores, este producto innovador ofrece el aspecto c\u00e1lido y acogedor de la madera sin los problemas de mantenimiento asociados con la madera tradicional.<\/span><\/div>\n<div class=\"qk-md-paragraph\"><span class=\"qk-md-text complete\">Ideales para crear paredes caracter\u00edsticas en salones, dormitorios, oficinas o espacios comerciales como hoteles y restaurantes, nuestros paneles WPC proporcionan un acabado elegante y sofisticado a cualquier interior.<\/span><\/div>\n<div class=\"qk-md-paragraph\"><strong class=\"qk-md-strong complete\"><span class=\"qk-md-text complete\">Caracter\u00edsticas clave:<\/span><\/strong><\/div>\n<ul class=\"qk-md-ul\">\n<li class=\"qk-md-li complete\"><strong class=\"qk-md-strong complete\"><span class=\"qk-md-text complete\">Sostenible y Ecol\u00f3gico:<\/span><\/strong><span class=\"qk-md-text complete\">\u00a0Hecho a partir de un compuesto de fibras de madera y pl\u00e1sticos reciclados, lo que lo convierte en una elecci\u00f3n ecol\u00f3gica para los consumidores conscientes.<\/span><\/li>\n<li class=\"qk-md-li complete\"><strong class=\"qk-md-strong complete\"><span class=\"qk-md-text complete\">Bajo mantenimiento:<\/span><\/strong><span class=\"qk-md-text complete\">\u00a0A diferencia de la madera real, es resistente a la humedad, las termitas y la podreducci\u00f3n, lo que requiere un mantenimiento m\u00ednimo.<\/span><\/li>\n<li class=\"qk-md-li complete\"><strong class=\"qk-md-strong complete\"><span class=\"qk-md-text complete\">Instalaci\u00f3n f\u00e1cil:<\/span><\/strong><span class=\"qk-md-text complete\">\u00a0Su dise\u00f1o de bloqueo permite una instalaci\u00f3n r\u00e1pida y f\u00e1cil de bricolaje, ahorrando tiempo y costos de mano de obra.<\/span><\/li>\n<li class=\"qk-md-li complete\"><strong class=\"qk-md-strong complete\"><span class=\"qk-md-text complete\">Durable y Larga duraci\u00f3n:<\/span><\/strong><span class=\"qk-md-text complete\">\u00a0Dise\u00f1ado para soportar diversas condiciones clim\u00e1ticas y uso pesado, garantizando una larga vida \u00fatil.<\/span><\/li>\n<li class=\"qk-md-li complete\"><strong class=\"qk-md-strong complete\"><span class=\"qk-md-text complete\">Dise\u00f1o vers\u00e1til:<\/span><\/strong><span class=\"qk-md-text complete\">\u00a0Disponible en una variedad de estilos y colores para complementar cualquier tema de decoraci\u00f3n.<\/span><\/li>\n<\/ul>","protected":false},"featured_media":3613,"comment_status":"open","ping_status":"closed","template":"","meta":{"_acf_changed":false},"product_brand":[],"product_cat":[15,116,100],"product_tag":[],"class_list":{"0":"post-3612","1":"product","2":"type-product","3":"status-publish","4":"has-post-thumbnail","6":"product_cat-wall-panel","7":"product_cat-wpc-wall-panel","8":"product_cat-wpc","10":"first","11":"instock","12":"shipping-taxable","13":"product-type-simple"},"acf":[],"_links":{"self":[{"href":"https:\/\/www.chinaframe.com\/es\/wp-json\/wp\/v2\/product\/3612","targetHints":{"allow":["GET"]}}],"collection":[{"href":"https:\/\/www.chinaframe.com\/es\/wp-json\/wp\/v2\/product"}],"about":[{"href":"https:\/\/www.chinaframe.com\/es\/wp-json\/wp\/v2\/types\/product"}],"replies":[{"embeddable":true,"href":"https:\/\/www.chinaframe.com\/es\/wp-json\/wp\/v2\/comments?post=3612"}],"wp:featuredmedia":[{"embeddable":true,"href":"https:\/\/www.chinaframe.com\/es\/wp-json\/wp\/v2\/media\/3613"}],"wp:attachment":[{"href":"https:\/\/www.chinaframe.com\/es\/wp-json\/wp\/v2\/media?parent=3612"}],"wp:term":[{"taxonomy":"product_brand","embeddable":true,"href":"https:\/\/www.chinaframe.com\/es\/wp-json\/wp\/v2\/product_brand?post=3612"},{"taxonomy":"product_cat","embeddable":true,"href":"https:\/\/www.chinaframe.com\/es\/wp-json\/wp\/v2\/product_cat?post=3612"},{"taxonomy":"product_tag","embeddable":true,"href":"https:\/\/www.chinaframe.com\/es\/wp-json\/wp\/v2\/product_tag?post=3612"}],"curies":[{"name":"WP","href":"https:\/\/api.w.org\/{rel}","templated":true}]}}