{"id":3033,"date":"2025-07-23T13:49:45","date_gmt":"2025-07-23T05:49:45","guid":{"rendered":"https:\/\/www.chinaframe.com\/?post_type=product&#038;p=3033"},"modified":"2025-07-23T13:49:45","modified_gmt":"2025-07-23T05:49:45","slug":"ps-wall-panel-f16005-2","status":"publish","type":"product","link":"https:\/\/www.chinaframe.com\/es\/product\/ps-wall-panel-f16005-2\/","title":{"rendered":"PS PANEL DE PARED F16003"},"content":{"rendered":"<p><img fetchpriority=\"high\" decoding=\"async\" class=\"aligncenter size-full wp-image-3065\" src=\"https:\/\/www.chinaframe.com\/wp-content\/uploads\/2025\/07\/\u573a\u666f\u56fe-MA34079.png\" alt=\"\" width=\"1427\" height=\"800\" srcset=\"https:\/\/www.chinaframe.com\/wp-content\/uploads\/2025\/07\/\u573a\u666f\u56fe-MA34079.png 1427w, https:\/\/www.chinaframe.com\/wp-content\/uploads\/2025\/07\/\u573a\u666f\u56fe-MA34079-300x168.png 300w, https:\/\/www.chinaframe.com\/wp-content\/uploads\/2025\/07\/\u573a\u666f\u56fe-MA34079-1024x574.png 1024w, https:\/\/www.chinaframe.com\/wp-content\/uploads\/2025\/07\/\u573a\u666f\u56fe-MA34079-768x431.png 768w, https:\/\/www.chinaframe.com\/wp-content\/uploads\/2025\/07\/\u573a\u666f\u56fe-MA34079-18x10.png 18w, https:\/\/www.chinaframe.com\/wp-content\/uploads\/2025\/07\/\u573a\u666f\u56fe-MA34079-600x336.png 600w\" sizes=\"(max-width: 1427px) 100vw, 1427px\" \/><img decoding=\"async\" class=\"aligncenter size-full wp-image-3067\" src=\"https:\/\/www.chinaframe.com\/wp-content\/uploads\/2025\/07\/\u573a\u666f\u56fe-MA34082.png\" alt=\"\" width=\"1427\" height=\"800\" srcset=\"https:\/\/www.chinaframe.com\/wp-content\/uploads\/2025\/07\/\u573a\u666f\u56fe-MA34082.png 1427w, https:\/\/www.chinaframe.com\/wp-content\/uploads\/2025\/07\/\u573a\u666f\u56fe-MA34082-300x168.png 300w, https:\/\/www.chinaframe.com\/wp-content\/uploads\/2025\/07\/\u573a\u666f\u56fe-MA34082-1024x574.png 1024w, https:\/\/www.chinaframe.com\/wp-content\/uploads\/2025\/07\/\u573a\u666f\u56fe-MA34082-768x431.png 768w, https:\/\/www.chinaframe.com\/wp-content\/uploads\/2025\/07\/\u573a\u666f\u56fe-MA34082-18x10.png 18w, https:\/\/www.chinaframe.com\/wp-content\/uploads\/2025\/07\/\u573a\u666f\u56fe-MA34082-600x336.png 600w\" sizes=\"(max-width: 1427px) 100vw, 1427px\" \/><img decoding=\"async\" class=\"aligncenter size-full wp-image-3068\" src=\"https:\/\/www.chinaframe.com\/wp-content\/uploads\/2025\/07\/F16003-MA31545-1.png\" alt=\"\" width=\"2304\" height=\"1728\" srcset=\"https:\/\/www.chinaframe.com\/wp-content\/uploads\/2025\/07\/F16003-MA31545-1.png 2304w, https:\/\/www.chinaframe.com\/wp-content\/uploads\/2025\/07\/F16003-MA31545-1-300x225.png 300w, https:\/\/www.chinaframe.com\/wp-content\/uploads\/2025\/07\/F16003-MA31545-1-1024x768.png 1024w, https:\/\/www.chinaframe.com\/wp-content\/uploads\/2025\/07\/F16003-MA31545-1-768x576.png 768w, https:\/\/www.chinaframe.com\/wp-content\/uploads\/2025\/07\/F16003-MA31545-1-1536x1152.png 1536w, https:\/\/www.chinaframe.com\/wp-content\/uploads\/2025\/07\/F16003-MA31545-1-2048x1536.png 2048w, https:\/\/www.chinaframe.com\/wp-content\/uploads\/2025\/07\/F16003-MA31545-1-16x12.png 16w, https:\/\/www.chinaframe.com\/wp-content\/uploads\/2025\/07\/F16003-MA31545-1-600x450.png 600w\" sizes=\"(max-width: 2304px) 100vw, 2304px\" \/><img loading=\"lazy\" decoding=\"async\" class=\"aligncenter size-large wp-image-3064\" src=\"https:\/\/www.chinaframe.com\/wp-content\/uploads\/2025\/07\/F16003-\u7ec4\u5408\u56fe-1024x683.jpg\" alt=\"\" width=\"800\" height=\"534\" srcset=\"https:\/\/www.chinaframe.com\/wp-content\/uploads\/2025\/07\/F16003-\u7ec4\u5408\u56fe-1024x683.jpg 1024w, https:\/\/www.chinaframe.com\/wp-content\/uploads\/2025\/07\/F16003-\u7ec4\u5408\u56fe-300x200.jpg 300w, https:\/\/www.chinaframe.com\/wp-content\/uploads\/2025\/07\/F16003-\u7ec4\u5408\u56fe-768x512.jpg 768w, https:\/\/www.chinaframe.com\/wp-content\/uploads\/2025\/07\/F16003-\u7ec4\u5408\u56fe-1536x1024.jpg 1536w, https:\/\/www.chinaframe.com\/wp-content\/uploads\/2025\/07\/F16003-\u7ec4\u5408\u56fe-2048x1365.jpg 2048w, https:\/\/www.chinaframe.com\/wp-content\/uploads\/2025\/07\/F16003-\u7ec4\u5408\u56fe-18x12.jpg 18w, https:\/\/www.chinaframe.com\/wp-content\/uploads\/2025\/07\/F16003-\u7ec4\u5408\u56fe-600x400.jpg 600w\" sizes=\"(max-width: 800px) 100vw, 800px\" \/><img loading=\"lazy\" decoding=\"async\" class=\"size-medium wp-image-3035 alignnone\" src=\"https:\/\/www.chinaframe.com\/wp-content\/uploads\/2025\/07\/F16003-MA31544-180x300.jpg\" alt=\"\" width=\"180\" height=\"300\" srcset=\"https:\/\/www.chinaframe.com\/wp-content\/uploads\/2025\/07\/F16003-MA31544-180x300.jpg 180w, https:\/\/www.chinaframe.com\/wp-content\/uploads\/2025\/07\/F16003-MA31544-614x1024.jpg 614w, https:\/\/www.chinaframe.com\/wp-content\/uploads\/2025\/07\/F16003-MA31544-768x1281.jpg 768w, https:\/\/www.chinaframe.com\/wp-content\/uploads\/2025\/07\/F16003-MA31544-921x1536.jpg 921w, https:\/\/www.chinaframe.com\/wp-content\/uploads\/2025\/07\/F16003-MA31544-7x12.jpg 7w, https:\/\/www.chinaframe.com\/wp-content\/uploads\/2025\/07\/F16003-MA31544-600x1001.jpg 600w, https:\/\/www.chinaframe.com\/wp-content\/uploads\/2025\/07\/F16003-MA31544.jpg 1137w\" sizes=\"(max-width: 180px) 100vw, 180px\" \/><img loading=\"lazy\" decoding=\"async\" class=\"size-medium wp-image-3036 alignnone\" src=\"https:\/\/www.chinaframe.com\/wp-content\/uploads\/2025\/07\/F16003-MA31545-1-180x300.jpg\" alt=\"\" width=\"180\" height=\"300\" srcset=\"https:\/\/www.chinaframe.com\/wp-content\/uploads\/2025\/07\/F16003-MA31545-1-180x300.jpg 180w, https:\/\/www.chinaframe.com\/wp-content\/uploads\/2025\/07\/F16003-MA31545-1-614x1024.jpg 614w, https:\/\/www.chinaframe.com\/wp-content\/uploads\/2025\/07\/F16003-MA31545-1-768x1281.jpg 768w, https:\/\/www.chinaframe.com\/wp-content\/uploads\/2025\/07\/F16003-MA31545-1-921x1536.jpg 921w, https:\/\/www.chinaframe.com\/wp-content\/uploads\/2025\/07\/F16003-MA31545-1-7x12.jpg 7w, https:\/\/www.chinaframe.com\/wp-content\/uploads\/2025\/07\/F16003-MA31545-1-600x1001.jpg 600w, https:\/\/www.chinaframe.com\/wp-content\/uploads\/2025\/07\/F16003-MA31545-1.jpg 1137w\" sizes=\"(max-width: 180px) 100vw, 180px\" \/><img loading=\"lazy\" decoding=\"async\" class=\"size-medium wp-image-3038 alignnone\" src=\"https:\/\/www.chinaframe.com\/wp-content\/uploads\/2025\/07\/F16003-MA31546-180x300.jpg\" alt=\"\" width=\"180\" height=\"300\" srcset=\"https:\/\/www.chinaframe.com\/wp-content\/uploads\/2025\/07\/F16003-MA31546-180x300.jpg 180w, https:\/\/www.chinaframe.com\/wp-content\/uploads\/2025\/07\/F16003-MA31546-614x1024.jpg 614w, https:\/\/www.chinaframe.com\/wp-content\/uploads\/2025\/07\/F16003-MA31546-768x1281.jpg 768w, https:\/\/www.chinaframe.com\/wp-content\/uploads\/2025\/07\/F16003-MA31546-921x1536.jpg 921w, https:\/\/www.chinaframe.com\/wp-content\/uploads\/2025\/07\/F16003-MA31546-7x12.jpg 7w, https:\/\/www.chinaframe.com\/wp-content\/uploads\/2025\/07\/F16003-MA31546-600x1001.jpg 600w, https:\/\/www.chinaframe.com\/wp-content\/uploads\/2025\/07\/F16003-MA31546.jpg 1137w\" sizes=\"(max-width: 180px) 100vw, 180px\" \/><img loading=\"lazy\" decoding=\"async\" class=\"size-medium wp-image-3040 alignnone\" src=\"https:\/\/www.chinaframe.com\/wp-content\/uploads\/2025\/07\/F16003-MA31547-180x300.jpg\" alt=\"\" width=\"180\" height=\"300\" srcset=\"https:\/\/www.chinaframe.com\/wp-content\/uploads\/2025\/07\/F16003-MA31547-180x300.jpg 180w, https:\/\/www.chinaframe.com\/wp-content\/uploads\/2025\/07\/F16003-MA31547-614x1024.jpg 614w, https:\/\/www.chinaframe.com\/wp-content\/uploads\/2025\/07\/F16003-MA31547-768x1281.jpg 768w, https:\/\/www.chinaframe.com\/wp-content\/uploads\/2025\/07\/F16003-MA31547-921x1536.jpg 921w, https:\/\/www.chinaframe.com\/wp-content\/uploads\/2025\/07\/F16003-MA31547-7x12.jpg 7w, https:\/\/www.chinaframe.com\/wp-content\/uploads\/2025\/07\/F16003-MA31547-600x1001.jpg 600w, https:\/\/www.chinaframe.com\/wp-content\/uploads\/2025\/07\/F16003-MA31547.jpg 1137w\" sizes=\"(max-width: 180px) 100vw, 180px\" \/><img loading=\"lazy\" decoding=\"async\" class=\"size-medium wp-image-3041 alignnone\" src=\"https:\/\/www.chinaframe.com\/wp-content\/uploads\/2025\/07\/F16003-MA31548-180x300.jpg\" alt=\"\" width=\"180\" height=\"300\" srcset=\"https:\/\/www.chinaframe.com\/wp-content\/uploads\/2025\/07\/F16003-MA31548-180x300.jpg 180w, https:\/\/www.chinaframe.com\/wp-content\/uploads\/2025\/07\/F16003-MA31548-614x1024.jpg 614w, https:\/\/www.chinaframe.com\/wp-content\/uploads\/2025\/07\/F16003-MA31548-768x1281.jpg 768w, https:\/\/www.chinaframe.com\/wp-content\/uploads\/2025\/07\/F16003-MA31548-921x1536.jpg 921w, https:\/\/www.chinaframe.com\/wp-content\/uploads\/2025\/07\/F16003-MA31548-7x12.jpg 7w, https:\/\/www.chinaframe.com\/wp-content\/uploads\/2025\/07\/F16003-MA31548-600x1001.jpg 600w, https:\/\/www.chinaframe.com\/wp-content\/uploads\/2025\/07\/F16003-MA31548.jpg 1137w\" sizes=\"(max-width: 180px) 100vw, 180px\" \/><img loading=\"lazy\" decoding=\"async\" class=\"size-medium wp-image-3047 alignnone\" src=\"https:\/\/www.chinaframe.com\/wp-content\/uploads\/2025\/07\/F16003-MA34193-180x300.jpg\" alt=\"\" width=\"180\" height=\"300\" srcset=\"https:\/\/www.chinaframe.com\/wp-content\/uploads\/2025\/07\/F16003-MA34193-180x300.jpg 180w, https:\/\/www.chinaframe.com\/wp-content\/uploads\/2025\/07\/F16003-MA34193-614x1024.jpg 614w, https:\/\/www.chinaframe.com\/wp-content\/uploads\/2025\/07\/F16003-MA34193-768x1281.jpg 768w, https:\/\/www.chinaframe.com\/wp-content\/uploads\/2025\/07\/F16003-MA34193-921x1536.jpg 921w, https:\/\/www.chinaframe.com\/wp-content\/uploads\/2025\/07\/F16003-MA34193-7x12.jpg 7w, https:\/\/www.chinaframe.com\/wp-content\/uploads\/2025\/07\/F16003-MA34193-600x1001.jpg 600w, https:\/\/www.chinaframe.com\/wp-content\/uploads\/2025\/07\/F16003-MA34193.jpg 1137w\" sizes=\"(max-width: 180px) 100vw, 180px\" \/><img loading=\"lazy\" decoding=\"async\" class=\"size-medium wp-image-3048 alignnone\" src=\"https:\/\/www.chinaframe.com\/wp-content\/uploads\/2025\/07\/F16003-MA34194-180x300.jpg\" alt=\"\" width=\"180\" height=\"300\" srcset=\"https:\/\/www.chinaframe.com\/wp-content\/uploads\/2025\/07\/F16003-MA34194-180x300.jpg 180w, https:\/\/www.chinaframe.com\/wp-content\/uploads\/2025\/07\/F16003-MA34194-614x1024.jpg 614w, https:\/\/www.chinaframe.com\/wp-content\/uploads\/2025\/07\/F16003-MA34194-768x1281.jpg 768w, https:\/\/www.chinaframe.com\/wp-content\/uploads\/2025\/07\/F16003-MA34194-921x1536.jpg 921w, https:\/\/www.chinaframe.com\/wp-content\/uploads\/2025\/07\/F16003-MA34194-7x12.jpg 7w, https:\/\/www.chinaframe.com\/wp-content\/uploads\/2025\/07\/F16003-MA34194-600x1001.jpg 600w, https:\/\/www.chinaframe.com\/wp-content\/uploads\/2025\/07\/F16003-MA34194.jpg 1137w\" sizes=\"(max-width: 180px) 100vw, 180px\" \/><img loading=\"lazy\" decoding=\"async\" class=\"size-medium wp-image-3055 alignnone\" src=\"https:\/\/www.chinaframe.com\/wp-content\/uploads\/2025\/07\/F16003-MA34301-180x300.jpg\" alt=\"\" width=\"180\" height=\"300\" srcset=\"https:\/\/www.chinaframe.com\/wp-content\/uploads\/2025\/07\/F16003-MA34301-180x300.jpg 180w, https:\/\/www.chinaframe.com\/wp-content\/uploads\/2025\/07\/F16003-MA34301-614x1024.jpg 614w, https:\/\/www.chinaframe.com\/wp-content\/uploads\/2025\/07\/F16003-MA34301-768x1281.jpg 768w, https:\/\/www.chinaframe.com\/wp-content\/uploads\/2025\/07\/F16003-MA34301-921x1536.jpg 921w, https:\/\/www.chinaframe.com\/wp-content\/uploads\/2025\/07\/F16003-MA34301-7x12.jpg 7w, https:\/\/www.chinaframe.com\/wp-content\/uploads\/2025\/07\/F16003-MA34301-600x1001.jpg 600w, https:\/\/www.chinaframe.com\/wp-content\/uploads\/2025\/07\/F16003-MA34301.jpg 1137w\" sizes=\"(max-width: 180px) 100vw, 180px\" \/><img loading=\"lazy\" decoding=\"async\" class=\"size-medium wp-image-3056 alignnone\" src=\"https:\/\/www.chinaframe.com\/wp-content\/uploads\/2025\/07\/F16003-MA34302-180x300.jpg\" alt=\"\" width=\"180\" height=\"300\" srcset=\"https:\/\/www.chinaframe.com\/wp-content\/uploads\/2025\/07\/F16003-MA34302-180x300.jpg 180w, https:\/\/www.chinaframe.com\/wp-content\/uploads\/2025\/07\/F16003-MA34302-614x1024.jpg 614w, https:\/\/www.chinaframe.com\/wp-content\/uploads\/2025\/07\/F16003-MA34302-768x1281.jpg 768w, https:\/\/www.chinaframe.com\/wp-content\/uploads\/2025\/07\/F16003-MA34302-921x1536.jpg 921w, https:\/\/www.chinaframe.com\/wp-content\/uploads\/2025\/07\/F16003-MA34302-7x12.jpg 7w, https:\/\/www.chinaframe.com\/wp-content\/uploads\/2025\/07\/F16003-MA34302-600x1001.jpg 600w, https:\/\/www.chinaframe.com\/wp-content\/uploads\/2025\/07\/F16003-MA34302.jpg 1137w\" sizes=\"(max-width: 180px) 100vw, 180px\" \/><img loading=\"lazy\" decoding=\"async\" class=\"size-medium wp-image-3057 alignnone\" src=\"https:\/\/www.chinaframe.com\/wp-content\/uploads\/2025\/07\/F16003-MA34303-180x300.jpg\" alt=\"\" width=\"180\" height=\"300\" srcset=\"https:\/\/www.chinaframe.com\/wp-content\/uploads\/2025\/07\/F16003-MA34303-180x300.jpg 180w, https:\/\/www.chinaframe.com\/wp-content\/uploads\/2025\/07\/F16003-MA34303-614x1024.jpg 614w, https:\/\/www.chinaframe.com\/wp-content\/uploads\/2025\/07\/F16003-MA34303-768x1281.jpg 768w, https:\/\/www.chinaframe.com\/wp-content\/uploads\/2025\/07\/F16003-MA34303-921x1536.jpg 921w, https:\/\/www.chinaframe.com\/wp-content\/uploads\/2025\/07\/F16003-MA34303-7x12.jpg 7w, https:\/\/www.chinaframe.com\/wp-content\/uploads\/2025\/07\/F16003-MA34303-600x1001.jpg 600w, https:\/\/www.chinaframe.com\/wp-content\/uploads\/2025\/07\/F16003-MA34303.jpg 1137w\" sizes=\"(max-width: 180px) 100vw, 180px\" \/><img loading=\"lazy\" decoding=\"async\" class=\"size-medium wp-image-3058 alignnone\" src=\"https:\/\/www.chinaframe.com\/wp-content\/uploads\/2025\/07\/F16003-WXPMC25093-8-MA34082-180x300.jpg\" alt=\"\" width=\"180\" height=\"300\" srcset=\"https:\/\/www.chinaframe.com\/wp-content\/uploads\/2025\/07\/F16003-WXPMC25093-8-MA34082-180x300.jpg 180w, https:\/\/www.chinaframe.com\/wp-content\/uploads\/2025\/07\/F16003-WXPMC25093-8-MA34082-614x1024.jpg 614w, https:\/\/www.chinaframe.com\/wp-content\/uploads\/2025\/07\/F16003-WXPMC25093-8-MA34082-768x1281.jpg 768w, https:\/\/www.chinaframe.com\/wp-content\/uploads\/2025\/07\/F16003-WXPMC25093-8-MA34082-921x1536.jpg 921w, https:\/\/www.chinaframe.com\/wp-content\/uploads\/2025\/07\/F16003-WXPMC25093-8-MA34082-7x12.jpg 7w, https:\/\/www.chinaframe.com\/wp-content\/uploads\/2025\/07\/F16003-WXPMC25093-8-MA34082-600x1001.jpg 600w, https:\/\/www.chinaframe.com\/wp-content\/uploads\/2025\/07\/F16003-WXPMC25093-8-MA34082.jpg 1137w\" sizes=\"(max-width: 180px) 100vw, 180px\" \/><img loading=\"lazy\" decoding=\"async\" class=\"size-medium wp-image-3059 alignnone\" src=\"https:\/\/www.chinaframe.com\/wp-content\/uploads\/2025\/07\/F16003-WXPQ24057-MA34083-180x300.jpg\" alt=\"\" width=\"180\" height=\"300\" srcset=\"https:\/\/www.chinaframe.com\/wp-content\/uploads\/2025\/07\/F16003-WXPQ24057-MA34083-180x300.jpg 180w, https:\/\/www.chinaframe.com\/wp-content\/uploads\/2025\/07\/F16003-WXPQ24057-MA34083-614x1024.jpg 614w, https:\/\/www.chinaframe.com\/wp-content\/uploads\/2025\/07\/F16003-WXPQ24057-MA34083-768x1281.jpg 768w, https:\/\/www.chinaframe.com\/wp-content\/uploads\/2025\/07\/F16003-WXPQ24057-MA34083-921x1536.jpg 921w, https:\/\/www.chinaframe.com\/wp-content\/uploads\/2025\/07\/F16003-WXPQ24057-MA34083-7x12.jpg 7w, https:\/\/www.chinaframe.com\/wp-content\/uploads\/2025\/07\/F16003-WXPQ24057-MA34083-600x1001.jpg 600w, https:\/\/www.chinaframe.com\/wp-content\/uploads\/2025\/07\/F16003-WXPQ24057-MA34083.jpg 1137w\" sizes=\"(max-width: 180px) 100vw, 180px\" \/><img loading=\"lazy\" decoding=\"async\" class=\"size-medium wp-image-3060 alignnone\" src=\"https:\/\/www.chinaframe.com\/wp-content\/uploads\/2025\/07\/F16003-WXPQ25045-1-MA34080-180x300.jpg\" alt=\"\" width=\"180\" height=\"300\" srcset=\"https:\/\/www.chinaframe.com\/wp-content\/uploads\/2025\/07\/F16003-WXPQ25045-1-MA34080-180x300.jpg 180w, https:\/\/www.chinaframe.com\/wp-content\/uploads\/2025\/07\/F16003-WXPQ25045-1-MA34080-614x1024.jpg 614w, https:\/\/www.chinaframe.com\/wp-content\/uploads\/2025\/07\/F16003-WXPQ25045-1-MA34080-768x1281.jpg 768w, https:\/\/www.chinaframe.com\/wp-content\/uploads\/2025\/07\/F16003-WXPQ25045-1-MA34080-921x1536.jpg 921w, https:\/\/www.chinaframe.com\/wp-content\/uploads\/2025\/07\/F16003-WXPQ25045-1-MA34080-7x12.jpg 7w, https:\/\/www.chinaframe.com\/wp-content\/uploads\/2025\/07\/F16003-WXPQ25045-1-MA34080-600x1001.jpg 600w, https:\/\/www.chinaframe.com\/wp-content\/uploads\/2025\/07\/F16003-WXPQ25045-1-MA34080.jpg 1137w\" sizes=\"(max-width: 180px) 100vw, 180px\" \/><img loading=\"lazy\" decoding=\"async\" class=\"size-medium wp-image-3061 alignnone\" src=\"https:\/\/www.chinaframe.com\/wp-content\/uploads\/2025\/07\/F16003-WXPQ25045-2-MA34081-180x300.jpg\" alt=\"\" width=\"180\" height=\"300\" srcset=\"https:\/\/www.chinaframe.com\/wp-content\/uploads\/2025\/07\/F16003-WXPQ25045-2-MA34081-180x300.jpg 180w, https:\/\/www.chinaframe.com\/wp-content\/uploads\/2025\/07\/F16003-WXPQ25045-2-MA34081-614x1024.jpg 614w, https:\/\/www.chinaframe.com\/wp-content\/uploads\/2025\/07\/F16003-WXPQ25045-2-MA34081-768x1281.jpg 768w, https:\/\/www.chinaframe.com\/wp-content\/uploads\/2025\/07\/F16003-WXPQ25045-2-MA34081-921x1536.jpg 921w, https:\/\/www.chinaframe.com\/wp-content\/uploads\/2025\/07\/F16003-WXPQ25045-2-MA34081-7x12.jpg 7w, https:\/\/www.chinaframe.com\/wp-content\/uploads\/2025\/07\/F16003-WXPQ25045-2-MA34081-600x1001.jpg 600w, https:\/\/www.chinaframe.com\/wp-content\/uploads\/2025\/07\/F16003-WXPQ25045-2-MA34081.jpg 1137w\" sizes=\"(max-width: 180px) 100vw, 180px\" \/><img loading=\"lazy\" decoding=\"async\" class=\"size-medium wp-image-3062 alignnone\" src=\"https:\/\/www.chinaframe.com\/wp-content\/uploads\/2025\/07\/F16003-WXPQ25071-1-MA31551-180x300.jpg\" alt=\"\" width=\"180\" height=\"300\" srcset=\"https:\/\/www.chinaframe.com\/wp-content\/uploads\/2025\/07\/F16003-WXPQ25071-1-MA31551-180x300.jpg 180w, https:\/\/www.chinaframe.com\/wp-content\/uploads\/2025\/07\/F16003-WXPQ25071-1-MA31551-614x1024.jpg 614w, https:\/\/www.chinaframe.com\/wp-content\/uploads\/2025\/07\/F16003-WXPQ25071-1-MA31551-768x1281.jpg 768w, https:\/\/www.chinaframe.com\/wp-content\/uploads\/2025\/07\/F16003-WXPQ25071-1-MA31551-921x1536.jpg 921w, https:\/\/www.chinaframe.com\/wp-content\/uploads\/2025\/07\/F16003-WXPQ25071-1-MA31551-7x12.jpg 7w, https:\/\/www.chinaframe.com\/wp-content\/uploads\/2025\/07\/F16003-WXPQ25071-1-MA31551-600x1001.jpg 600w, https:\/\/www.chinaframe.com\/wp-content\/uploads\/2025\/07\/F16003-WXPQ25071-1-MA31551.jpg 1137w\" sizes=\"(max-width: 180px) 100vw, 180px\" \/><img loading=\"lazy\" decoding=\"async\" class=\"size-medium wp-image-3063 alignnone\" src=\"https:\/\/www.chinaframe.com\/wp-content\/uploads\/2025\/07\/F16003-WXPQ25102-2-MA34079-180x300.jpg\" alt=\"\" width=\"180\" height=\"300\" srcset=\"https:\/\/www.chinaframe.com\/wp-content\/uploads\/2025\/07\/F16003-WXPQ25102-2-MA34079-180x300.jpg 180w, https:\/\/www.chinaframe.com\/wp-content\/uploads\/2025\/07\/F16003-WXPQ25102-2-MA34079-614x1024.jpg 614w, https:\/\/www.chinaframe.com\/wp-content\/uploads\/2025\/07\/F16003-WXPQ25102-2-MA34079-768x1281.jpg 768w, https:\/\/www.chinaframe.com\/wp-content\/uploads\/2025\/07\/F16003-WXPQ25102-2-MA34079-921x1536.jpg 921w, https:\/\/www.chinaframe.com\/wp-content\/uploads\/2025\/07\/F16003-WXPQ25102-2-MA34079-7x12.jpg 7w, https:\/\/www.chinaframe.com\/wp-content\/uploads\/2025\/07\/F16003-WXPQ25102-2-MA34079-600x1001.jpg 600w, https:\/\/www.chinaframe.com\/wp-content\/uploads\/2025\/07\/F16003-WXPQ25102-2-MA34079.jpg 1137w\" sizes=\"(max-width: 180px) 100vw, 180px\" \/><img loading=\"lazy\" decoding=\"async\" class=\"aligncenter size-full wp-image-2920\" src=\"https:\/\/www.chinaframe.com\/wp-content\/uploads\/2025\/05\/9999999999.jpg\" alt=\"\" width=\"1162\" height=\"798\" srcset=\"https:\/\/www.chinaframe.com\/wp-content\/uploads\/2025\/05\/9999999999.jpg 1162w, https:\/\/www.chinaframe.com\/wp-content\/uploads\/2025\/05\/9999999999-300x206.jpg 300w, https:\/\/www.chinaframe.com\/wp-content\/uploads\/2025\/05\/9999999999-1024x703.jpg 1024w, https:\/\/www.chinaframe.com\/wp-content\/uploads\/2025\/05\/9999999999-768x527.jpg 768w, https:\/\/www.chinaframe.com\/wp-content\/uploads\/2025\/05\/9999999999-18x12.jpg 18w, https:\/\/www.chinaframe.com\/wp-content\/uploads\/2025\/05\/9999999999-600x412.jpg 600w\" sizes=\"(max-width: 1162px) 100vw, 1162px\" \/><\/p>\n<p>&nbsp;<\/p>\n<p><iframe title=\"El proceso de instalaci\u00f3n de paneles de pared\" width=\"800\" height=\"450\" src=\"https:\/\/www.youtube.com\/embed\/skV8gRv8kCw?feature=oembed\" frameborder=\"0\" allow=\"accelerometer; autoplay; clipboard-write; encrypted-media; gyroscope; picture-in-picture; web-share\" referrerpolicy=\"strict-origin-when-cross-origin\" allowfullscreen><\/iframe><\/p>\n<h4><img loading=\"lazy\" decoding=\"async\" class=\"aligncenter size-full wp-image-2919\" src=\"https:\/\/www.chinaframe.com\/wp-content\/uploads\/2025\/05\/456786.jpg\" alt=\"\" width=\"1154\" height=\"783\" srcset=\"https:\/\/www.chinaframe.com\/wp-content\/uploads\/2025\/05\/456786.jpg 1154w, https:\/\/www.chinaframe.com\/wp-content\/uploads\/2025\/05\/456786-300x204.jpg 300w, https:\/\/www.chinaframe.com\/wp-content\/uploads\/2025\/05\/456786-1024x695.jpg 1024w, https:\/\/www.chinaframe.com\/wp-content\/uploads\/2025\/05\/456786-768x521.jpg 768w, https:\/\/www.chinaframe.com\/wp-content\/uploads\/2025\/05\/456786-18x12.jpg 18w, https:\/\/www.chinaframe.com\/wp-content\/uploads\/2025\/05\/456786-600x407.jpg 600w\" sizes=\"(max-width: 1154px) 100vw, 1154px\" \/><\/h4>","protected":false},"excerpt":{"rendered":"<p>Panel de pared PS \u2013 Elegancia ligera para una decoraci\u00f3n interior sin esfuerzo. Los paneles de pared PS ofrecen una soluci\u00f3n elegante, ligera y f\u00e1cil de instalar para la decoraci\u00f3n interior.<br \/>\nHechos de poliestireno duradero, son resistentes a la humedad, de bajo mantenimiento y ideales tanto para espacios residenciales como comerciales.<br \/>\nCon una superficie lisa lista para pintar o personalizar, agregan un toque limpio y moderno a cualquier pared. Con un acabado refinado y moderno y perfil delgado, estos paneles de pared son ideales para crear paredes de acento, o transformaciones de habitaciones completas o renovaci\u00f3n o decoraci\u00f3n del hogar.<br \/>\nDisponible en una variedad de colores y texturas.<br \/>\nHecho de Poliestireno (PS) de alta calidad.<br \/>\nLos paneles son ultraligeros pero fuertes, lo que los hace f\u00e1ciles de manejar e instalar.<br \/>\n100% reciclable y libre de sustancias nocivas.<br \/>\nF\u00e1cil de cortar, recortar y montar con adhesivos o u\u00f1as est\u00e1ndar.<\/p>","protected":false},"featured_media":3034,"comment_status":"open","ping_status":"closed","template":"","meta":{"_acf_changed":false},"product_brand":[],"product_cat":[115,95,98,113,15,101],"product_tag":[],"class_list":{"0":"post-3033","1":"product","2":"type-product","3":"status-publish","4":"has-post-thumbnail","6":"product_cat-160mm","7":"product_cat-material","8":"product_cat-ps","9":"product_cat-ps-wall-panel","10":"product_cat-wall-panel","11":"product_cat-width","13":"first","14":"instock","15":"shipping-taxable","16":"product-type-simple"},"acf":[],"_links":{"self":[{"href":"https:\/\/www.chinaframe.com\/es\/wp-json\/wp\/v2\/product\/3033","targetHints":{"allow":["GET"]}}],"collection":[{"href":"https:\/\/www.chinaframe.com\/es\/wp-json\/wp\/v2\/product"}],"about":[{"href":"https:\/\/www.chinaframe.com\/es\/wp-json\/wp\/v2\/types\/product"}],"replies":[{"embeddable":true,"href":"https:\/\/www.chinaframe.com\/es\/wp-json\/wp\/v2\/comments?post=3033"}],"wp:featuredmedia":[{"embeddable":true,"href":"https:\/\/www.chinaframe.com\/es\/wp-json\/wp\/v2\/media\/3034"}],"wp:attachment":[{"href":"https:\/\/www.chinaframe.com\/es\/wp-json\/wp\/v2\/media?parent=3033"}],"wp:term":[{"taxonomy":"product_brand","embeddable":true,"href":"https:\/\/www.chinaframe.com\/es\/wp-json\/wp\/v2\/product_brand?post=3033"},{"taxonomy":"product_cat","embeddable":true,"href":"https:\/\/www.chinaframe.com\/es\/wp-json\/wp\/v2\/product_cat?post=3033"},{"taxonomy":"product_tag","embeddable":true,"href":"https:\/\/www.chinaframe.com\/es\/wp-json\/wp\/v2\/product_tag?post=3033"}],"curies":[{"name":"WP","href":"https:\/\/api.w.org\/{rel}","templated":true}]}}