{"id":3003,"date":"2025-07-22T14:01:16","date_gmt":"2025-07-22T06:01:16","guid":{"rendered":"https:\/\/www.chinaframe.com\/?post_type=product&#038;p=3003"},"modified":"2025-07-23T10:37:57","modified_gmt":"2025-07-23T02:37:57","slug":"ps-wall-panel-f16005","status":"publish","type":"product","link":"https:\/\/www.chinaframe.com\/es\/product\/ps-wall-panel-f16005\/","title":{"rendered":"PS PANEL DE PARED F16005"},"content":{"rendered":"<h4><img fetchpriority=\"high\" decoding=\"async\" class=\"aligncenter size-full wp-image-3029\" src=\"https:\/\/www.chinaframe.com\/wp-content\/uploads\/2025\/07\/\u573a\u666f\u6548\u679c\u56fe-220-01.png\" alt=\"\" width=\"1096\" height=\"850\" srcset=\"https:\/\/www.chinaframe.com\/wp-content\/uploads\/2025\/07\/\u573a\u666f\u6548\u679c\u56fe-220-01.png 1096w, https:\/\/www.chinaframe.com\/wp-content\/uploads\/2025\/07\/\u573a\u666f\u6548\u679c\u56fe-220-01-300x233.png 300w, https:\/\/www.chinaframe.com\/wp-content\/uploads\/2025\/07\/\u573a\u666f\u6548\u679c\u56fe-220-01-1024x794.png 1024w, https:\/\/www.chinaframe.com\/wp-content\/uploads\/2025\/07\/\u573a\u666f\u6548\u679c\u56fe-220-01-768x596.png 768w, https:\/\/www.chinaframe.com\/wp-content\/uploads\/2025\/07\/\u573a\u666f\u6548\u679c\u56fe-220-01-15x12.png 15w, https:\/\/www.chinaframe.com\/wp-content\/uploads\/2025\/07\/\u573a\u666f\u6548\u679c\u56fe-220-01-600x465.png 600w\" sizes=\"(max-width: 1096px) 100vw, 1096px\" \/><br \/>\n<img decoding=\"async\" class=\"aligncenter size-full wp-image-3028\" src=\"https:\/\/www.chinaframe.com\/wp-content\/uploads\/2025\/07\/\u573a\u666f\u6548\u679c\u56fe-110-01.png\" alt=\"\" width=\"967\" height=\"750\" srcset=\"https:\/\/www.chinaframe.com\/wp-content\/uploads\/2025\/07\/\u573a\u666f\u6548\u679c\u56fe-110-01.png 967w, https:\/\/www.chinaframe.com\/wp-content\/uploads\/2025\/07\/\u573a\u666f\u6548\u679c\u56fe-110-01-300x233.png 300w, https:\/\/www.chinaframe.com\/wp-content\/uploads\/2025\/07\/\u573a\u666f\u6548\u679c\u56fe-110-01-768x596.png 768w, https:\/\/www.chinaframe.com\/wp-content\/uploads\/2025\/07\/\u573a\u666f\u6548\u679c\u56fe-110-01-15x12.png 15w, https:\/\/www.chinaframe.com\/wp-content\/uploads\/2025\/07\/\u573a\u666f\u6548\u679c\u56fe-110-01-600x465.png 600w\" sizes=\"(max-width: 967px) 100vw, 967px\" \/><img decoding=\"async\" class=\"size-medium wp-image-3012 alignnone\" src=\"https:\/\/www.chinaframe.com\/wp-content\/uploads\/2025\/07\/F16005-MA31520-180x300.jpg\" alt=\"\" width=\"180\" height=\"300\" srcset=\"https:\/\/www.chinaframe.com\/wp-content\/uploads\/2025\/07\/F16005-MA31520-180x300.jpg 180w, https:\/\/www.chinaframe.com\/wp-content\/uploads\/2025\/07\/F16005-MA31520-614x1024.jpg 614w, https:\/\/www.chinaframe.com\/wp-content\/uploads\/2025\/07\/F16005-MA31520-768x1281.jpg 768w, https:\/\/www.chinaframe.com\/wp-content\/uploads\/2025\/07\/F16005-MA31520-921x1536.jpg 921w, https:\/\/www.chinaframe.com\/wp-content\/uploads\/2025\/07\/F16005-MA31520-7x12.jpg 7w, https:\/\/www.chinaframe.com\/wp-content\/uploads\/2025\/07\/F16005-MA31520-600x1001.jpg 600w, https:\/\/www.chinaframe.com\/wp-content\/uploads\/2025\/07\/F16005-MA31520.jpg 1137w\" sizes=\"(max-width: 180px) 100vw, 180px\" \/><img loading=\"lazy\" decoding=\"async\" class=\"size-medium wp-image-3013 alignnone\" src=\"https:\/\/www.chinaframe.com\/wp-content\/uploads\/2025\/07\/F16005-MA31521-180x300.jpg\" alt=\"\" width=\"180\" height=\"300\" srcset=\"https:\/\/www.chinaframe.com\/wp-content\/uploads\/2025\/07\/F16005-MA31521-180x300.jpg 180w, https:\/\/www.chinaframe.com\/wp-content\/uploads\/2025\/07\/F16005-MA31521-614x1024.jpg 614w, https:\/\/www.chinaframe.com\/wp-content\/uploads\/2025\/07\/F16005-MA31521-768x1281.jpg 768w, https:\/\/www.chinaframe.com\/wp-content\/uploads\/2025\/07\/F16005-MA31521-921x1536.jpg 921w, https:\/\/www.chinaframe.com\/wp-content\/uploads\/2025\/07\/F16005-MA31521-7x12.jpg 7w, https:\/\/www.chinaframe.com\/wp-content\/uploads\/2025\/07\/F16005-MA31521-600x1001.jpg 600w, https:\/\/www.chinaframe.com\/wp-content\/uploads\/2025\/07\/F16005-MA31521.jpg 1137w\" sizes=\"(max-width: 180px) 100vw, 180px\" \/><img loading=\"lazy\" decoding=\"async\" class=\"size-medium wp-image-3011 alignnone\" src=\"https:\/\/www.chinaframe.com\/wp-content\/uploads\/2025\/07\/F16005-MA31519-180x300.jpg\" alt=\"\" width=\"180\" height=\"300\" srcset=\"https:\/\/www.chinaframe.com\/wp-content\/uploads\/2025\/07\/F16005-MA31519-180x300.jpg 180w, https:\/\/www.chinaframe.com\/wp-content\/uploads\/2025\/07\/F16005-MA31519-614x1024.jpg 614w, https:\/\/www.chinaframe.com\/wp-content\/uploads\/2025\/07\/F16005-MA31519-768x1281.jpg 768w, https:\/\/www.chinaframe.com\/wp-content\/uploads\/2025\/07\/F16005-MA31519-921x1536.jpg 921w, https:\/\/www.chinaframe.com\/wp-content\/uploads\/2025\/07\/F16005-MA31519-7x12.jpg 7w, https:\/\/www.chinaframe.com\/wp-content\/uploads\/2025\/07\/F16005-MA31519-600x1001.jpg 600w, https:\/\/www.chinaframe.com\/wp-content\/uploads\/2025\/07\/F16005-MA31519.jpg 1137w\" sizes=\"(max-width: 180px) 100vw, 180px\" \/><img loading=\"lazy\" decoding=\"async\" class=\"size-medium wp-image-3018 alignnone\" src=\"https:\/\/www.chinaframe.com\/wp-content\/uploads\/2025\/07\/F16005-MA31531-180x300.jpg\" alt=\"\" width=\"180\" height=\"300\" srcset=\"https:\/\/www.chinaframe.com\/wp-content\/uploads\/2025\/07\/F16005-MA31531-180x300.jpg 180w, https:\/\/www.chinaframe.com\/wp-content\/uploads\/2025\/07\/F16005-MA31531-614x1024.jpg 614w, https:\/\/www.chinaframe.com\/wp-content\/uploads\/2025\/07\/F16005-MA31531-768x1281.jpg 768w, https:\/\/www.chinaframe.com\/wp-content\/uploads\/2025\/07\/F16005-MA31531-921x1536.jpg 921w, https:\/\/www.chinaframe.com\/wp-content\/uploads\/2025\/07\/F16005-MA31531-7x12.jpg 7w, https:\/\/www.chinaframe.com\/wp-content\/uploads\/2025\/07\/F16005-MA31531-600x1001.jpg 600w, https:\/\/www.chinaframe.com\/wp-content\/uploads\/2025\/07\/F16005-MA31531.jpg 1137w\" sizes=\"(max-width: 180px) 100vw, 180px\" \/><img loading=\"lazy\" decoding=\"async\" class=\"size-medium wp-image-3016 alignnone\" src=\"https:\/\/www.chinaframe.com\/wp-content\/uploads\/2025\/07\/F16005-MA31527-180x300.jpg\" alt=\"\" width=\"180\" height=\"300\" srcset=\"https:\/\/www.chinaframe.com\/wp-content\/uploads\/2025\/07\/F16005-MA31527-180x300.jpg 180w, https:\/\/www.chinaframe.com\/wp-content\/uploads\/2025\/07\/F16005-MA31527-614x1024.jpg 614w, https:\/\/www.chinaframe.com\/wp-content\/uploads\/2025\/07\/F16005-MA31527-768x1281.jpg 768w, https:\/\/www.chinaframe.com\/wp-content\/uploads\/2025\/07\/F16005-MA31527-921x1536.jpg 921w, https:\/\/www.chinaframe.com\/wp-content\/uploads\/2025\/07\/F16005-MA31527-7x12.jpg 7w, https:\/\/www.chinaframe.com\/wp-content\/uploads\/2025\/07\/F16005-MA31527-600x1001.jpg 600w, https:\/\/www.chinaframe.com\/wp-content\/uploads\/2025\/07\/F16005-MA31527.jpg 1137w\" sizes=\"(max-width: 180px) 100vw, 180px\" \/><img loading=\"lazy\" decoding=\"async\" class=\"size-medium wp-image-3015 alignnone\" src=\"https:\/\/www.chinaframe.com\/wp-content\/uploads\/2025\/07\/F16005-MA31526-180x300.jpg\" alt=\"\" width=\"180\" height=\"300\" srcset=\"https:\/\/www.chinaframe.com\/wp-content\/uploads\/2025\/07\/F16005-MA31526-180x300.jpg 180w, https:\/\/www.chinaframe.com\/wp-content\/uploads\/2025\/07\/F16005-MA31526-614x1024.jpg 614w, https:\/\/www.chinaframe.com\/wp-content\/uploads\/2025\/07\/F16005-MA31526-768x1281.jpg 768w, https:\/\/www.chinaframe.com\/wp-content\/uploads\/2025\/07\/F16005-MA31526-921x1536.jpg 921w, https:\/\/www.chinaframe.com\/wp-content\/uploads\/2025\/07\/F16005-MA31526-7x12.jpg 7w, https:\/\/www.chinaframe.com\/wp-content\/uploads\/2025\/07\/F16005-MA31526-600x1001.jpg 600w, https:\/\/www.chinaframe.com\/wp-content\/uploads\/2025\/07\/F16005-MA31526.jpg 1137w\" sizes=\"(max-width: 180px) 100vw, 180px\" \/><img loading=\"lazy\" decoding=\"async\" class=\"size-medium wp-image-3022 alignnone\" src=\"https:\/\/www.chinaframe.com\/wp-content\/uploads\/2025\/07\/F16005-MA34085-180x300.jpg\" alt=\"\" width=\"180\" height=\"300\" srcset=\"https:\/\/www.chinaframe.com\/wp-content\/uploads\/2025\/07\/F16005-MA34085-180x300.jpg 180w, https:\/\/www.chinaframe.com\/wp-content\/uploads\/2025\/07\/F16005-MA34085-614x1024.jpg 614w, https:\/\/www.chinaframe.com\/wp-content\/uploads\/2025\/07\/F16005-MA34085-768x1281.jpg 768w, https:\/\/www.chinaframe.com\/wp-content\/uploads\/2025\/07\/F16005-MA34085-921x1536.jpg 921w, https:\/\/www.chinaframe.com\/wp-content\/uploads\/2025\/07\/F16005-MA34085-7x12.jpg 7w, https:\/\/www.chinaframe.com\/wp-content\/uploads\/2025\/07\/F16005-MA34085-600x1001.jpg 600w, https:\/\/www.chinaframe.com\/wp-content\/uploads\/2025\/07\/F16005-MA34085.jpg 1137w\" sizes=\"(max-width: 180px) 100vw, 180px\" \/><img loading=\"lazy\" decoding=\"async\" class=\"size-medium wp-image-3025 alignnone\" src=\"https:\/\/www.chinaframe.com\/wp-content\/uploads\/2025\/07\/F16005-MA34088-180x300.jpg\" alt=\"\" width=\"180\" height=\"300\" srcset=\"https:\/\/www.chinaframe.com\/wp-content\/uploads\/2025\/07\/F16005-MA34088-180x300.jpg 180w, https:\/\/www.chinaframe.com\/wp-content\/uploads\/2025\/07\/F16005-MA34088-614x1024.jpg 614w, https:\/\/www.chinaframe.com\/wp-content\/uploads\/2025\/07\/F16005-MA34088-768x1281.jpg 768w, https:\/\/www.chinaframe.com\/wp-content\/uploads\/2025\/07\/F16005-MA34088-921x1536.jpg 921w, https:\/\/www.chinaframe.com\/wp-content\/uploads\/2025\/07\/F16005-MA34088-7x12.jpg 7w, https:\/\/www.chinaframe.com\/wp-content\/uploads\/2025\/07\/F16005-MA34088-600x1001.jpg 600w, https:\/\/www.chinaframe.com\/wp-content\/uploads\/2025\/07\/F16005-MA34088.jpg 1137w\" sizes=\"(max-width: 180px) 100vw, 180px\" \/><img loading=\"lazy\" decoding=\"async\" class=\"size-medium wp-image-3024 alignnone\" src=\"https:\/\/www.chinaframe.com\/wp-content\/uploads\/2025\/07\/F16005-MA34087-180x300.jpg\" alt=\"\" width=\"180\" height=\"300\" srcset=\"https:\/\/www.chinaframe.com\/wp-content\/uploads\/2025\/07\/F16005-MA34087-180x300.jpg 180w, https:\/\/www.chinaframe.com\/wp-content\/uploads\/2025\/07\/F16005-MA34087-614x1024.jpg 614w, https:\/\/www.chinaframe.com\/wp-content\/uploads\/2025\/07\/F16005-MA34087-768x1281.jpg 768w, https:\/\/www.chinaframe.com\/wp-content\/uploads\/2025\/07\/F16005-MA34087-921x1536.jpg 921w, https:\/\/www.chinaframe.com\/wp-content\/uploads\/2025\/07\/F16005-MA34087-7x12.jpg 7w, https:\/\/www.chinaframe.com\/wp-content\/uploads\/2025\/07\/F16005-MA34087-600x1001.jpg 600w, https:\/\/www.chinaframe.com\/wp-content\/uploads\/2025\/07\/F16005-MA34087.jpg 1137w\" sizes=\"(max-width: 180px) 100vw, 180px\" \/><img loading=\"lazy\" decoding=\"async\" class=\"size-medium wp-image-3023 alignnone\" src=\"https:\/\/www.chinaframe.com\/wp-content\/uploads\/2025\/07\/F16005-MA34086-1-180x300.jpg\" alt=\"\" width=\"180\" height=\"300\" srcset=\"https:\/\/www.chinaframe.com\/wp-content\/uploads\/2025\/07\/F16005-MA34086-1-180x300.jpg 180w, https:\/\/www.chinaframe.com\/wp-content\/uploads\/2025\/07\/F16005-MA34086-1-614x1024.jpg 614w, https:\/\/www.chinaframe.com\/wp-content\/uploads\/2025\/07\/F16005-MA34086-1-768x1281.jpg 768w, https:\/\/www.chinaframe.com\/wp-content\/uploads\/2025\/07\/F16005-MA34086-1-921x1536.jpg 921w, https:\/\/www.chinaframe.com\/wp-content\/uploads\/2025\/07\/F16005-MA34086-1-7x12.jpg 7w, https:\/\/www.chinaframe.com\/wp-content\/uploads\/2025\/07\/F16005-MA34086-1-600x1001.jpg 600w, https:\/\/www.chinaframe.com\/wp-content\/uploads\/2025\/07\/F16005-MA34086-1.jpg 1137w\" sizes=\"(max-width: 180px) 100vw, 180px\" \/><img loading=\"lazy\" decoding=\"async\" class=\"size-medium wp-image-3021 alignnone\" src=\"https:\/\/www.chinaframe.com\/wp-content\/uploads\/2025\/07\/F16005-MA34084-180x300.jpg\" alt=\"\" width=\"180\" height=\"300\" srcset=\"https:\/\/www.chinaframe.com\/wp-content\/uploads\/2025\/07\/F16005-MA34084-180x300.jpg 180w, https:\/\/www.chinaframe.com\/wp-content\/uploads\/2025\/07\/F16005-MA34084-614x1024.jpg 614w, https:\/\/www.chinaframe.com\/wp-content\/uploads\/2025\/07\/F16005-MA34084-768x1281.jpg 768w, https:\/\/www.chinaframe.com\/wp-content\/uploads\/2025\/07\/F16005-MA34084-921x1536.jpg 921w, https:\/\/www.chinaframe.com\/wp-content\/uploads\/2025\/07\/F16005-MA34084-7x12.jpg 7w, https:\/\/www.chinaframe.com\/wp-content\/uploads\/2025\/07\/F16005-MA34084-600x1001.jpg 600w, https:\/\/www.chinaframe.com\/wp-content\/uploads\/2025\/07\/F16005-MA34084.jpg 1137w\" sizes=\"(max-width: 180px) 100vw, 180px\" \/><img loading=\"lazy\" decoding=\"async\" class=\"size-medium wp-image-3020 alignnone\" src=\"https:\/\/www.chinaframe.com\/wp-content\/uploads\/2025\/07\/F16005-MA31537-180x300.jpg\" alt=\"\" width=\"180\" height=\"300\" srcset=\"https:\/\/www.chinaframe.com\/wp-content\/uploads\/2025\/07\/F16005-MA31537-180x300.jpg 180w, https:\/\/www.chinaframe.com\/wp-content\/uploads\/2025\/07\/F16005-MA31537-614x1024.jpg 614w, https:\/\/www.chinaframe.com\/wp-content\/uploads\/2025\/07\/F16005-MA31537-768x1281.jpg 768w, https:\/\/www.chinaframe.com\/wp-content\/uploads\/2025\/07\/F16005-MA31537-921x1536.jpg 921w, https:\/\/www.chinaframe.com\/wp-content\/uploads\/2025\/07\/F16005-MA31537-7x12.jpg 7w, https:\/\/www.chinaframe.com\/wp-content\/uploads\/2025\/07\/F16005-MA31537-600x1001.jpg 600w, https:\/\/www.chinaframe.com\/wp-content\/uploads\/2025\/07\/F16005-MA31537.jpg 1137w\" sizes=\"(max-width: 180px) 100vw, 180px\" \/><img loading=\"lazy\" decoding=\"async\" class=\"size-medium wp-image-3014 alignnone\" src=\"https:\/\/www.chinaframe.com\/wp-content\/uploads\/2025\/07\/F16005-MA31525-180x300.jpg\" alt=\"\" width=\"180\" height=\"300\" srcset=\"https:\/\/www.chinaframe.com\/wp-content\/uploads\/2025\/07\/F16005-MA31525-180x300.jpg 180w, https:\/\/www.chinaframe.com\/wp-content\/uploads\/2025\/07\/F16005-MA31525-614x1024.jpg 614w, https:\/\/www.chinaframe.com\/wp-content\/uploads\/2025\/07\/F16005-MA31525-768x1281.jpg 768w, https:\/\/www.chinaframe.com\/wp-content\/uploads\/2025\/07\/F16005-MA31525-921x1536.jpg 921w, https:\/\/www.chinaframe.com\/wp-content\/uploads\/2025\/07\/F16005-MA31525-7x12.jpg 7w, https:\/\/www.chinaframe.com\/wp-content\/uploads\/2025\/07\/F16005-MA31525-600x1001.jpg 600w, https:\/\/www.chinaframe.com\/wp-content\/uploads\/2025\/07\/F16005-MA31525.jpg 1137w\" sizes=\"(max-width: 180px) 100vw, 180px\" \/><img loading=\"lazy\" decoding=\"async\" class=\"size-medium wp-image-3026 alignnone\" src=\"https:\/\/www.chinaframe.com\/wp-content\/uploads\/2025\/07\/F16005-MA34089-180x300.jpg\" alt=\"\" width=\"180\" height=\"300\" srcset=\"https:\/\/www.chinaframe.com\/wp-content\/uploads\/2025\/07\/F16005-MA34089-180x300.jpg 180w, https:\/\/www.chinaframe.com\/wp-content\/uploads\/2025\/07\/F16005-MA34089-614x1024.jpg 614w, https:\/\/www.chinaframe.com\/wp-content\/uploads\/2025\/07\/F16005-MA34089-768x1281.jpg 768w, https:\/\/www.chinaframe.com\/wp-content\/uploads\/2025\/07\/F16005-MA34089-921x1536.jpg 921w, https:\/\/www.chinaframe.com\/wp-content\/uploads\/2025\/07\/F16005-MA34089-7x12.jpg 7w, https:\/\/www.chinaframe.com\/wp-content\/uploads\/2025\/07\/F16005-MA34089-600x1001.jpg 600w, https:\/\/www.chinaframe.com\/wp-content\/uploads\/2025\/07\/F16005-MA34089.jpg 1137w\" sizes=\"(max-width: 180px) 100vw, 180px\" \/><img loading=\"lazy\" decoding=\"async\" class=\"size-medium wp-image-3017 alignnone\" src=\"https:\/\/www.chinaframe.com\/wp-content\/uploads\/2025\/07\/F16005-MA31529-180x300.jpg\" alt=\"\" width=\"180\" height=\"300\" srcset=\"https:\/\/www.chinaframe.com\/wp-content\/uploads\/2025\/07\/F16005-MA31529-180x300.jpg 180w, https:\/\/www.chinaframe.com\/wp-content\/uploads\/2025\/07\/F16005-MA31529-614x1024.jpg 614w, https:\/\/www.chinaframe.com\/wp-content\/uploads\/2025\/07\/F16005-MA31529-768x1281.jpg 768w, https:\/\/www.chinaframe.com\/wp-content\/uploads\/2025\/07\/F16005-MA31529-921x1536.jpg 921w, https:\/\/www.chinaframe.com\/wp-content\/uploads\/2025\/07\/F16005-MA31529-7x12.jpg 7w, https:\/\/www.chinaframe.com\/wp-content\/uploads\/2025\/07\/F16005-MA31529-600x1001.jpg 600w, https:\/\/www.chinaframe.com\/wp-content\/uploads\/2025\/07\/F16005-MA31529.jpg 1137w\" sizes=\"(max-width: 180px) 100vw, 180px\" \/><img loading=\"lazy\" decoding=\"async\" class=\"size-medium wp-image-3019 alignnone\" src=\"https:\/\/www.chinaframe.com\/wp-content\/uploads\/2025\/07\/F16005-MA31536-180x300.jpg\" alt=\"\" width=\"180\" height=\"300\" srcset=\"https:\/\/www.chinaframe.com\/wp-content\/uploads\/2025\/07\/F16005-MA31536-180x300.jpg 180w, https:\/\/www.chinaframe.com\/wp-content\/uploads\/2025\/07\/F16005-MA31536-614x1024.jpg 614w, https:\/\/www.chinaframe.com\/wp-content\/uploads\/2025\/07\/F16005-MA31536-768x1281.jpg 768w, https:\/\/www.chinaframe.com\/wp-content\/uploads\/2025\/07\/F16005-MA31536-921x1536.jpg 921w, https:\/\/www.chinaframe.com\/wp-content\/uploads\/2025\/07\/F16005-MA31536-7x12.jpg 7w, https:\/\/www.chinaframe.com\/wp-content\/uploads\/2025\/07\/F16005-MA31536-600x1001.jpg 600w, https:\/\/www.chinaframe.com\/wp-content\/uploads\/2025\/07\/F16005-MA31536.jpg 1137w\" sizes=\"(max-width: 180px) 100vw, 180px\" \/><img loading=\"lazy\" decoding=\"async\" class=\"aligncenter size-full wp-image-2920\" src=\"https:\/\/www.chinaframe.com\/wp-content\/uploads\/2025\/05\/9999999999.jpg\" alt=\"\" width=\"1162\" height=\"798\" srcset=\"https:\/\/www.chinaframe.com\/wp-content\/uploads\/2025\/05\/9999999999.jpg 1162w, https:\/\/www.chinaframe.com\/wp-content\/uploads\/2025\/05\/9999999999-300x206.jpg 300w, https:\/\/www.chinaframe.com\/wp-content\/uploads\/2025\/05\/9999999999-1024x703.jpg 1024w, https:\/\/www.chinaframe.com\/wp-content\/uploads\/2025\/05\/9999999999-768x527.jpg 768w, https:\/\/www.chinaframe.com\/wp-content\/uploads\/2025\/05\/9999999999-18x12.jpg 18w, https:\/\/www.chinaframe.com\/wp-content\/uploads\/2025\/05\/9999999999-600x412.jpg 600w\" sizes=\"(max-width: 1162px) 100vw, 1162px\" \/><\/h4>\n<p>&nbsp;<\/p>\n<p><iframe title=\"El proceso de instalaci\u00f3n de paneles de pared\" width=\"800\" height=\"450\" src=\"https:\/\/www.youtube.com\/embed\/skV8gRv8kCw?feature=oembed\" frameborder=\"0\" allow=\"accelerometer; autoplay; clipboard-write; encrypted-media; gyroscope; picture-in-picture; web-share\" referrerpolicy=\"strict-origin-when-cross-origin\" allowfullscreen><\/iframe><\/p>\n<h4><img loading=\"lazy\" decoding=\"async\" class=\"aligncenter size-full wp-image-2919\" src=\"https:\/\/www.chinaframe.com\/wp-content\/uploads\/2025\/05\/456786.jpg\" alt=\"\" width=\"1154\" height=\"783\" srcset=\"https:\/\/www.chinaframe.com\/wp-content\/uploads\/2025\/05\/456786.jpg 1154w, https:\/\/www.chinaframe.com\/wp-content\/uploads\/2025\/05\/456786-300x204.jpg 300w, https:\/\/www.chinaframe.com\/wp-content\/uploads\/2025\/05\/456786-1024x695.jpg 1024w, https:\/\/www.chinaframe.com\/wp-content\/uploads\/2025\/05\/456786-768x521.jpg 768w, https:\/\/www.chinaframe.com\/wp-content\/uploads\/2025\/05\/456786-18x12.jpg 18w, https:\/\/www.chinaframe.com\/wp-content\/uploads\/2025\/05\/456786-600x407.jpg 600w\" sizes=\"(max-width: 1154px) 100vw, 1154px\" \/><\/h4>","protected":false},"excerpt":{"rendered":"<p>Panel de pared PS \u2013 Elegancia ligera para una decoraci\u00f3n interior sin esfuerzo. Los paneles de pared PS ofrecen una soluci\u00f3n elegante, ligera y f\u00e1cil de instalar para la decoraci\u00f3n interior.<br \/>\nHechos de poliestireno duradero, son resistentes a la humedad, de bajo mantenimiento y ideales tanto para espacios residenciales como comerciales.<br \/>\nCon una superficie lisa lista para pintar o personalizar, agregan un toque limpio y moderno a cualquier pared. Con un acabado refinado y moderno y perfil delgado, estos paneles de pared son ideales para crear paredes de acento, o transformaciones de habitaciones completas o renovaci\u00f3n o decoraci\u00f3n del hogar.<br \/>\nDisponible en una variedad de colores y texturas.<br \/>\nHecho de Poliestireno (PS) de alta calidad.<br \/>\nLos paneles son ultraligeros pero fuertes, lo que los hace f\u00e1ciles de manejar e instalar.<br \/>\n100% reciclable y libre de sustancias nocivas.<br \/>\nF\u00e1cil de cortar, recortar y montar con adhesivos o u\u00f1as est\u00e1ndar.<\/p>","protected":false},"featured_media":3010,"comment_status":"open","ping_status":"closed","template":"","meta":{"_acf_changed":false},"product_brand":[],"product_cat":[115,95,98,113,15,101],"product_tag":[],"class_list":{"0":"post-3003","1":"product","2":"type-product","3":"status-publish","4":"has-post-thumbnail","6":"product_cat-160mm","7":"product_cat-material","8":"product_cat-ps","9":"product_cat-ps-wall-panel","10":"product_cat-wall-panel","11":"product_cat-width","13":"first","14":"instock","15":"shipping-taxable","16":"product-type-simple"},"acf":[],"_links":{"self":[{"href":"https:\/\/www.chinaframe.com\/es\/wp-json\/wp\/v2\/product\/3003","targetHints":{"allow":["GET"]}}],"collection":[{"href":"https:\/\/www.chinaframe.com\/es\/wp-json\/wp\/v2\/product"}],"about":[{"href":"https:\/\/www.chinaframe.com\/es\/wp-json\/wp\/v2\/types\/product"}],"replies":[{"embeddable":true,"href":"https:\/\/www.chinaframe.com\/es\/wp-json\/wp\/v2\/comments?post=3003"}],"wp:featuredmedia":[{"embeddable":true,"href":"https:\/\/www.chinaframe.com\/es\/wp-json\/wp\/v2\/media\/3010"}],"wp:attachment":[{"href":"https:\/\/www.chinaframe.com\/es\/wp-json\/wp\/v2\/media?parent=3003"}],"wp:term":[{"taxonomy":"product_brand","embeddable":true,"href":"https:\/\/www.chinaframe.com\/es\/wp-json\/wp\/v2\/product_brand?post=3003"},{"taxonomy":"product_cat","embeddable":true,"href":"https:\/\/www.chinaframe.com\/es\/wp-json\/wp\/v2\/product_cat?post=3003"},{"taxonomy":"product_tag","embeddable":true,"href":"https:\/\/www.chinaframe.com\/es\/wp-json\/wp\/v2\/product_tag?post=3003"}],"curies":[{"name":"WP","href":"https:\/\/api.w.org\/{rel}","templated":true}]}}