{"id":2963,"date":"2025-07-08T08:32:29","date_gmt":"2025-07-08T00:32:29","guid":{"rendered":"https:\/\/www.chinaframe.com\/?post_type=product&#038;p=2963"},"modified":"2026-04-13T10:06:57","modified_gmt":"2026-04-13T02:06:57","slug":"j01f01-mj1-17-2-2-2-2","status":"publish","type":"product","link":"https:\/\/www.chinaframe.com\/es\/product\/j01f01-mj1-17-2-2-2-2\/","title":{"rendered":"Piso LVT"},"content":{"rendered":"<p><img fetchpriority=\"high\" decoding=\"async\" class=\"aligncenter size-full wp-image-2968\" src=\"https:\/\/www.chinaframe.com\/wp-content\/uploads\/2025\/07\/\u65c5\u9f20\u5154.jpg\" alt=\"\" width=\"483\" height=\"464\" srcset=\"https:\/\/www.chinaframe.com\/wp-content\/uploads\/2025\/07\/\u65c5\u9f20\u5154.jpg 483w, https:\/\/www.chinaframe.com\/wp-content\/uploads\/2025\/07\/\u65c5\u9f20\u5154-300x288.jpg 300w, https:\/\/www.chinaframe.com\/wp-content\/uploads\/2025\/07\/\u65c5\u9f20\u5154-12x12.jpg 12w\" sizes=\"(max-width: 483px) 100vw, 483px\" \/> <img decoding=\"async\" class=\"aligncenter size-full wp-image-2969\" src=\"https:\/\/www.chinaframe.com\/wp-content\/uploads\/2025\/07\/\u8bf4\u660e\u56fe.jpg\" alt=\"\" width=\"944\" height=\"623\" srcset=\"https:\/\/www.chinaframe.com\/wp-content\/uploads\/2025\/07\/\u8bf4\u660e\u56fe.jpg 944w, https:\/\/www.chinaframe.com\/wp-content\/uploads\/2025\/07\/\u8bf4\u660e\u56fe-300x198.jpg 300w, https:\/\/www.chinaframe.com\/wp-content\/uploads\/2025\/07\/\u8bf4\u660e\u56fe-768x507.jpg 768w, https:\/\/www.chinaframe.com\/wp-content\/uploads\/2025\/07\/\u8bf4\u660e\u56fe-18x12.jpg 18w, https:\/\/www.chinaframe.com\/wp-content\/uploads\/2025\/07\/\u8bf4\u660e\u56fe-600x396.jpg 600w\" sizes=\"(max-width: 944px) 100vw, 944px\" \/> <img decoding=\"async\" class=\"aligncenter size-full wp-image-2966\" src=\"https:\/\/www.chinaframe.com\/wp-content\/uploads\/2025\/07\/541551.jpg\" alt=\"\" width=\"1336\" height=\"776\" srcset=\"https:\/\/www.chinaframe.com\/wp-content\/uploads\/2025\/07\/541551.jpg 1336w, https:\/\/www.chinaframe.com\/wp-content\/uploads\/2025\/07\/541551-300x174.jpg 300w, https:\/\/www.chinaframe.com\/wp-content\/uploads\/2025\/07\/541551-1024x595.jpg 1024w, https:\/\/www.chinaframe.com\/wp-content\/uploads\/2025\/07\/541551-768x446.jpg 768w, https:\/\/www.chinaframe.com\/wp-content\/uploads\/2025\/07\/541551-18x10.jpg 18w, https:\/\/www.chinaframe.com\/wp-content\/uploads\/2025\/07\/541551-600x349.jpg 600w\" sizes=\"(max-width: 1336px) 100vw, 1336px\" \/> <img loading=\"lazy\" decoding=\"async\" class=\"aligncenter size-full wp-image-2965\" src=\"https:\/\/www.chinaframe.com\/wp-content\/uploads\/2025\/07\/84841.jpg\" alt=\"\" width=\"1338\" height=\"804\" srcset=\"https:\/\/www.chinaframe.com\/wp-content\/uploads\/2025\/07\/84841.jpg 1338w, https:\/\/www.chinaframe.com\/wp-content\/uploads\/2025\/07\/84841-300x180.jpg 300w, https:\/\/www.chinaframe.com\/wp-content\/uploads\/2025\/07\/84841-1024x615.jpg 1024w, https:\/\/www.chinaframe.com\/wp-content\/uploads\/2025\/07\/84841-768x461.jpg 768w, https:\/\/www.chinaframe.com\/wp-content\/uploads\/2025\/07\/84841-18x12.jpg 18w, https:\/\/www.chinaframe.com\/wp-content\/uploads\/2025\/07\/84841-600x361.jpg 600w\" sizes=\"(max-width: 1338px) 100vw, 1338px\" \/> <img loading=\"lazy\" decoding=\"async\" class=\"aligncenter size-full wp-image-2964\" src=\"https:\/\/www.chinaframe.com\/wp-content\/uploads\/2025\/07\/9999.jpg\" alt=\"\" width=\"1325\" height=\"797\" srcset=\"https:\/\/www.chinaframe.com\/wp-content\/uploads\/2025\/07\/9999.jpg 1325w, https:\/\/www.chinaframe.com\/wp-content\/uploads\/2025\/07\/9999-300x180.jpg 300w, https:\/\/www.chinaframe.com\/wp-content\/uploads\/2025\/07\/9999-1024x616.jpg 1024w, https:\/\/www.chinaframe.com\/wp-content\/uploads\/2025\/07\/9999-768x462.jpg 768w, https:\/\/www.chinaframe.com\/wp-content\/uploads\/2025\/07\/9999-18x12.jpg 18w, https:\/\/www.chinaframe.com\/wp-content\/uploads\/2025\/07\/9999-600x361.jpg 600w\" sizes=\"(max-width: 1325px) 100vw, 1325px\" \/><\/p>","protected":false},"excerpt":{"rendered":"<p>Suelos interiores, suelos LVT, con varios patrones de grano de madera, bloques de pavimentaci\u00f3n de decoraci\u00f3n, adecuados para una renovaci\u00f3n r\u00e1pida y una construcci\u00f3n r\u00e1pida. C\u00f3modo para los pies.<\/p>","protected":false},"featured_media":2967,"comment_status":"open","ping_status":"closed","template":"","meta":{"_acf_changed":false},"product_brand":[],"product_cat":[99,123],"product_tag":[],"class_list":{"0":"post-2963","1":"product","2":"type-product","3":"status-publish","4":"has-post-thumbnail","6":"product_cat-pvc","7":"product_cat-spc-flooring","9":"first","10":"instock","11":"shipping-taxable","12":"product-type-simple"},"acf":[],"_links":{"self":[{"href":"https:\/\/www.chinaframe.com\/es\/wp-json\/wp\/v2\/product\/2963","targetHints":{"allow":["GET"]}}],"collection":[{"href":"https:\/\/www.chinaframe.com\/es\/wp-json\/wp\/v2\/product"}],"about":[{"href":"https:\/\/www.chinaframe.com\/es\/wp-json\/wp\/v2\/types\/product"}],"replies":[{"embeddable":true,"href":"https:\/\/www.chinaframe.com\/es\/wp-json\/wp\/v2\/comments?post=2963"}],"wp:featuredmedia":[{"embeddable":true,"href":"https:\/\/www.chinaframe.com\/es\/wp-json\/wp\/v2\/media\/2967"}],"wp:attachment":[{"href":"https:\/\/www.chinaframe.com\/es\/wp-json\/wp\/v2\/media?parent=2963"}],"wp:term":[{"taxonomy":"product_brand","embeddable":true,"href":"https:\/\/www.chinaframe.com\/es\/wp-json\/wp\/v2\/product_brand?post=2963"},{"taxonomy":"product_cat","embeddable":true,"href":"https:\/\/www.chinaframe.com\/es\/wp-json\/wp\/v2\/product_cat?post=2963"},{"taxonomy":"product_tag","embeddable":true,"href":"https:\/\/www.chinaframe.com\/es\/wp-json\/wp\/v2\/product_tag?post=2963"}],"curies":[{"name":"WP","href":"https:\/\/api.w.org\/{rel}","templated":true}]}}