{"id":2925,"date":"2025-06-27T17:29:35","date_gmt":"2025-06-27T09:29:35","guid":{"rendered":"https:\/\/www.chinaframe.com\/?post_type=product&#038;p=2925"},"modified":"2025-06-27T17:30:15","modified_gmt":"2025-06-27T09:30:15","slug":"j01f01-mj1-17-2-2","status":"publish","type":"product","link":"https:\/\/www.chinaframe.com\/es\/product\/j01f01-mj1-17-2-2\/","title":{"rendered":"TABLA UV de SPC HH24004"},"content":{"rendered":"<p><img fetchpriority=\"high\" decoding=\"async\" class=\"aligncenter size-full wp-image-2927\" src=\"https:\/\/www.chinaframe.com\/wp-content\/uploads\/2025\/06\/\u6355\u83b7-2.jpg\" alt=\"\" width=\"853\" height=\"573\" srcset=\"https:\/\/www.chinaframe.com\/wp-content\/uploads\/2025\/06\/\u6355\u83b7-2.jpg 853w, https:\/\/www.chinaframe.com\/wp-content\/uploads\/2025\/06\/\u6355\u83b7-2-300x202.jpg 300w, https:\/\/www.chinaframe.com\/wp-content\/uploads\/2025\/06\/\u6355\u83b7-2-768x516.jpg 768w, https:\/\/www.chinaframe.com\/wp-content\/uploads\/2025\/06\/\u6355\u83b7-2-18x12.jpg 18w, https:\/\/www.chinaframe.com\/wp-content\/uploads\/2025\/06\/\u6355\u83b7-2-600x403.jpg 600w\" sizes=\"(max-width: 853px) 100vw, 853px\" \/><img decoding=\"async\" class=\"aligncenter size-full wp-image-2935\" src=\"https:\/\/www.chinaframe.com\/wp-content\/uploads\/2025\/06\/7852424.jpg\" alt=\"\" width=\"345\" height=\"708\" srcset=\"https:\/\/www.chinaframe.com\/wp-content\/uploads\/2025\/06\/7852424.jpg 345w, https:\/\/www.chinaframe.com\/wp-content\/uploads\/2025\/06\/7852424-146x300.jpg 146w, https:\/\/www.chinaframe.com\/wp-content\/uploads\/2025\/06\/7852424-6x12.jpg 6w\" sizes=\"(max-width: 345px) 100vw, 345px\" \/> <img decoding=\"async\" class=\"aligncenter size-full wp-image-2936\" src=\"https:\/\/www.chinaframe.com\/wp-content\/uploads\/2025\/06\/153278.jpg\" alt=\"\" width=\"348\" height=\"705\" srcset=\"https:\/\/www.chinaframe.com\/wp-content\/uploads\/2025\/06\/153278.jpg 348w, https:\/\/www.chinaframe.com\/wp-content\/uploads\/2025\/06\/153278-148x300.jpg 148w, https:\/\/www.chinaframe.com\/wp-content\/uploads\/2025\/06\/153278-6x12.jpg 6w\" sizes=\"(max-width: 348px) 100vw, 348px\" \/> <img loading=\"lazy\" decoding=\"async\" class=\"aligncenter size-full wp-image-2934\" src=\"https:\/\/www.chinaframe.com\/wp-content\/uploads\/2025\/06\/785278.jpg\" alt=\"\" width=\"337\" height=\"714\" srcset=\"https:\/\/www.chinaframe.com\/wp-content\/uploads\/2025\/06\/785278.jpg 337w, https:\/\/www.chinaframe.com\/wp-content\/uploads\/2025\/06\/785278-142x300.jpg 142w, https:\/\/www.chinaframe.com\/wp-content\/uploads\/2025\/06\/785278-6x12.jpg 6w\" sizes=\"(max-width: 337px) 100vw, 337px\" \/> <img loading=\"lazy\" decoding=\"async\" class=\"aligncenter size-full wp-image-2933\" src=\"https:\/\/www.chinaframe.com\/wp-content\/uploads\/2025\/06\/452425.jpg\" alt=\"\" width=\"343\" height=\"698\" srcset=\"https:\/\/www.chinaframe.com\/wp-content\/uploads\/2025\/06\/452425.jpg 343w, https:\/\/www.chinaframe.com\/wp-content\/uploads\/2025\/06\/452425-147x300.jpg 147w, https:\/\/www.chinaframe.com\/wp-content\/uploads\/2025\/06\/452425-6x12.jpg 6w\" sizes=\"(max-width: 343px) 100vw, 343px\" \/> <img loading=\"lazy\" decoding=\"async\" class=\"aligncenter size-full wp-image-2929\" src=\"https:\/\/www.chinaframe.com\/wp-content\/uploads\/2025\/06\/7867878.jpg\" alt=\"\" width=\"1203\" height=\"757\" srcset=\"https:\/\/www.chinaframe.com\/wp-content\/uploads\/2025\/06\/7867878.jpg 1203w, https:\/\/www.chinaframe.com\/wp-content\/uploads\/2025\/06\/7867878-300x189.jpg 300w, https:\/\/www.chinaframe.com\/wp-content\/uploads\/2025\/06\/7867878-1024x644.jpg 1024w, https:\/\/www.chinaframe.com\/wp-content\/uploads\/2025\/06\/7867878-768x483.jpg 768w, https:\/\/www.chinaframe.com\/wp-content\/uploads\/2025\/06\/7867878-18x12.jpg 18w, https:\/\/www.chinaframe.com\/wp-content\/uploads\/2025\/06\/7867878-600x378.jpg 600w\" sizes=\"(max-width: 1203px) 100vw, 1203px\" \/><\/p>","protected":false},"excerpt":{"rendered":"<p>El tablero de m\u00e1rmol UV est\u00e1 hecho de una mezcla de PVC y polvo de calcio. Tiene patrones de m\u00e1rmol en la superficie, que es real, hermoso y adecuado para paredes de fondo de casa.<\/p>","protected":false},"featured_media":2926,"comment_status":"open","ping_status":"closed","template":"","meta":{"_acf_changed":false},"product_brand":[],"product_cat":[99,74,15,100],"product_tag":[],"class_list":{"0":"post-2925","1":"product","2":"type-product","3":"status-publish","4":"has-post-thumbnail","6":"product_cat-pvc","7":"product_cat-spc-wall-panel","8":"product_cat-wall-panel","9":"product_cat-wpc","11":"first","12":"instock","13":"shipping-taxable","14":"product-type-simple"},"acf":[],"_links":{"self":[{"href":"https:\/\/www.chinaframe.com\/es\/wp-json\/wp\/v2\/product\/2925","targetHints":{"allow":["GET"]}}],"collection":[{"href":"https:\/\/www.chinaframe.com\/es\/wp-json\/wp\/v2\/product"}],"about":[{"href":"https:\/\/www.chinaframe.com\/es\/wp-json\/wp\/v2\/types\/product"}],"replies":[{"embeddable":true,"href":"https:\/\/www.chinaframe.com\/es\/wp-json\/wp\/v2\/comments?post=2925"}],"wp:featuredmedia":[{"embeddable":true,"href":"https:\/\/www.chinaframe.com\/es\/wp-json\/wp\/v2\/media\/2926"}],"wp:attachment":[{"href":"https:\/\/www.chinaframe.com\/es\/wp-json\/wp\/v2\/media?parent=2925"}],"wp:term":[{"taxonomy":"product_brand","embeddable":true,"href":"https:\/\/www.chinaframe.com\/es\/wp-json\/wp\/v2\/product_brand?post=2925"},{"taxonomy":"product_cat","embeddable":true,"href":"https:\/\/www.chinaframe.com\/es\/wp-json\/wp\/v2\/product_cat?post=2925"},{"taxonomy":"product_tag","embeddable":true,"href":"https:\/\/www.chinaframe.com\/es\/wp-json\/wp\/v2\/product_tag?post=2925"}],"curies":[{"name":"WP","href":"https:\/\/api.w.org\/{rel}","templated":true}]}}