{"id":2885,"date":"2025-06-17T11:32:38","date_gmt":"2025-06-17T03:32:38","guid":{"rendered":"https:\/\/www.chinaframe.com\/?post_type=product&#038;p=2885"},"modified":"2025-06-27T14:08:09","modified_gmt":"2025-06-27T06:08:09","slug":"j01f01-mj1-17-2","status":"publish","type":"product","link":"https:\/\/www.chinaframe.com\/es\/product\/j01f01-mj1-17-2\/","title":{"rendered":"J01F01-MJ1-17"},"content":{"rendered":"<p>Proteger las paredes y los pisos<\/p>\n<p>Dise\u00f1ado para protegerse contra el desgaste diario, este moldura de placa base protege efectivamente las paredes y los pisos desde ara\u00f1azos, rasgu\u00f1os y acumulaci\u00f3n de tierra. Es una opci\u00f3n pr\u00e1ctica para mantener la limpieza y la apariencia de sus interiores con el tiempo.<\/p>\n<p>Instalaci\u00f3n r\u00e1pida y f\u00e1cil<\/p>\n<p>No se requieren herramientas complicadas: simplemente aplique el uso del adhesivo o el pegamento (no incluido). Ya sea que sea un principiante de bricolaje o un instalador experimentado, este adorno de moldeo facilita el logro de un acabado limpio y profesional.<\/p>\n<p>Aplicaci\u00f3n vers\u00e1til<\/p>\n<p>Perfecto para una amplia gama de espacios, que incluyen:<\/p>\n<ul>\n<li>Salas de estar y dormitorios<\/li>\n<li>Cocinas y ba\u00f1os<\/li>\n<li>Oficinas e interiores comerciales<br \/>\n<img fetchpriority=\"high\" decoding=\"async\" class=\"aligncenter size-full wp-image-2748\" src=\"https:\/\/www.chinaframe.com\/wp-content\/uploads\/2025\/05\/J01F01-MJ1-17.jpg\" alt=\"J01F01-MJ1-17\" width=\"696\" height=\"702\" \/><img decoding=\"async\" class=\"aligncenter size-full wp-image-2749\" src=\"https:\/\/www.chinaframe.com\/wp-content\/uploads\/2025\/05\/\u6355\u83b7.jpg\" alt=\"WPC DECKING TB140H23-CR\" width=\"507\" height=\"881\" srcset=\"https:\/\/www.chinaframe.com\/wp-content\/uploads\/2025\/05\/\u6355\u83b7.jpg 507w, https:\/\/www.chinaframe.com\/wp-content\/uploads\/2025\/05\/\u6355\u83b7-173x300.jpg 173w\" sizes=\"(max-width: 507px) 100vw, 507px\" \/><\/li>\n<\/ul>","protected":false},"excerpt":{"rendered":"<p>Males de cubierta de entrelazamiento de WPC: dura, impermeable y f\u00e1cil de instalar al aire libre<\/p>\n<p>Construcci\u00f3n de poliestireno de alto impacto<\/p>\n<p>Hecho a partir de poliestireno r\u00edgido de alto impacto, nuestro tablero de esquisto ofrece una fuerza y \u200b\u200bestabilidad superiores en comparaci\u00f3n con las alternativas flexibles de PVC. Se instala recto y limpio, sin deformaci\u00f3n o ca\u00edda. El material es pintable, resistente a la humedad y resistente a las grietas, lo que afecta un acabado pr\u00edstino y duradero.<\/p>","protected":false},"featured_media":2916,"comment_status":"open","ping_status":"closed","template":"","meta":{"_acf_changed":false},"product_brand":[],"product_cat":[15],"product_tag":[],"class_list":{"0":"post-2885","1":"product","2":"type-product","3":"status-publish","4":"has-post-thumbnail","6":"product_cat-wall-panel","8":"first","9":"instock","10":"shipping-taxable","11":"product-type-simple"},"acf":[],"_links":{"self":[{"href":"https:\/\/www.chinaframe.com\/es\/wp-json\/wp\/v2\/product\/2885","targetHints":{"allow":["GET"]}}],"collection":[{"href":"https:\/\/www.chinaframe.com\/es\/wp-json\/wp\/v2\/product"}],"about":[{"href":"https:\/\/www.chinaframe.com\/es\/wp-json\/wp\/v2\/types\/product"}],"replies":[{"embeddable":true,"href":"https:\/\/www.chinaframe.com\/es\/wp-json\/wp\/v2\/comments?post=2885"}],"wp:featuredmedia":[{"embeddable":true,"href":"https:\/\/www.chinaframe.com\/es\/wp-json\/wp\/v2\/media\/2916"}],"wp:attachment":[{"href":"https:\/\/www.chinaframe.com\/es\/wp-json\/wp\/v2\/media?parent=2885"}],"wp:term":[{"taxonomy":"product_brand","embeddable":true,"href":"https:\/\/www.chinaframe.com\/es\/wp-json\/wp\/v2\/product_brand?post=2885"},{"taxonomy":"product_cat","embeddable":true,"href":"https:\/\/www.chinaframe.com\/es\/wp-json\/wp\/v2\/product_cat?post=2885"},{"taxonomy":"product_tag","embeddable":true,"href":"https:\/\/www.chinaframe.com\/es\/wp-json\/wp\/v2\/product_tag?post=2885"}],"curies":[{"name":"WP","href":"https:\/\/api.w.org\/{rel}","templated":true}]}}