{"id":2884,"date":"2025-06-17T11:21:56","date_gmt":"2025-06-17T03:21:56","guid":{"rendered":"https:\/\/www.chinaframe.com\/?post_type=product&#038;p=2884"},"modified":"2025-07-08T08:53:48","modified_gmt":"2025-07-08T00:53:48","slug":"wpc-decking-tb140h23-cr-2","status":"publish","type":"product","link":"https:\/\/www.chinaframe.com\/es\/product\/wpc-decking-tb140h23-cr-2\/","title":{"rendered":"WPC DECKING TB140H23-CR"},"content":{"rendered":"<ul>\n<li>Pisos WPC al aire libre\n<p>Dise\u00f1ado para resistir el desgaste diario, este suelo de WPC al aire libre se puede usar al aire libre durante mucho tiempo y tiene una excelente resistencia al clima.<\/p>\n<p>Instalaci\u00f3n r\u00e1pida y sencilla<\/p>\n<p>No se requieren herramientas complicadas &#8211; simplemente conectar los componentes de hardware a la quilla met\u00e1lica o WPC quilla con clavos<\/p>\n<p>Amplia gama de usos<\/p>\n<p>Adecuado para una variedad de espacios, incluyendo:<\/p>\n<p>Patios al aire libre, plataformas de patio trasero<br \/>\nEspacios p\u00fablicos, entradas comerciales al aire libre, etc.<\/p>\n<p>Material: WPC<\/p>\n<p>Longitud: 2,95 metros, personalizable<br \/>\nAncho: seg\u00fan el perfil<br \/>\nAltura: seg\u00fan el perfil<br \/>\nColor: \/<\/p>\n<p>Estilo: moderno<br \/>\n<img fetchpriority=\"high\" decoding=\"async\" class=\"aligncenter size-full wp-image-2771\" src=\"https:\/\/www.chinaframe.com\/wp-content\/uploads\/2025\/05\/\u6355\u83b700.jpg\" alt=\"WPC DECKING TB140H23-CR\" width=\"662\" height=\"607\" srcset=\"https:\/\/www.chinaframe.com\/wp-content\/uploads\/2025\/05\/\u6355\u83b700.jpg 662w, https:\/\/www.chinaframe.com\/wp-content\/uploads\/2025\/05\/\u6355\u83b700-300x275.jpg 300w, https:\/\/www.chinaframe.com\/wp-content\/uploads\/2025\/05\/\u6355\u83b700-600x550.jpg 600w\" sizes=\"(max-width: 662px) 100vw, 662px\" \/><br \/>\n<img decoding=\"async\" class=\"aligncenter size-full wp-image-2770\" src=\"https:\/\/www.chinaframe.com\/wp-content\/uploads\/2025\/05\/\u6355\u83b7-2.jpg\" alt=\"\" width=\"1188\" height=\"774\" srcset=\"https:\/\/www.chinaframe.com\/wp-content\/uploads\/2025\/05\/\u6355\u83b7-2.jpg 1188w, https:\/\/www.chinaframe.com\/wp-content\/uploads\/2025\/05\/\u6355\u83b7-2-300x195.jpg 300w, https:\/\/www.chinaframe.com\/wp-content\/uploads\/2025\/05\/\u6355\u83b7-2-1024x667.jpg 1024w, https:\/\/www.chinaframe.com\/wp-content\/uploads\/2025\/05\/\u6355\u83b7-2-768x500.jpg 768w, https:\/\/www.chinaframe.com\/wp-content\/uploads\/2025\/05\/\u6355\u83b7-2-600x391.jpg 600w\" sizes=\"(max-width: 1188px) 100vw, 1188px\" \/><img decoding=\"async\" class=\"aligncenter size-full wp-image-2974\" src=\"https:\/\/www.chinaframe.com\/wp-content\/uploads\/2025\/06\/7845678423.jpg\" alt=\"\" width=\"771\" height=\"578\" srcset=\"https:\/\/www.chinaframe.com\/wp-content\/uploads\/2025\/06\/7845678423.jpg 771w, https:\/\/www.chinaframe.com\/wp-content\/uploads\/2025\/06\/7845678423-300x225.jpg 300w, https:\/\/www.chinaframe.com\/wp-content\/uploads\/2025\/06\/7845678423-768x576.jpg 768w, https:\/\/www.chinaframe.com\/wp-content\/uploads\/2025\/06\/7845678423-16x12.jpg 16w, https:\/\/www.chinaframe.com\/wp-content\/uploads\/2025\/06\/7845678423-600x450.jpg 600w\" sizes=\"(max-width: 771px) 100vw, 771px\" \/> <img loading=\"lazy\" decoding=\"async\" class=\"aligncenter size-full wp-image-2971\" src=\"https:\/\/www.chinaframe.com\/wp-content\/uploads\/2025\/06\/\u7a7a\u95f4\u56fe-2.jpg\" alt=\"\" width=\"1063\" height=\"664\" srcset=\"https:\/\/www.chinaframe.com\/wp-content\/uploads\/2025\/06\/\u7a7a\u95f4\u56fe-2.jpg 1063w, https:\/\/www.chinaframe.com\/wp-content\/uploads\/2025\/06\/\u7a7a\u95f4\u56fe-2-300x187.jpg 300w, https:\/\/www.chinaframe.com\/wp-content\/uploads\/2025\/06\/\u7a7a\u95f4\u56fe-2-1024x640.jpg 1024w, https:\/\/www.chinaframe.com\/wp-content\/uploads\/2025\/06\/\u7a7a\u95f4\u56fe-2-768x480.jpg 768w, https:\/\/www.chinaframe.com\/wp-content\/uploads\/2025\/06\/\u7a7a\u95f4\u56fe-2-18x12.jpg 18w, https:\/\/www.chinaframe.com\/wp-content\/uploads\/2025\/06\/\u7a7a\u95f4\u56fe-2-600x375.jpg 600w\" sizes=\"(max-width: 1063px) 100vw, 1063px\" \/> <img loading=\"lazy\" decoding=\"async\" class=\"aligncenter size-full wp-image-2972\" src=\"https:\/\/www.chinaframe.com\/wp-content\/uploads\/2025\/06\/74867852.jpg\" alt=\"\" width=\"1352\" height=\"310\" srcset=\"https:\/\/www.chinaframe.com\/wp-content\/uploads\/2025\/06\/74867852.jpg 1352w, https:\/\/www.chinaframe.com\/wp-content\/uploads\/2025\/06\/74867852-300x69.jpg 300w, https:\/\/www.chinaframe.com\/wp-content\/uploads\/2025\/06\/74867852-1024x235.jpg 1024w, https:\/\/www.chinaframe.com\/wp-content\/uploads\/2025\/06\/74867852-768x176.jpg 768w, https:\/\/www.chinaframe.com\/wp-content\/uploads\/2025\/06\/74867852-18x4.jpg 18w, https:\/\/www.chinaframe.com\/wp-content\/uploads\/2025\/06\/74867852-600x138.jpg 600w\" sizes=\"(max-width: 1352px) 100vw, 1352px\" \/> <img loading=\"lazy\" decoding=\"async\" class=\"aligncenter size-full wp-image-2973\" src=\"https:\/\/www.chinaframe.com\/wp-content\/uploads\/2025\/06\/78657852.jpg\" alt=\"\" width=\"1073\" height=\"582\" srcset=\"https:\/\/www.chinaframe.com\/wp-content\/uploads\/2025\/06\/78657852.jpg 1073w, https:\/\/www.chinaframe.com\/wp-content\/uploads\/2025\/06\/78657852-300x163.jpg 300w, https:\/\/www.chinaframe.com\/wp-content\/uploads\/2025\/06\/78657852-1024x555.jpg 1024w, https:\/\/www.chinaframe.com\/wp-content\/uploads\/2025\/06\/78657852-768x417.jpg 768w, https:\/\/www.chinaframe.com\/wp-content\/uploads\/2025\/06\/78657852-18x10.jpg 18w, https:\/\/www.chinaframe.com\/wp-content\/uploads\/2025\/06\/78657852-600x325.jpg 600w\" sizes=\"(max-width: 1073px) 100vw, 1073px\" \/> <img loading=\"lazy\" decoding=\"async\" class=\"aligncenter size-full wp-image-2975\" src=\"https:\/\/www.chinaframe.com\/wp-content\/uploads\/2025\/06\/\u6309\u7167.jpg\" alt=\"\" width=\"1160\" height=\"802\" srcset=\"https:\/\/www.chinaframe.com\/wp-content\/uploads\/2025\/06\/\u6309\u7167.jpg 1160w, https:\/\/www.chinaframe.com\/wp-content\/uploads\/2025\/06\/\u6309\u7167-300x207.jpg 300w, https:\/\/www.chinaframe.com\/wp-content\/uploads\/2025\/06\/\u6309\u7167-1024x708.jpg 1024w, https:\/\/www.chinaframe.com\/wp-content\/uploads\/2025\/06\/\u6309\u7167-768x531.jpg 768w, https:\/\/www.chinaframe.com\/wp-content\/uploads\/2025\/06\/\u6309\u7167-18x12.jpg 18w, https:\/\/www.chinaframe.com\/wp-content\/uploads\/2025\/06\/\u6309\u7167-600x415.jpg 600w\" sizes=\"(max-width: 1160px) 100vw, 1160px\" \/><\/li>\n<\/ul>","protected":false},"excerpt":{"rendered":"<p>Males de cubierta de entrelazamiento de WPC: dura, impermeable y f\u00e1cil de instalar al aire libre<\/p>\n<p>Construcci\u00f3n de poliestireno de alto impacto<\/p>\n<p>Hecho a partir de poliestireno r\u00edgido de alto impacto, nuestro tablero de esquisto ofrece una fuerza y \u200b\u200bestabilidad superiores en comparaci\u00f3n con las alternativas flexibles de PVC. Se instala recto y limpio, sin deformaci\u00f3n o ca\u00edda. El material es pintable, resistente a la humedad y resistente a las grietas, lo que afecta un acabado pr\u00edstino y duradero.<\/p>","protected":false},"featured_media":2771,"comment_status":"open","ping_status":"closed","template":"","meta":{"_acf_changed":false},"product_brand":[],"product_cat":[86,92],"product_tag":[],"class_list":{"0":"post-2884","1":"product","2":"type-product","3":"status-publish","4":"has-post-thumbnail","6":"product_cat-outdoor","7":"product_cat-wpc-decking","9":"first","10":"instock","11":"shipping-taxable","12":"product-type-simple"},"acf":[],"_links":{"self":[{"href":"https:\/\/www.chinaframe.com\/es\/wp-json\/wp\/v2\/product\/2884","targetHints":{"allow":["GET"]}}],"collection":[{"href":"https:\/\/www.chinaframe.com\/es\/wp-json\/wp\/v2\/product"}],"about":[{"href":"https:\/\/www.chinaframe.com\/es\/wp-json\/wp\/v2\/types\/product"}],"replies":[{"embeddable":true,"href":"https:\/\/www.chinaframe.com\/es\/wp-json\/wp\/v2\/comments?post=2884"}],"wp:featuredmedia":[{"embeddable":true,"href":"https:\/\/www.chinaframe.com\/es\/wp-json\/wp\/v2\/media\/2771"}],"wp:attachment":[{"href":"https:\/\/www.chinaframe.com\/es\/wp-json\/wp\/v2\/media?parent=2884"}],"wp:term":[{"taxonomy":"product_brand","embeddable":true,"href":"https:\/\/www.chinaframe.com\/es\/wp-json\/wp\/v2\/product_brand?post=2884"},{"taxonomy":"product_cat","embeddable":true,"href":"https:\/\/www.chinaframe.com\/es\/wp-json\/wp\/v2\/product_cat?post=2884"},{"taxonomy":"product_tag","embeddable":true,"href":"https:\/\/www.chinaframe.com\/es\/wp-json\/wp\/v2\/product_tag?post=2884"}],"curies":[{"name":"WP","href":"https:\/\/api.w.org\/{rel}","templated":true}]}}