{"id":2855,"date":"2025-06-13T11:24:47","date_gmt":"2025-06-13T03:24:47","guid":{"rendered":"https:\/\/www.chinaframe.com\/?post_type=product&#038;p=2855"},"modified":"2025-06-27T17:33:06","modified_gmt":"2025-06-27T09:33:06","slug":"wpc-wall-panel-wp15001-2-2","status":"publish","type":"product","link":"https:\/\/www.chinaframe.com\/es\/product\/wpc-wall-panel-wp15001-2-2\/","title":{"rendered":"PANEL DE PARED DE PS F11005"},"content":{"rendered":"<p><img fetchpriority=\"high\" decoding=\"async\" class=\"aligncenter size-full wp-image-2860\" src=\"https:\/\/www.chinaframe.com\/wp-content\/uploads\/2025\/06\/\u7a7a\u95f4\u56fe-1.jpg\" alt=\"\" width=\"861\" height=\"643\" srcset=\"https:\/\/www.chinaframe.com\/wp-content\/uploads\/2025\/06\/\u7a7a\u95f4\u56fe-1.jpg 861w, https:\/\/www.chinaframe.com\/wp-content\/uploads\/2025\/06\/\u7a7a\u95f4\u56fe-1-300x224.jpg 300w, https:\/\/www.chinaframe.com\/wp-content\/uploads\/2025\/06\/\u7a7a\u95f4\u56fe-1-768x574.jpg 768w, https:\/\/www.chinaframe.com\/wp-content\/uploads\/2025\/06\/\u7a7a\u95f4\u56fe-1-600x448.jpg 600w\" sizes=\"(max-width: 861px) 100vw, 861px\" \/> <img decoding=\"async\" class=\"aligncenter size-full wp-image-2859\" src=\"https:\/\/www.chinaframe.com\/wp-content\/uploads\/2025\/06\/852852.jpg\" alt=\"\" width=\"1299\" height=\"859\" srcset=\"https:\/\/www.chinaframe.com\/wp-content\/uploads\/2025\/06\/852852.jpg 1299w, https:\/\/www.chinaframe.com\/wp-content\/uploads\/2025\/06\/852852-300x198.jpg 300w, https:\/\/www.chinaframe.com\/wp-content\/uploads\/2025\/06\/852852-1024x677.jpg 1024w, https:\/\/www.chinaframe.com\/wp-content\/uploads\/2025\/06\/852852-768x508.jpg 768w, https:\/\/www.chinaframe.com\/wp-content\/uploads\/2025\/06\/852852-600x397.jpg 600w\" sizes=\"(max-width: 1299px) 100vw, 1299px\" \/> <img decoding=\"async\" class=\"aligncenter size-full wp-image-2858\" src=\"https:\/\/www.chinaframe.com\/wp-content\/uploads\/2025\/06\/999.jpg\" alt=\"\" width=\"643\" height=\"820\" srcset=\"https:\/\/www.chinaframe.com\/wp-content\/uploads\/2025\/06\/999.jpg 643w, https:\/\/www.chinaframe.com\/wp-content\/uploads\/2025\/06\/999-235x300.jpg 235w, https:\/\/www.chinaframe.com\/wp-content\/uploads\/2025\/06\/999-600x765.jpg 600w\" sizes=\"(max-width: 643px) 100vw, 643px\" \/> <img loading=\"lazy\" decoding=\"async\" class=\"aligncenter size-full wp-image-2865\" src=\"https:\/\/www.chinaframe.com\/wp-content\/uploads\/2025\/06\/004-1.jpg\" alt=\"\" width=\"632\" height=\"788\" srcset=\"https:\/\/www.chinaframe.com\/wp-content\/uploads\/2025\/06\/004-1.jpg 632w, https:\/\/www.chinaframe.com\/wp-content\/uploads\/2025\/06\/004-1-241x300.jpg 241w, https:\/\/www.chinaframe.com\/wp-content\/uploads\/2025\/06\/004-1-600x748.jpg 600w\" sizes=\"(max-width: 632px) 100vw, 632px\" \/> <img loading=\"lazy\" decoding=\"async\" class=\"aligncenter size-full wp-image-2864\" src=\"https:\/\/www.chinaframe.com\/wp-content\/uploads\/2025\/06\/003-1.jpg\" alt=\"\" width=\"554\" height=\"687\" srcset=\"https:\/\/www.chinaframe.com\/wp-content\/uploads\/2025\/06\/003-1.jpg 554w, https:\/\/www.chinaframe.com\/wp-content\/uploads\/2025\/06\/003-1-242x300.jpg 242w\" sizes=\"(max-width: 554px) 100vw, 554px\" \/> <img loading=\"lazy\" decoding=\"async\" class=\"aligncenter size-full wp-image-2863\" src=\"https:\/\/www.chinaframe.com\/wp-content\/uploads\/2025\/06\/002-1.jpg\" alt=\"\" width=\"857\" height=\"884\" srcset=\"https:\/\/www.chinaframe.com\/wp-content\/uploads\/2025\/06\/002-1.jpg 857w, https:\/\/www.chinaframe.com\/wp-content\/uploads\/2025\/06\/002-1-291x300.jpg 291w, https:\/\/www.chinaframe.com\/wp-content\/uploads\/2025\/06\/002-1-768x792.jpg 768w, https:\/\/www.chinaframe.com\/wp-content\/uploads\/2025\/06\/002-1-600x619.jpg 600w\" sizes=\"(max-width: 857px) 100vw, 857px\" \/> <img loading=\"lazy\" decoding=\"async\" class=\"aligncenter size-full wp-image-2862\" src=\"https:\/\/www.chinaframe.com\/wp-content\/uploads\/2025\/06\/001-1.jpg\" alt=\"\" width=\"839\" height=\"862\" srcset=\"https:\/\/www.chinaframe.com\/wp-content\/uploads\/2025\/06\/001-1.jpg 839w, https:\/\/www.chinaframe.com\/wp-content\/uploads\/2025\/06\/001-1-292x300.jpg 292w, https:\/\/www.chinaframe.com\/wp-content\/uploads\/2025\/06\/001-1-768x789.jpg 768w, https:\/\/www.chinaframe.com\/wp-content\/uploads\/2025\/06\/001-1-600x616.jpg 600w\" sizes=\"(max-width: 839px) 100vw, 839px\" \/> <img loading=\"lazy\" decoding=\"async\" class=\"aligncenter size-full wp-image-2857\" src=\"https:\/\/www.chinaframe.com\/wp-content\/uploads\/2025\/06\/006-1.jpg\" alt=\"\" width=\"530\" height=\"653\" srcset=\"https:\/\/www.chinaframe.com\/wp-content\/uploads\/2025\/06\/006-1.jpg 530w, https:\/\/www.chinaframe.com\/wp-content\/uploads\/2025\/06\/006-1-243x300.jpg 243w\" sizes=\"(max-width: 530px) 100vw, 530px\" \/> <img loading=\"lazy\" decoding=\"async\" class=\"aligncenter size-full wp-image-2856\" src=\"https:\/\/www.chinaframe.com\/wp-content\/uploads\/2025\/06\/005-1.jpg\" alt=\"\" width=\"630\" height=\"736\" srcset=\"https:\/\/www.chinaframe.com\/wp-content\/uploads\/2025\/06\/005-1.jpg 630w, https:\/\/www.chinaframe.com\/wp-content\/uploads\/2025\/06\/005-1-257x300.jpg 257w, https:\/\/www.chinaframe.com\/wp-content\/uploads\/2025\/06\/005-1-600x701.jpg 600w\" sizes=\"(max-width: 630px) 100vw, 630px\" \/> <img loading=\"lazy\" decoding=\"async\" class=\"aligncenter size-full wp-image-2861\" src=\"https:\/\/www.chinaframe.com\/wp-content\/uploads\/2025\/06\/\u7ebf\u6761.jpg\" alt=\"\" width=\"543\" height=\"200\" srcset=\"https:\/\/www.chinaframe.com\/wp-content\/uploads\/2025\/06\/\u7ebf\u6761.jpg 543w, https:\/\/www.chinaframe.com\/wp-content\/uploads\/2025\/06\/\u7ebf\u6761-300x110.jpg 300w\" sizes=\"(max-width: 543px) 100vw, 543px\" \/><img loading=\"lazy\" decoding=\"async\" class=\"aligncenter size-full wp-image-2920\" src=\"https:\/\/www.chinaframe.com\/wp-content\/uploads\/2025\/05\/9999999999.jpg\" alt=\"\" width=\"1162\" height=\"798\" srcset=\"https:\/\/www.chinaframe.com\/wp-content\/uploads\/2025\/05\/9999999999.jpg 1162w, https:\/\/www.chinaframe.com\/wp-content\/uploads\/2025\/05\/9999999999-300x206.jpg 300w, https:\/\/www.chinaframe.com\/wp-content\/uploads\/2025\/05\/9999999999-1024x703.jpg 1024w, https:\/\/www.chinaframe.com\/wp-content\/uploads\/2025\/05\/9999999999-768x527.jpg 768w, https:\/\/www.chinaframe.com\/wp-content\/uploads\/2025\/05\/9999999999-18x12.jpg 18w, https:\/\/www.chinaframe.com\/wp-content\/uploads\/2025\/05\/9999999999-600x412.jpg 600w\" sizes=\"(max-width: 1162px) 100vw, 1162px\" \/> <img loading=\"lazy\" decoding=\"async\" class=\"aligncenter size-full wp-image-2919\" src=\"https:\/\/www.chinaframe.com\/wp-content\/uploads\/2025\/05\/456786.jpg\" alt=\"\" width=\"1154\" height=\"783\" srcset=\"https:\/\/www.chinaframe.com\/wp-content\/uploads\/2025\/05\/456786.jpg 1154w, https:\/\/www.chinaframe.com\/wp-content\/uploads\/2025\/05\/456786-300x204.jpg 300w, https:\/\/www.chinaframe.com\/wp-content\/uploads\/2025\/05\/456786-1024x695.jpg 1024w, https:\/\/www.chinaframe.com\/wp-content\/uploads\/2025\/05\/456786-768x521.jpg 768w, https:\/\/www.chinaframe.com\/wp-content\/uploads\/2025\/05\/456786-18x12.jpg 18w, https:\/\/www.chinaframe.com\/wp-content\/uploads\/2025\/05\/456786-600x407.jpg 600w\" sizes=\"(max-width: 1154px) 100vw, 1154px\" \/><\/p>","protected":false},"excerpt":{"rendered":"<p>Esta l\u00ednea es un peque\u00f1o panel de pared de tira delgada con un ancho de 11 cm, que es adecuado para varias combinaciones. Paneles de pared F11005 PS: Dise\u00f1os ranurados con m\u00e1rmol &amp; Texturas de madera. Paneles de pared de PS, paneles de pared de poliestireno, paneles de pared de sala de estar, paneles de pared de dormitorio, paneles de pared de oficina, paredes de caracter\u00edstica interior. Eleva tu est\u00e9tica interior con nuestros sofisticados paneles de pared F11005 PS, dise\u00f1ados con poliestireno de alta calidad para ofrecer un atractivo visual sorprendente y un rendimiento inigualable. Estos paneles cuentan con un dise\u00f1o de ranura vertical contempor\u00e1neo, mejorado por una variedad de acabados, incluyendo texturas de grano de madera realistas y modelos de m\u00e1rmol de lujo. M\u00e1s all\u00e1 de su encanto decorativo, ofrecen excepcionales propiedades impermeables y resistentes a la humedad, garantizando una durabilidad duradera sin las preocupaciones de los materiales tradicionales. Ligera, f\u00e1cil de instalar y que requiere un m\u00ednimo mantenimiento, la serie F11005 ofrece una soluci\u00f3n ecol\u00f3gica y vers\u00e1til para crear paredes elegantes y resistentes o transformaciones de habitaciones enteras.<\/p>","protected":false},"featured_media":2866,"comment_status":"open","ping_status":"closed","template":"","meta":{"_acf_changed":false},"product_brand":[],"product_cat":[98,113,15,101],"product_tag":[],"class_list":{"0":"post-2855","1":"product","2":"type-product","3":"status-publish","4":"has-post-thumbnail","6":"product_cat-ps","7":"product_cat-ps-wall-panel","8":"product_cat-wall-panel","9":"product_cat-width","11":"first","12":"instock","13":"shipping-taxable","14":"product-type-simple"},"acf":[],"_links":{"self":[{"href":"https:\/\/www.chinaframe.com\/es\/wp-json\/wp\/v2\/product\/2855","targetHints":{"allow":["GET"]}}],"collection":[{"href":"https:\/\/www.chinaframe.com\/es\/wp-json\/wp\/v2\/product"}],"about":[{"href":"https:\/\/www.chinaframe.com\/es\/wp-json\/wp\/v2\/types\/product"}],"replies":[{"embeddable":true,"href":"https:\/\/www.chinaframe.com\/es\/wp-json\/wp\/v2\/comments?post=2855"}],"wp:featuredmedia":[{"embeddable":true,"href":"https:\/\/www.chinaframe.com\/es\/wp-json\/wp\/v2\/media\/2866"}],"wp:attachment":[{"href":"https:\/\/www.chinaframe.com\/es\/wp-json\/wp\/v2\/media?parent=2855"}],"wp:term":[{"taxonomy":"product_brand","embeddable":true,"href":"https:\/\/www.chinaframe.com\/es\/wp-json\/wp\/v2\/product_brand?post=2855"},{"taxonomy":"product_cat","embeddable":true,"href":"https:\/\/www.chinaframe.com\/es\/wp-json\/wp\/v2\/product_cat?post=2855"},{"taxonomy":"product_tag","embeddable":true,"href":"https:\/\/www.chinaframe.com\/es\/wp-json\/wp\/v2\/product_tag?post=2855"}],"curies":[{"name":"WP","href":"https:\/\/api.w.org\/{rel}","templated":true}]}}