{"id":2812,"date":"2025-06-07T09:12:31","date_gmt":"2025-06-07T01:12:31","guid":{"rendered":"https:\/\/www.chinaframe.com\/?post_type=product&#038;p=2812"},"modified":"2025-06-27T16:56:18","modified_gmt":"2025-06-27T08:56:18","slug":"wpc-wall-panel-wp15001","status":"publish","type":"product","link":"https:\/\/www.chinaframe.com\/es\/product\/wpc-wall-panel-wp15001\/","title":{"rendered":"PANEL DE PARED WPC WP15001"},"content":{"rendered":"<p><img fetchpriority=\"high\" decoding=\"async\" class=\"aligncenter size-full wp-image-2821\" src=\"https:\/\/www.chinaframe.com\/wp-content\/uploads\/2025\/06\/\u6355\u83b7-1.jpg\" alt=\"\" width=\"1133\" height=\"853\" srcset=\"https:\/\/www.chinaframe.com\/wp-content\/uploads\/2025\/06\/\u6355\u83b7-1.jpg 1133w, https:\/\/www.chinaframe.com\/wp-content\/uploads\/2025\/06\/\u6355\u83b7-1-300x226.jpg 300w, https:\/\/www.chinaframe.com\/wp-content\/uploads\/2025\/06\/\u6355\u83b7-1-1024x771.jpg 1024w, https:\/\/www.chinaframe.com\/wp-content\/uploads\/2025\/06\/\u6355\u83b7-1-768x578.jpg 768w, https:\/\/www.chinaframe.com\/wp-content\/uploads\/2025\/06\/\u6355\u83b7-1-600x452.jpg 600w\" sizes=\"(max-width: 1133px) 100vw, 1133px\" \/> <img decoding=\"async\" class=\"aligncenter size-full wp-image-2822\" src=\"https:\/\/www.chinaframe.com\/wp-content\/uploads\/2025\/06\/\u6a2a\u622a\u9762.jpg\" alt=\"\" width=\"1061\" height=\"216\" srcset=\"https:\/\/www.chinaframe.com\/wp-content\/uploads\/2025\/06\/\u6a2a\u622a\u9762.jpg 1061w, https:\/\/www.chinaframe.com\/wp-content\/uploads\/2025\/06\/\u6a2a\u622a\u9762-300x61.jpg 300w, https:\/\/www.chinaframe.com\/wp-content\/uploads\/2025\/06\/\u6a2a\u622a\u9762-1024x208.jpg 1024w, https:\/\/www.chinaframe.com\/wp-content\/uploads\/2025\/06\/\u6a2a\u622a\u9762-768x156.jpg 768w, https:\/\/www.chinaframe.com\/wp-content\/uploads\/2025\/06\/\u6a2a\u622a\u9762-600x122.jpg 600w\" sizes=\"(max-width: 1061px) 100vw, 1061px\" \/> <img decoding=\"async\" class=\"aligncenter size-full wp-image-2813\" src=\"https:\/\/www.chinaframe.com\/wp-content\/uploads\/2025\/06\/1.jpg\" alt=\"\" width=\"547\" height=\"681\" srcset=\"https:\/\/www.chinaframe.com\/wp-content\/uploads\/2025\/06\/1.jpg 547w, https:\/\/www.chinaframe.com\/wp-content\/uploads\/2025\/06\/1-241x300.jpg 241w\" sizes=\"(max-width: 547px) 100vw, 547px\" \/> <img loading=\"lazy\" decoding=\"async\" class=\"aligncenter size-full wp-image-2814\" src=\"https:\/\/www.chinaframe.com\/wp-content\/uploads\/2025\/06\/2.jpg\" alt=\"\" width=\"575\" height=\"669\" srcset=\"https:\/\/www.chinaframe.com\/wp-content\/uploads\/2025\/06\/2.jpg 575w, https:\/\/www.chinaframe.com\/wp-content\/uploads\/2025\/06\/2-258x300.jpg 258w\" sizes=\"(max-width: 575px) 100vw, 575px\" \/> <img loading=\"lazy\" decoding=\"async\" class=\"aligncenter size-full wp-image-2815\" src=\"https:\/\/www.chinaframe.com\/wp-content\/uploads\/2025\/06\/3.jpg\" alt=\"\" width=\"611\" height=\"653\" srcset=\"https:\/\/www.chinaframe.com\/wp-content\/uploads\/2025\/06\/3.jpg 611w, https:\/\/www.chinaframe.com\/wp-content\/uploads\/2025\/06\/3-281x300.jpg 281w, https:\/\/www.chinaframe.com\/wp-content\/uploads\/2025\/06\/3-600x641.jpg 600w\" sizes=\"(max-width: 611px) 100vw, 611px\" \/> <img loading=\"lazy\" decoding=\"async\" class=\"aligncenter size-full wp-image-2816\" src=\"https:\/\/www.chinaframe.com\/wp-content\/uploads\/2025\/06\/4.jpg\" alt=\"\" width=\"588\" height=\"676\" srcset=\"https:\/\/www.chinaframe.com\/wp-content\/uploads\/2025\/06\/4.jpg 588w, https:\/\/www.chinaframe.com\/wp-content\/uploads\/2025\/06\/4-261x300.jpg 261w\" sizes=\"(max-width: 588px) 100vw, 588px\" \/> <img loading=\"lazy\" decoding=\"async\" class=\"aligncenter size-full wp-image-2820\" src=\"https:\/\/www.chinaframe.com\/wp-content\/uploads\/2025\/06\/8.jpg\" alt=\"\" width=\"570\" height=\"658\" srcset=\"https:\/\/www.chinaframe.com\/wp-content\/uploads\/2025\/06\/8.jpg 570w, https:\/\/www.chinaframe.com\/wp-content\/uploads\/2025\/06\/8-260x300.jpg 260w\" sizes=\"(max-width: 570px) 100vw, 570px\" \/> <img loading=\"lazy\" decoding=\"async\" class=\"aligncenter size-full wp-image-2819\" src=\"https:\/\/www.chinaframe.com\/wp-content\/uploads\/2025\/06\/7.jpg\" alt=\"\" width=\"623\" height=\"684\" srcset=\"https:\/\/www.chinaframe.com\/wp-content\/uploads\/2025\/06\/7.jpg 623w, https:\/\/www.chinaframe.com\/wp-content\/uploads\/2025\/06\/7-273x300.jpg 273w, https:\/\/www.chinaframe.com\/wp-content\/uploads\/2025\/06\/7-600x659.jpg 600w\" sizes=\"(max-width: 623px) 100vw, 623px\" \/> <img loading=\"lazy\" decoding=\"async\" class=\"aligncenter size-full wp-image-2818\" src=\"https:\/\/www.chinaframe.com\/wp-content\/uploads\/2025\/06\/6.jpg\" alt=\"\" width=\"582\" height=\"673\" srcset=\"https:\/\/www.chinaframe.com\/wp-content\/uploads\/2025\/06\/6.jpg 582w, https:\/\/www.chinaframe.com\/wp-content\/uploads\/2025\/06\/6-259x300.jpg 259w\" sizes=\"(max-width: 582px) 100vw, 582px\" \/><\/p>","protected":false},"excerpt":{"rendered":"<p>L\u00edneas curvas cl\u00e1sicas, adecuadas para la mayor\u00eda de los estilos de decoraci\u00f3n. Paneles de pared de WPC con ranuras redondas: revestimiento interior texturizado. Paneles de pared de WPC con ranuras redondas: revestimiento interior texturizado. Introduzca un toque de textura sofisticada a sus interiores con nuestros innovadores paneles de pared redondos con ranuras WPC.<br \/>\nCon una anchura \u00f3ptima de 150 mm y un grosor de 18 mm, estos paneles compuestos madera-pl\u00e1stico mezclan la calidez org\u00e1nica de la madera con la durabilidad avanzada de la tecnolog\u00eda de pol\u00edmeros. El perfil medio redondo distintivo crea un juego cautivador de luz y sombra, agregando un inter\u00e9s visual din\u00e1mico a cualquier pared.<br \/>\nM\u00e1s all\u00e1 de su atractivo est\u00e9tico, estos paneles ofrecen una resistencia superior a la humedad, la deformaci\u00f3n y los impactos, garantizando una belleza duradera con un m\u00ednimo mantenimiento.<br \/>\nUna soluci\u00f3n ecol\u00f3gica y sencilla de instalar, son perfectas para crear elegantes paredes de acento o transformaciones de habitaciones completas en entornos residenciales y comerciales.<\/p>","protected":false},"featured_media":2823,"comment_status":"open","ping_status":"closed","template":"","meta":{"_acf_changed":false},"product_brand":[],"product_cat":[117,15,101,100,116],"product_tag":[],"class_list":{"0":"post-2812","1":"product","2":"type-product","3":"status-publish","4":"has-post-thumbnail","6":"product_cat-150mm","7":"product_cat-wall-panel","8":"product_cat-width","9":"product_cat-wpc","10":"product_cat-wpc-wall-panel","12":"first","13":"instock","14":"shipping-taxable","15":"product-type-simple"},"acf":[],"_links":{"self":[{"href":"https:\/\/www.chinaframe.com\/es\/wp-json\/wp\/v2\/product\/2812","targetHints":{"allow":["GET"]}}],"collection":[{"href":"https:\/\/www.chinaframe.com\/es\/wp-json\/wp\/v2\/product"}],"about":[{"href":"https:\/\/www.chinaframe.com\/es\/wp-json\/wp\/v2\/types\/product"}],"replies":[{"embeddable":true,"href":"https:\/\/www.chinaframe.com\/es\/wp-json\/wp\/v2\/comments?post=2812"}],"wp:featuredmedia":[{"embeddable":true,"href":"https:\/\/www.chinaframe.com\/es\/wp-json\/wp\/v2\/media\/2823"}],"wp:attachment":[{"href":"https:\/\/www.chinaframe.com\/es\/wp-json\/wp\/v2\/media?parent=2812"}],"wp:term":[{"taxonomy":"product_brand","embeddable":true,"href":"https:\/\/www.chinaframe.com\/es\/wp-json\/wp\/v2\/product_brand?post=2812"},{"taxonomy":"product_cat","embeddable":true,"href":"https:\/\/www.chinaframe.com\/es\/wp-json\/wp\/v2\/product_cat?post=2812"},{"taxonomy":"product_tag","embeddable":true,"href":"https:\/\/www.chinaframe.com\/es\/wp-json\/wp\/v2\/product_tag?post=2812"}],"curies":[{"name":"WP","href":"https:\/\/api.w.org\/{rel}","templated":true}]}}