{"id":2795,"date":"2025-06-07T08:15:37","date_gmt":"2025-06-07T00:15:37","guid":{"rendered":"https:\/\/www.chinaframe.com\/?post_type=product&#038;p=2795"},"modified":"2025-06-27T16:27:17","modified_gmt":"2025-06-27T08:27:17","slug":"wpc-wall-panel-wp16702","status":"publish","type":"product","link":"https:\/\/www.chinaframe.com\/es\/product\/wpc-wall-panel-wp16702\/","title":{"rendered":"PANEL DE PARED WPC WP16702"},"content":{"rendered":"<p><img fetchpriority=\"high\" decoding=\"async\" class=\"aligncenter size-full wp-image-2799\" src=\"https:\/\/www.chinaframe.com\/wp-content\/uploads\/2025\/06\/\u7a7a\u95f4\u56fe.jpg\" alt=\"\" width=\"853\" height=\"653\" srcset=\"https:\/\/www.chinaframe.com\/wp-content\/uploads\/2025\/06\/\u7a7a\u95f4\u56fe.jpg 853w, https:\/\/www.chinaframe.com\/wp-content\/uploads\/2025\/06\/\u7a7a\u95f4\u56fe-300x230.jpg 300w, https:\/\/www.chinaframe.com\/wp-content\/uploads\/2025\/06\/\u7a7a\u95f4\u56fe-768x588.jpg 768w, https:\/\/www.chinaframe.com\/wp-content\/uploads\/2025\/06\/\u7a7a\u95f4\u56fe-600x459.jpg 600w\" sizes=\"(max-width: 853px) 100vw, 853px\" \/><img decoding=\"async\" class=\"aligncenter size-full wp-image-2801\" src=\"https:\/\/www.chinaframe.com\/wp-content\/uploads\/2025\/06\/MJA0001.jpg\" alt=\"\" width=\"344\" height=\"622\" srcset=\"https:\/\/www.chinaframe.com\/wp-content\/uploads\/2025\/06\/MJA0001.jpg 344w, https:\/\/www.chinaframe.com\/wp-content\/uploads\/2025\/06\/MJA0001-166x300.jpg 166w\" sizes=\"(max-width: 344px) 100vw, 344px\" \/> <img decoding=\"async\" class=\"aligncenter size-full wp-image-2802\" src=\"https:\/\/www.chinaframe.com\/wp-content\/uploads\/2025\/06\/MJA0002.jpg\" alt=\"\" width=\"342\" height=\"642\" srcset=\"https:\/\/www.chinaframe.com\/wp-content\/uploads\/2025\/06\/MJA0002.jpg 342w, https:\/\/www.chinaframe.com\/wp-content\/uploads\/2025\/06\/MJA0002-160x300.jpg 160w\" sizes=\"(max-width: 342px) 100vw, 342px\" \/> <img loading=\"lazy\" decoding=\"async\" class=\"aligncenter size-full wp-image-2803\" src=\"https:\/\/www.chinaframe.com\/wp-content\/uploads\/2025\/06\/MJA0003.jpg\" alt=\"\" width=\"352\" height=\"636\" srcset=\"https:\/\/www.chinaframe.com\/wp-content\/uploads\/2025\/06\/MJA0003.jpg 352w, https:\/\/www.chinaframe.com\/wp-content\/uploads\/2025\/06\/MJA0003-166x300.jpg 166w\" sizes=\"(max-width: 352px) 100vw, 352px\" \/> <img loading=\"lazy\" decoding=\"async\" class=\"aligncenter size-full wp-image-2804\" src=\"https:\/\/www.chinaframe.com\/wp-content\/uploads\/2025\/06\/MJA0004.jpg\" alt=\"\" width=\"343\" height=\"638\" srcset=\"https:\/\/www.chinaframe.com\/wp-content\/uploads\/2025\/06\/MJA0004.jpg 343w, https:\/\/www.chinaframe.com\/wp-content\/uploads\/2025\/06\/MJA0004-161x300.jpg 161w\" sizes=\"(max-width: 343px) 100vw, 343px\" \/> <img loading=\"lazy\" decoding=\"async\" class=\"aligncenter size-full wp-image-2796\" src=\"https:\/\/www.chinaframe.com\/wp-content\/uploads\/2025\/06\/MJA0007.jpg\" alt=\"\" width=\"341\" height=\"640\" srcset=\"https:\/\/www.chinaframe.com\/wp-content\/uploads\/2025\/06\/MJA0007.jpg 341w, https:\/\/www.chinaframe.com\/wp-content\/uploads\/2025\/06\/MJA0007-160x300.jpg 160w\" sizes=\"(max-width: 341px) 100vw, 341px\" \/> <img loading=\"lazy\" decoding=\"async\" class=\"aligncenter size-full wp-image-2797\" src=\"https:\/\/www.chinaframe.com\/wp-content\/uploads\/2025\/06\/MJA0008.jpg\" alt=\"\" width=\"372\" height=\"658\" srcset=\"https:\/\/www.chinaframe.com\/wp-content\/uploads\/2025\/06\/MJA0008.jpg 372w, https:\/\/www.chinaframe.com\/wp-content\/uploads\/2025\/06\/MJA0008-170x300.jpg 170w\" sizes=\"(max-width: 372px) 100vw, 372px\" \/> <img loading=\"lazy\" decoding=\"async\" class=\"aligncenter size-full wp-image-2805\" src=\"https:\/\/www.chinaframe.com\/wp-content\/uploads\/2025\/06\/MJA0005.jpg\" alt=\"\" width=\"368\" height=\"677\" srcset=\"https:\/\/www.chinaframe.com\/wp-content\/uploads\/2025\/06\/MJA0005.jpg 368w, https:\/\/www.chinaframe.com\/wp-content\/uploads\/2025\/06\/MJA0005-163x300.jpg 163w\" sizes=\"(max-width: 368px) 100vw, 368px\" \/> <img loading=\"lazy\" decoding=\"async\" class=\"aligncenter size-full wp-image-2806\" src=\"https:\/\/www.chinaframe.com\/wp-content\/uploads\/2025\/06\/MJA0006.jpg\" alt=\"\" width=\"337\" height=\"632\" srcset=\"https:\/\/www.chinaframe.com\/wp-content\/uploads\/2025\/06\/MJA0006.jpg 337w, https:\/\/www.chinaframe.com\/wp-content\/uploads\/2025\/06\/MJA0006-160x300.jpg 160w\" sizes=\"(max-width: 337px) 100vw, 337px\" \/><\/p>","protected":false},"excerpt":{"rendered":"<p>Este es un panel de pared interior cl\u00e1sico con color de grano de madera rico y panel de pared interior de rejilla de agujero cuadrado largo. Paneles de pared de WPC premium: Decorativo &amp; Revestimiento interior duradero. Paneles de pared WPC, paneles compuestos de pl\u00e1stico de madera, paneles de pared decorativos, revestimiento de pared interior, paneles de pared ranurados. Eleva tu dise\u00f1o interior con nuestros paneles de pared WPC premium, una sofisticada soluci\u00f3n compuesta madera-pl\u00e1stico dise\u00f1ada para un impacto est\u00e9tico y una durabilidad de larga duraci\u00f3n.<br \/>\nEstos paneles combinan perfectamente el atractivo natural de la madera con el rendimiento avanzado de la tecnolog\u00eda de pol\u00edmeros, ofreciendo una resistencia excepcional a la humedad, la deformaci\u00f3n y el desgaste diario. Con un dise\u00f1o distintivo con ranuras o ranuras, introducen una textura din\u00e1mica y una elegancia contempor\u00e1nea a cualquier espacio.<br \/>\nIdeales para paredes de acento, \u00e1reas de caracter\u00edsticas o transformaciones de habitaciones completas, nuestros paneles de pared WPC proporcionan una opci\u00f3n de revestimiento ecol\u00f3gica, de bajo mantenimiento y f\u00e1cil de instalar que redefine las superficies interiores.<\/p>","protected":false},"featured_media":2809,"comment_status":"open","ping_status":"closed","template":"","meta":{"_acf_changed":false},"product_brand":[],"product_cat":[115,95,15,101,100,116],"product_tag":[],"class_list":{"0":"post-2795","1":"product","2":"type-product","3":"status-publish","4":"has-post-thumbnail","6":"product_cat-160mm","7":"product_cat-material","8":"product_cat-wall-panel","9":"product_cat-width","10":"product_cat-wpc","11":"product_cat-wpc-wall-panel","13":"first","14":"instock","15":"shipping-taxable","16":"product-type-simple"},"acf":[],"_links":{"self":[{"href":"https:\/\/www.chinaframe.com\/es\/wp-json\/wp\/v2\/product\/2795","targetHints":{"allow":["GET"]}}],"collection":[{"href":"https:\/\/www.chinaframe.com\/es\/wp-json\/wp\/v2\/product"}],"about":[{"href":"https:\/\/www.chinaframe.com\/es\/wp-json\/wp\/v2\/types\/product"}],"replies":[{"embeddable":true,"href":"https:\/\/www.chinaframe.com\/es\/wp-json\/wp\/v2\/comments?post=2795"}],"wp:featuredmedia":[{"embeddable":true,"href":"https:\/\/www.chinaframe.com\/es\/wp-json\/wp\/v2\/media\/2809"}],"wp:attachment":[{"href":"https:\/\/www.chinaframe.com\/es\/wp-json\/wp\/v2\/media?parent=2795"}],"wp:term":[{"taxonomy":"product_brand","embeddable":true,"href":"https:\/\/www.chinaframe.com\/es\/wp-json\/wp\/v2\/product_brand?post=2795"},{"taxonomy":"product_cat","embeddable":true,"href":"https:\/\/www.chinaframe.com\/es\/wp-json\/wp\/v2\/product_cat?post=2795"},{"taxonomy":"product_tag","embeddable":true,"href":"https:\/\/www.chinaframe.com\/es\/wp-json\/wp\/v2\/product_tag?post=2795"}],"curies":[{"name":"WP","href":"https:\/\/api.w.org\/{rel}","templated":true}]}}