{"id":2732,"date":"2025-05-20T17:08:55","date_gmt":"2025-05-20T09:08:55","guid":{"rendered":"https:\/\/www.chinaframe.com\/?post_type=product&#038;p=2732"},"modified":"2025-12-31T17:26:55","modified_gmt":"2025-12-31T09:26:55","slug":"ps-wall-panel-f16002","status":"publish","type":"product","link":"https:\/\/www.chinaframe.com\/es\/product\/ps-wall-panel-f16002\/","title":{"rendered":"PANEL DE PARED DE PS F16002"},"content":{"rendered":"<p><img fetchpriority=\"high\" decoding=\"async\" class=\"aligncenter size-full wp-image-3079\" src=\"https:\/\/www.chinaframe.com\/wp-content\/uploads\/2025\/05\/\u573a\u666f\u6548\u679c\u56fe110-2.png\" alt=\"\" width=\"1031\" height=\"800\" srcset=\"https:\/\/www.chinaframe.com\/wp-content\/uploads\/2025\/05\/\u573a\u666f\u6548\u679c\u56fe110-2.png 1031w, https:\/\/www.chinaframe.com\/wp-content\/uploads\/2025\/05\/\u573a\u666f\u6548\u679c\u56fe110-2-300x233.png 300w, https:\/\/www.chinaframe.com\/wp-content\/uploads\/2025\/05\/\u573a\u666f\u6548\u679c\u56fe110-2-1024x795.png 1024w, https:\/\/www.chinaframe.com\/wp-content\/uploads\/2025\/05\/\u573a\u666f\u6548\u679c\u56fe110-2-768x596.png 768w, https:\/\/www.chinaframe.com\/wp-content\/uploads\/2025\/05\/\u573a\u666f\u6548\u679c\u56fe110-2-15x12.png 15w, https:\/\/www.chinaframe.com\/wp-content\/uploads\/2025\/05\/\u573a\u666f\u6548\u679c\u56fe110-2-600x466.png 600w\" sizes=\"(max-width: 1031px) 100vw, 1031px\" \/><img decoding=\"async\" class=\"aligncenter size-large wp-image-3078\" src=\"https:\/\/www.chinaframe.com\/wp-content\/uploads\/2025\/05\/F16002-\u7ec4\u5408\u56fe-1024x683.jpg\" alt=\"\" width=\"800\" height=\"534\" srcset=\"https:\/\/www.chinaframe.com\/wp-content\/uploads\/2025\/05\/F16002-\u7ec4\u5408\u56fe-1024x683.jpg 1024w, https:\/\/www.chinaframe.com\/wp-content\/uploads\/2025\/05\/F16002-\u7ec4\u5408\u56fe-300x200.jpg 300w, https:\/\/www.chinaframe.com\/wp-content\/uploads\/2025\/05\/F16002-\u7ec4\u5408\u56fe-768x512.jpg 768w, https:\/\/www.chinaframe.com\/wp-content\/uploads\/2025\/05\/F16002-\u7ec4\u5408\u56fe-1536x1024.jpg 1536w, https:\/\/www.chinaframe.com\/wp-content\/uploads\/2025\/05\/F16002-\u7ec4\u5408\u56fe-2048x1365.jpg 2048w, https:\/\/www.chinaframe.com\/wp-content\/uploads\/2025\/05\/F16002-\u7ec4\u5408\u56fe-18x12.jpg 18w, https:\/\/www.chinaframe.com\/wp-content\/uploads\/2025\/05\/F16002-\u7ec4\u5408\u56fe-600x400.jpg 600w\" sizes=\"(max-width: 800px) 100vw, 800px\" \/><img decoding=\"async\" class=\"size-medium wp-image-3072 alignnone\" src=\"https:\/\/www.chinaframe.com\/wp-content\/uploads\/2025\/05\/F16002-MA31604-1-168x300.jpg\" alt=\"\" width=\"168\" height=\"300\" srcset=\"https:\/\/www.chinaframe.com\/wp-content\/uploads\/2025\/05\/F16002-MA31604-1-168x300.jpg 168w, https:\/\/www.chinaframe.com\/wp-content\/uploads\/2025\/05\/F16002-MA31604-1-574x1024.jpg 574w, https:\/\/www.chinaframe.com\/wp-content\/uploads\/2025\/05\/F16002-MA31604-1-768x1369.jpg 768w, https:\/\/www.chinaframe.com\/wp-content\/uploads\/2025\/05\/F16002-MA31604-1-861x1536.jpg 861w, https:\/\/www.chinaframe.com\/wp-content\/uploads\/2025\/05\/F16002-MA31604-1-1149x2048.jpg 1149w, https:\/\/www.chinaframe.com\/wp-content\/uploads\/2025\/05\/F16002-MA31604-1-7x12.jpg 7w, https:\/\/www.chinaframe.com\/wp-content\/uploads\/2025\/05\/F16002-MA31604-1-600x1070.jpg 600w, https:\/\/www.chinaframe.com\/wp-content\/uploads\/2025\/05\/F16002-MA31604-1-scaled.jpg 1436w\" sizes=\"(max-width: 168px) 100vw, 168px\" \/><img loading=\"lazy\" decoding=\"async\" class=\"size-medium wp-image-3073 alignnone\" src=\"https:\/\/www.chinaframe.com\/wp-content\/uploads\/2025\/05\/F16002-MA31606-168x300.jpg\" alt=\"\" width=\"168\" height=\"300\" srcset=\"https:\/\/www.chinaframe.com\/wp-content\/uploads\/2025\/05\/F16002-MA31606-168x300.jpg 168w, https:\/\/www.chinaframe.com\/wp-content\/uploads\/2025\/05\/F16002-MA31606-574x1024.jpg 574w, https:\/\/www.chinaframe.com\/wp-content\/uploads\/2025\/05\/F16002-MA31606-768x1369.jpg 768w, https:\/\/www.chinaframe.com\/wp-content\/uploads\/2025\/05\/F16002-MA31606-861x1536.jpg 861w, https:\/\/www.chinaframe.com\/wp-content\/uploads\/2025\/05\/F16002-MA31606-1149x2048.jpg 1149w, https:\/\/www.chinaframe.com\/wp-content\/uploads\/2025\/05\/F16002-MA31606-7x12.jpg 7w, https:\/\/www.chinaframe.com\/wp-content\/uploads\/2025\/05\/F16002-MA31606-600x1070.jpg 600w, https:\/\/www.chinaframe.com\/wp-content\/uploads\/2025\/05\/F16002-MA31606-scaled.jpg 1436w\" sizes=\"(max-width: 168px) 100vw, 168px\" \/><img loading=\"lazy\" decoding=\"async\" class=\"size-medium wp-image-3074 alignnone\" src=\"https:\/\/www.chinaframe.com\/wp-content\/uploads\/2025\/05\/F16002-MA31607-168x300.jpg\" alt=\"\" width=\"168\" height=\"300\" srcset=\"https:\/\/www.chinaframe.com\/wp-content\/uploads\/2025\/05\/F16002-MA31607-168x300.jpg 168w, https:\/\/www.chinaframe.com\/wp-content\/uploads\/2025\/05\/F16002-MA31607-574x1024.jpg 574w, https:\/\/www.chinaframe.com\/wp-content\/uploads\/2025\/05\/F16002-MA31607-768x1369.jpg 768w, https:\/\/www.chinaframe.com\/wp-content\/uploads\/2025\/05\/F16002-MA31607-861x1536.jpg 861w, https:\/\/www.chinaframe.com\/wp-content\/uploads\/2025\/05\/F16002-MA31607-1149x2048.jpg 1149w, https:\/\/www.chinaframe.com\/wp-content\/uploads\/2025\/05\/F16002-MA31607-7x12.jpg 7w, https:\/\/www.chinaframe.com\/wp-content\/uploads\/2025\/05\/F16002-MA31607-600x1070.jpg 600w, https:\/\/www.chinaframe.com\/wp-content\/uploads\/2025\/05\/F16002-MA31607-scaled.jpg 1436w\" sizes=\"(max-width: 168px) 100vw, 168px\" \/><img loading=\"lazy\" decoding=\"async\" class=\"size-medium wp-image-3077 alignnone\" src=\"https:\/\/www.chinaframe.com\/wp-content\/uploads\/2025\/05\/F16002-MA31616-168x300.jpg\" alt=\"\" width=\"168\" height=\"300\" srcset=\"https:\/\/www.chinaframe.com\/wp-content\/uploads\/2025\/05\/F16002-MA31616-168x300.jpg 168w, https:\/\/www.chinaframe.com\/wp-content\/uploads\/2025\/05\/F16002-MA31616-574x1024.jpg 574w, https:\/\/www.chinaframe.com\/wp-content\/uploads\/2025\/05\/F16002-MA31616-768x1369.jpg 768w, https:\/\/www.chinaframe.com\/wp-content\/uploads\/2025\/05\/F16002-MA31616-861x1536.jpg 861w, https:\/\/www.chinaframe.com\/wp-content\/uploads\/2025\/05\/F16002-MA31616-1149x2048.jpg 1149w, https:\/\/www.chinaframe.com\/wp-content\/uploads\/2025\/05\/F16002-MA31616-7x12.jpg 7w, https:\/\/www.chinaframe.com\/wp-content\/uploads\/2025\/05\/F16002-MA31616-600x1070.jpg 600w, https:\/\/www.chinaframe.com\/wp-content\/uploads\/2025\/05\/F16002-MA31616-scaled.jpg 1436w\" sizes=\"(max-width: 168px) 100vw, 168px\" \/><img loading=\"lazy\" decoding=\"async\" class=\"size-medium wp-image-3075 alignnone\" src=\"https:\/\/www.chinaframe.com\/wp-content\/uploads\/2025\/05\/F16002-MA31608-168x300.jpg\" alt=\"\" width=\"168\" height=\"300\" srcset=\"https:\/\/www.chinaframe.com\/wp-content\/uploads\/2025\/05\/F16002-MA31608-168x300.jpg 168w, https:\/\/www.chinaframe.com\/wp-content\/uploads\/2025\/05\/F16002-MA31608-574x1024.jpg 574w, https:\/\/www.chinaframe.com\/wp-content\/uploads\/2025\/05\/F16002-MA31608-768x1369.jpg 768w, https:\/\/www.chinaframe.com\/wp-content\/uploads\/2025\/05\/F16002-MA31608-861x1536.jpg 861w, https:\/\/www.chinaframe.com\/wp-content\/uploads\/2025\/05\/F16002-MA31608-1149x2048.jpg 1149w, https:\/\/www.chinaframe.com\/wp-content\/uploads\/2025\/05\/F16002-MA31608-7x12.jpg 7w, https:\/\/www.chinaframe.com\/wp-content\/uploads\/2025\/05\/F16002-MA31608-600x1070.jpg 600w, https:\/\/www.chinaframe.com\/wp-content\/uploads\/2025\/05\/F16002-MA31608-scaled.jpg 1436w\" sizes=\"(max-width: 168px) 100vw, 168px\" \/><img loading=\"lazy\" decoding=\"async\" class=\"size-medium wp-image-3076 alignnone\" src=\"https:\/\/www.chinaframe.com\/wp-content\/uploads\/2025\/05\/F16002-MA31609-168x300.jpg\" alt=\"\" width=\"168\" height=\"300\" srcset=\"https:\/\/www.chinaframe.com\/wp-content\/uploads\/2025\/05\/F16002-MA31609-168x300.jpg 168w, https:\/\/www.chinaframe.com\/wp-content\/uploads\/2025\/05\/F16002-MA31609-574x1024.jpg 574w, https:\/\/www.chinaframe.com\/wp-content\/uploads\/2025\/05\/F16002-MA31609-768x1369.jpg 768w, https:\/\/www.chinaframe.com\/wp-content\/uploads\/2025\/05\/F16002-MA31609-861x1536.jpg 861w, https:\/\/www.chinaframe.com\/wp-content\/uploads\/2025\/05\/F16002-MA31609-1149x2048.jpg 1149w, https:\/\/www.chinaframe.com\/wp-content\/uploads\/2025\/05\/F16002-MA31609-7x12.jpg 7w, https:\/\/www.chinaframe.com\/wp-content\/uploads\/2025\/05\/F16002-MA31609-600x1070.jpg 600w, https:\/\/www.chinaframe.com\/wp-content\/uploads\/2025\/05\/F16002-MA31609-scaled.jpg 1436w\" sizes=\"(max-width: 168px) 100vw, 168px\" \/><\/p>\n<p>&nbsp;<\/p>\n<p><img loading=\"lazy\" decoding=\"async\" class=\"aligncenter size-full wp-image-2920\" src=\"https:\/\/www.chinaframe.com\/wp-content\/uploads\/2025\/05\/9999999999.jpg\" alt=\"\" width=\"1162\" height=\"798\" srcset=\"https:\/\/www.chinaframe.com\/wp-content\/uploads\/2025\/05\/9999999999.jpg 1162w, https:\/\/www.chinaframe.com\/wp-content\/uploads\/2025\/05\/9999999999-300x206.jpg 300w, https:\/\/www.chinaframe.com\/wp-content\/uploads\/2025\/05\/9999999999-1024x703.jpg 1024w, https:\/\/www.chinaframe.com\/wp-content\/uploads\/2025\/05\/9999999999-768x527.jpg 768w, https:\/\/www.chinaframe.com\/wp-content\/uploads\/2025\/05\/9999999999-18x12.jpg 18w, https:\/\/www.chinaframe.com\/wp-content\/uploads\/2025\/05\/9999999999-600x412.jpg 600w\" sizes=\"(max-width: 1162px) 100vw, 1162px\" \/><\/p>\n<p><iframe title=\"El proceso de instalaci\u00f3n de paneles de pared\" width=\"800\" height=\"450\" src=\"https:\/\/www.youtube.com\/embed\/skV8gRv8kCw?feature=oembed\" frameborder=\"0\" allow=\"accelerometer; autoplay; clipboard-write; encrypted-media; gyroscope; picture-in-picture; web-share\" referrerpolicy=\"strict-origin-when-cross-origin\" allowfullscreen><\/iframe><\/p>\n<p><img loading=\"lazy\" decoding=\"async\" class=\"aligncenter size-full wp-image-2919\" src=\"https:\/\/www.chinaframe.com\/wp-content\/uploads\/2025\/05\/456786.jpg\" alt=\"\" width=\"1154\" height=\"783\" srcset=\"https:\/\/www.chinaframe.com\/wp-content\/uploads\/2025\/05\/456786.jpg 1154w, https:\/\/www.chinaframe.com\/wp-content\/uploads\/2025\/05\/456786-300x204.jpg 300w, https:\/\/www.chinaframe.com\/wp-content\/uploads\/2025\/05\/456786-1024x695.jpg 1024w, https:\/\/www.chinaframe.com\/wp-content\/uploads\/2025\/05\/456786-768x521.jpg 768w, https:\/\/www.chinaframe.com\/wp-content\/uploads\/2025\/05\/456786-18x12.jpg 18w, https:\/\/www.chinaframe.com\/wp-content\/uploads\/2025\/05\/456786-600x407.jpg 600w\" sizes=\"(max-width: 1154px) 100vw, 1154px\" \/><\/p>\n<p>&nbsp;<\/p>\n<p>&nbsp;<\/p>\n<p>&nbsp;<\/p>\n<p>&nbsp;<\/p>","protected":false},"excerpt":{"rendered":"<p>Los paneles de pared de PS est\u00e1n hechos de materiales respetuosos con el medio ambiente, libres de formaldeh\u00eddo, metales pesados y otras sustancias da\u00f1inas, y son inofensivos para la salud humana y de los miembros de la familia.<\/p>\n<p>El remojo en agua no se deformar\u00e1 ni moldear\u00e1, y se puede usar en varios escenarios como ba\u00f1os, cocinas y s\u00f3tanos.<\/p>\n<p><span class=\"\">PS<\/span> <span class=\"\">pared<\/span> <span class=\"\">paneles<\/span> <span class=\"\">tienen<\/span> <span class=\"\">a<\/span> <span class=\"\">ancho<\/span> <span class=\"\">gama<\/span> <span class=\"\">de<\/span> <span class=\"\">color<\/span> <span class=\"\">y<\/span> <span class=\"\">textura<\/span> <span class=\"\">opciones<\/span> <span class=\"\">a<\/span> <span class=\"\">Conocerse<\/span> <span class=\"\">diferente<\/span> <span class=\"\">individual<\/span> <span class=\"\">necesidades<\/span><span class=\"\">.<\/span> El W<span class=\"\">hether <\/span>i<span class=\"\">t&#8217;<\/span><span class=\"\">s<\/span> un m<span class=\"\">odern <\/span>m<span class=\"\">inimalista <\/span>s<span class=\"\">Tyle <\/span>o<span class=\"\">r <\/span>un v<span class=\"\">ingesti\u00f3n <\/span>s<span class=\"\">tyle,<\/span> y<span class=\"\">o <\/span>c<span class=\"\">un <\/span>f<span class=\"\">en <\/span>t<span class=\"\">\u00e9l <\/span>r<span class=\"tta_align\">recto <\/span>s<span class=\"\">Tyle.<\/span> <span class=\"\">En<\/span> <span class=\"\">adici\u00f3n<\/span><span class=\"\">,<\/span> <span class=\"\">el<\/span> <span class=\"\">tres<\/span><span class=\"\">&#8211;<\/span><span class=\"\">dimensional<\/span> <span class=\"\">y<\/span> <span class=\"\">estratificado<\/span> <span class=\"\">sentido<\/span> <span class=\"\">de<\/span> <span class=\"\">PS<\/span> <span class=\"\">pared<\/span> <span class=\"\">paneles<\/span> <span class=\"\">puede<\/span> <span class=\"\">bien<\/span> <span class=\"\">reflejar<\/span> <span class=\"\">el<\/span> <span class=\"\">estilo<\/span> <span class=\"\">caracter\u00edsticas<\/span> <span class=\"\">de<\/span> <span class=\"\">el<\/span> <span class=\"\">decoraci\u00f3n<\/span><span class=\"\">.<\/span><\/p>\n<p><span class=\"\" data-bm=\"739\">El<\/span> <span class=\"\" data-bm=\"741\">PS<\/span> <span class=\"\" data-bm=\"743\">pared<\/span> <span class=\"\" data-bm=\"745\">panel<\/span> <span class=\"\" data-bm=\"747\">adopta<\/span> <span class=\"\" data-bm=\"749\">a<\/span> <span class=\"tta_align\" data-bm=\"751\">sin costuras<\/span> <span class=\"\" data-bm=\"753\">empalme<\/span> <span class=\"\" data-bm=\"755\">dise\u00f1o<\/span><span class=\"\" data-bm=\"756\">,<\/span> el <span class=\"\" data-bm=\"758\">instalaci\u00f3n<\/span> <span class=\"\" data-bm=\"760\">proceso<\/span> <span class=\"\" data-bm=\"762\">es<\/span> <span class=\"\" data-bm=\"764\">sencillo<\/span> <span class=\"\" data-bm=\"766\">y<\/span> <span class=\"\" data-bm=\"768\">r\u00e1pido<\/span><span class=\"\" data-bm=\"769\">,<\/span> <span class=\"\" data-bm=\"771\">sin<\/span> <span class=\"\" data-bm=\"773\">el<\/span> <span class=\"\" data-bm=\"775\">necesidad<\/span> para <span class=\"\" data-bm=\"777\">engorroso<\/span> <span class=\"\" data-bm=\"779\">procesos<\/span><span class=\"\" data-bm=\"780\">,<\/span> <span class=\"\" data-bm=\"782\">incluso<\/span> <span class=\"\" data-bm=\"784\">no<\/span><span class=\"\" data-bm=\"785\">&#8211;<\/span><span class=\"\" data-bm=\"786\">profesionales<\/span> <span class=\"\" data-bm=\"788\">puede<\/span> <span class=\"\" data-bm=\"790\">F\u00e1cilmente<\/span> <span class=\"\" data-bm=\"792\">completo<\/span> <span class=\"\" data-bm=\"794\">el<\/span> <span class=\"\" data-bm=\"796\">instalaci\u00f3n<\/span><span class=\"\" data-bm=\"797\">.<\/span><\/p>","protected":false},"featured_media":3071,"comment_status":"open","ping_status":"closed","template":"","meta":{"_acf_changed":false},"product_brand":[],"product_cat":[115,95,98,113,15,101],"product_tag":[],"class_list":{"0":"post-2732","1":"product","2":"type-product","3":"status-publish","4":"has-post-thumbnail","6":"product_cat-160mm","7":"product_cat-material","8":"product_cat-ps","9":"product_cat-ps-wall-panel","10":"product_cat-wall-panel","11":"product_cat-width","13":"first","14":"instock","15":"shipping-taxable","16":"product-type-simple"},"acf":[],"_links":{"self":[{"href":"https:\/\/www.chinaframe.com\/es\/wp-json\/wp\/v2\/product\/2732","targetHints":{"allow":["GET"]}}],"collection":[{"href":"https:\/\/www.chinaframe.com\/es\/wp-json\/wp\/v2\/product"}],"about":[{"href":"https:\/\/www.chinaframe.com\/es\/wp-json\/wp\/v2\/types\/product"}],"replies":[{"embeddable":true,"href":"https:\/\/www.chinaframe.com\/es\/wp-json\/wp\/v2\/comments?post=2732"}],"wp:featuredmedia":[{"embeddable":true,"href":"https:\/\/www.chinaframe.com\/es\/wp-json\/wp\/v2\/media\/3071"}],"wp:attachment":[{"href":"https:\/\/www.chinaframe.com\/es\/wp-json\/wp\/v2\/media?parent=2732"}],"wp:term":[{"taxonomy":"product_brand","embeddable":true,"href":"https:\/\/www.chinaframe.com\/es\/wp-json\/wp\/v2\/product_brand?post=2732"},{"taxonomy":"product_cat","embeddable":true,"href":"https:\/\/www.chinaframe.com\/es\/wp-json\/wp\/v2\/product_cat?post=2732"},{"taxonomy":"product_tag","embeddable":true,"href":"https:\/\/www.chinaframe.com\/es\/wp-json\/wp\/v2\/product_tag?post=2732"}],"curies":[{"name":"WP","href":"https:\/\/api.w.org\/{rel}","templated":true}]}}