{"id":2714,"date":"2025-05-20T14:38:55","date_gmt":"2025-05-20T06:38:55","guid":{"rendered":"https:\/\/www.chinaframe.com\/?post_type=product&#038;p=2714"},"modified":"2025-07-16T16:41:17","modified_gmt":"2025-07-16T08:41:17","slug":"ps-wall-panel-f16004-2","status":"publish","type":"product","link":"https:\/\/www.chinaframe.com\/es\/product\/ps-wall-panel-f16004-2\/","title":{"rendered":"PANEL DE PARED DE PS F16004"},"content":{"rendered":"<p><img fetchpriority=\"high\" decoding=\"async\" class=\"size-full wp-image-2735 aligncenter\" src=\"https:\/\/www.chinaframe.com\/wp-content\/uploads\/2025\/05\/F16004-\u7a7a\u95f4\u56fe.jpg\" alt=\"\" width=\"1136\" height=\"880\" srcset=\"https:\/\/www.chinaframe.com\/wp-content\/uploads\/2025\/05\/F16004-\u7a7a\u95f4\u56fe.jpg 1136w, https:\/\/www.chinaframe.com\/wp-content\/uploads\/2025\/05\/F16004-\u7a7a\u95f4\u56fe-300x232.jpg 300w, https:\/\/www.chinaframe.com\/wp-content\/uploads\/2025\/05\/F16004-\u7a7a\u95f4\u56fe-1024x793.jpg 1024w, https:\/\/www.chinaframe.com\/wp-content\/uploads\/2025\/05\/F16004-\u7a7a\u95f4\u56fe-768x595.jpg 768w, https:\/\/www.chinaframe.com\/wp-content\/uploads\/2025\/05\/F16004-\u7a7a\u95f4\u56fe-600x465.jpg 600w\" sizes=\"(max-width: 1136px) 100vw, 1136px\" \/><img decoding=\"async\" class=\"aligncenter size-full wp-image-2736\" src=\"https:\/\/www.chinaframe.com\/wp-content\/uploads\/2025\/05\/F16004-\u6574\u4f53\u56fe.jpg\" alt=\"\" width=\"856\" height=\"632\" srcset=\"https:\/\/www.chinaframe.com\/wp-content\/uploads\/2025\/05\/F16004-\u6574\u4f53\u56fe.jpg 856w, https:\/\/www.chinaframe.com\/wp-content\/uploads\/2025\/05\/F16004-\u6574\u4f53\u56fe-300x221.jpg 300w, https:\/\/www.chinaframe.com\/wp-content\/uploads\/2025\/05\/F16004-\u6574\u4f53\u56fe-768x567.jpg 768w, https:\/\/www.chinaframe.com\/wp-content\/uploads\/2025\/05\/F16004-\u6574\u4f53\u56fe-600x443.jpg 600w\" sizes=\"(max-width: 856px) 100vw, 856px\" \/><img decoding=\"async\" class=\"aligncenter size-full wp-image-2737\" src=\"https:\/\/www.chinaframe.com\/wp-content\/uploads\/2025\/05\/F16004-01.jpg\" alt=\"\" width=\"620\" height=\"696\" srcset=\"https:\/\/www.chinaframe.com\/wp-content\/uploads\/2025\/05\/F16004-01.jpg 620w, https:\/\/www.chinaframe.com\/wp-content\/uploads\/2025\/05\/F16004-01-267x300.jpg 267w, https:\/\/www.chinaframe.com\/wp-content\/uploads\/2025\/05\/F16004-01-600x674.jpg 600w\" sizes=\"(max-width: 620px) 100vw, 620px\" \/><img loading=\"lazy\" decoding=\"async\" class=\"aligncenter size-full wp-image-2738\" src=\"https:\/\/www.chinaframe.com\/wp-content\/uploads\/2025\/05\/F16004-02.jpg\" alt=\"\" width=\"591\" height=\"691\" srcset=\"https:\/\/www.chinaframe.com\/wp-content\/uploads\/2025\/05\/F16004-02.jpg 591w, https:\/\/www.chinaframe.com\/wp-content\/uploads\/2025\/05\/F16004-02-257x300.jpg 257w\" sizes=\"(max-width: 591px) 100vw, 591px\" \/><img loading=\"lazy\" decoding=\"async\" class=\"aligncenter size-full wp-image-2739\" src=\"https:\/\/www.chinaframe.com\/wp-content\/uploads\/2025\/05\/F16004-03.jpg\" alt=\"\" width=\"597\" height=\"689\" srcset=\"https:\/\/www.chinaframe.com\/wp-content\/uploads\/2025\/05\/F16004-03.jpg 597w, https:\/\/www.chinaframe.com\/wp-content\/uploads\/2025\/05\/F16004-03-260x300.jpg 260w\" sizes=\"(max-width: 597px) 100vw, 597px\" \/><img loading=\"lazy\" decoding=\"async\" class=\"aligncenter size-full wp-image-2741\" src=\"https:\/\/www.chinaframe.com\/wp-content\/uploads\/2025\/05\/F16004-05.jpg\" alt=\"\" width=\"601\" height=\"701\" srcset=\"https:\/\/www.chinaframe.com\/wp-content\/uploads\/2025\/05\/F16004-05.jpg 601w, https:\/\/www.chinaframe.com\/wp-content\/uploads\/2025\/05\/F16004-05-257x300.jpg 257w\" sizes=\"(max-width: 601px) 100vw, 601px\" \/><img loading=\"lazy\" decoding=\"async\" class=\"aligncenter size-full wp-image-2733\" src=\"https:\/\/www.chinaframe.com\/wp-content\/uploads\/2025\/05\/F16004-06.jpg\" alt=\"\" width=\"618\" height=\"692\" srcset=\"https:\/\/www.chinaframe.com\/wp-content\/uploads\/2025\/05\/F16004-06.jpg 618w, https:\/\/www.chinaframe.com\/wp-content\/uploads\/2025\/05\/F16004-06-268x300.jpg 268w, https:\/\/www.chinaframe.com\/wp-content\/uploads\/2025\/05\/F16004-06-600x672.jpg 600w\" sizes=\"(max-width: 618px) 100vw, 618px\" \/><img loading=\"lazy\" decoding=\"async\" class=\"aligncenter size-full wp-image-2920\" src=\"https:\/\/www.chinaframe.com\/wp-content\/uploads\/2025\/05\/9999999999.jpg\" alt=\"\" width=\"1162\" height=\"798\" srcset=\"https:\/\/www.chinaframe.com\/wp-content\/uploads\/2025\/05\/9999999999.jpg 1162w, https:\/\/www.chinaframe.com\/wp-content\/uploads\/2025\/05\/9999999999-300x206.jpg 300w, https:\/\/www.chinaframe.com\/wp-content\/uploads\/2025\/05\/9999999999-1024x703.jpg 1024w, https:\/\/www.chinaframe.com\/wp-content\/uploads\/2025\/05\/9999999999-768x527.jpg 768w, https:\/\/www.chinaframe.com\/wp-content\/uploads\/2025\/05\/9999999999-18x12.jpg 18w, https:\/\/www.chinaframe.com\/wp-content\/uploads\/2025\/05\/9999999999-600x412.jpg 600w\" sizes=\"(max-width: 1162px) 100vw, 1162px\" \/> <img loading=\"lazy\" decoding=\"async\" class=\"aligncenter size-full wp-image-2919\" src=\"https:\/\/www.chinaframe.com\/wp-content\/uploads\/2025\/05\/456786.jpg\" alt=\"\" width=\"1154\" height=\"783\" srcset=\"https:\/\/www.chinaframe.com\/wp-content\/uploads\/2025\/05\/456786.jpg 1154w, https:\/\/www.chinaframe.com\/wp-content\/uploads\/2025\/05\/456786-300x204.jpg 300w, https:\/\/www.chinaframe.com\/wp-content\/uploads\/2025\/05\/456786-1024x695.jpg 1024w, https:\/\/www.chinaframe.com\/wp-content\/uploads\/2025\/05\/456786-768x521.jpg 768w, https:\/\/www.chinaframe.com\/wp-content\/uploads\/2025\/05\/456786-18x12.jpg 18w, https:\/\/www.chinaframe.com\/wp-content\/uploads\/2025\/05\/456786-600x407.jpg 600w\" sizes=\"(max-width: 1154px) 100vw, 1154px\" \/><\/p>","protected":false},"excerpt":{"rendered":"<p>Panel de pared PS \u2013 Elegancia ligera para una decoraci\u00f3n interior sin esfuerzo. Los paneles de pared PS ofrecen una soluci\u00f3n elegante, ligera y f\u00e1cil de instalar para la decoraci\u00f3n interior.<br \/>\nHechos de poliestireno duradero, son resistentes a la humedad, de bajo mantenimiento y ideales tanto para espacios residenciales como comerciales.<br \/>\nCon una superficie lisa lista para pintar o personalizar, agregan un toque limpio y moderno a cualquier pared. Con un acabado refinado y moderno y perfil delgado, estos paneles de pared son ideales para crear paredes de acento, o transformaciones de habitaciones completas o renovaci\u00f3n o decoraci\u00f3n del hogar.<br \/>\nDisponible en una variedad de colores y texturas.<br \/>\nHecho de Poliestireno (PS) de alta calidad.<br \/>\nLos paneles son ultraligeros pero fuertes, lo que los hace f\u00e1ciles de manejar e instalar.<br \/>\n100% reciclable y libre de sustancias nocivas.<br \/>\nF\u00e1cil de cortar, recortar y montar con adhesivos o u\u00f1as est\u00e1ndar.<\/p>","protected":false},"featured_media":2742,"comment_status":"open","ping_status":"closed","template":"","meta":{"_acf_changed":false},"product_brand":[],"product_cat":[115,95,98,113,15,101],"product_tag":[],"class_list":{"0":"post-2714","1":"product","2":"type-product","3":"status-publish","4":"has-post-thumbnail","6":"product_cat-160mm","7":"product_cat-material","8":"product_cat-ps","9":"product_cat-ps-wall-panel","10":"product_cat-wall-panel","11":"product_cat-width","13":"first","14":"instock","15":"shipping-taxable","16":"product-type-simple"},"acf":[],"_links":{"self":[{"href":"https:\/\/www.chinaframe.com\/es\/wp-json\/wp\/v2\/product\/2714","targetHints":{"allow":["GET"]}}],"collection":[{"href":"https:\/\/www.chinaframe.com\/es\/wp-json\/wp\/v2\/product"}],"about":[{"href":"https:\/\/www.chinaframe.com\/es\/wp-json\/wp\/v2\/types\/product"}],"replies":[{"embeddable":true,"href":"https:\/\/www.chinaframe.com\/es\/wp-json\/wp\/v2\/comments?post=2714"}],"wp:featuredmedia":[{"embeddable":true,"href":"https:\/\/www.chinaframe.com\/es\/wp-json\/wp\/v2\/media\/2742"}],"wp:attachment":[{"href":"https:\/\/www.chinaframe.com\/es\/wp-json\/wp\/v2\/media?parent=2714"}],"wp:term":[{"taxonomy":"product_brand","embeddable":true,"href":"https:\/\/www.chinaframe.com\/es\/wp-json\/wp\/v2\/product_brand?post=2714"},{"taxonomy":"product_cat","embeddable":true,"href":"https:\/\/www.chinaframe.com\/es\/wp-json\/wp\/v2\/product_cat?post=2714"},{"taxonomy":"product_tag","embeddable":true,"href":"https:\/\/www.chinaframe.com\/es\/wp-json\/wp\/v2\/product_tag?post=2714"}],"curies":[{"name":"WP","href":"https:\/\/api.w.org\/{rel}","templated":true}]}}